{"id":3362,"date":"2017-06-30T00:21:09","date_gmt":"2017-06-29T22:21:09","guid":{"rendered":"http:\/\/szss-nitra.sk\/?page_id=3362"},"modified":"2025-08-20T14:21:50","modified_gmt":"2025-08-20T12:21:50","slug":"poziciavanie-pomocok-5","status":"publish","type":"page","link":"http:\/\/szss-nitra.sk\/?page_id=3362","title":{"rendered":"Po\u017ei\u010diavanie pom\u00f4cok"},"content":{"rendered":"<table style=\"border: none;\">\n<tbody>\n<tr>\n<td style=\"width: 30%; vertical-align: top;\">\n<p><a href=\"http:\/\/szss-nitra.sk\/?page_id=3363\">Kontakt<\/a><\/p>\n<p><a href=\"http:\/\/szss-nitra.sk\/?page_id=3360\">Ako vybavi\u0165<\/a><\/p>\n<p><a href=\"http:\/\/szss-nitra.sk\/?page_id=3359\">Komu poskytujeme<\/a><\/p>\n<p><a href=\"http:\/\/szss-nitra.sk\/?page_id=3361\">\u010cas poskytovania slu\u017eby<\/a><\/p>\n<p><span style=\"color: #333333;\"><strong><a style=\"color: #333333;\" href=\"http:\/\/szss-nitra.sk\/?page_id=3362\">Preh\u013ead pom\u00f4cok a cenn\u00edk<\/a><\/strong><\/span><\/p>\n<p><img loading=\"lazy\" decoding=\"async\" class=\"alignnone size-full wp-image-11080\" src=\"http:\/\/szss-nitra.sk\/wp-content\/uploads\/2023\/11\/menu_ico_pomocky.png\" alt=\"\" width=\"130\" height=\"140\" \/><\/td>\n<td><span style=\"color: #ffffff;\">.<\/span><\/td>\n<td style=\"vertical-align: top; text-align: justify;\">V\u00fd\u0161ka \u00fahrady za po\u017ei\u010danie pom\u00f4cky je stanoven\u00e1 V\u0161eobecne z\u00e1v\u00e4zn\u00fdm nariaden\u00edm Mesta Nitry o\u00a0soci\u00e1lnych slu\u017eb\u00e1ch nasledovne:<\/p>\n<p style=\"text-align: center;\"><strong><a href=\"http:\/\/szss-nitra.sk\/wp-content\/uploads\/2025\/02\/Cennik-poziciavanie-pomocok.pdf\" target=\"_blank\" rel=\"noopener noreferrer\">Cenn\u00edk &#8211; po\u017ei\u010diavanie pom\u00f4cok platn\u00fd od 2.1.2025<\/a><\/strong><\/p>\n<p><a href=\"http:\/\/szss-nitra.sk\/wp-content\/uploads\/2025\/02\/Cennik-poziciavanie-pomocok.pdf\" target=\"_blank\" rel=\"noopener noreferrer\"><img loading=\"lazy\" decoding=\"async\" class=\"aligncenter wp-image-816 size-full\" src=\"http:\/\/szss-nitra.sk\/wp-content\/uploads\/2015\/08\/pdf1-e1633068834887.png\" alt=\"\" width=\"37\" height=\"37\" \/><\/a><\/td>\n<\/tr>\n<\/tbody>\n<\/table>\n","protected":false},"excerpt":{"rendered":"<p>Kontakt Ako vybavi\u0165 Komu poskytujeme \u010cas poskytovania slu\u017eby Preh\u013ead pom\u00f4cok a cenn\u00edk . V\u00fd\u0161ka \u00fahrady za po\u017ei\u010danie pom\u00f4cky je stanoven\u00e1 V\u0161eobecne z\u00e1v\u00e4zn\u00fdm nariaden\u00edm Mesta Nitry o\u00a0soci\u00e1lnych slu\u017eb\u00e1ch nasledovne: Cenn\u00edk &#8211; po\u017ei\u010diavanie pom\u00f4cok platn\u00fd od 2.1.2025<\/p>\n","protected":false},"author":1,"featured_media":0,"parent":3357,"menu_order":0,"comment_status":"closed","ping_status":"closed","template":"","meta":{"footnotes":""},"class_list":["post-3362","page","type-page","status-publish","hentry"],"_links":{"self":[{"href":"http:\/\/szss-nitra.sk\/index.php?rest_route=\/wp\/v2\/pages\/3362","targetHints":{"allow":["GET"]}}],"collection":[{"href":"http:\/\/szss-nitra.sk\/index.php?rest_route=\/wp\/v2\/pages"}],"about":[{"href":"http:\/\/szss-nitra.sk\/index.php?rest_route=\/wp\/v2\/types\/page"}],"author":[{"embeddable":true,"href":"http:\/\/szss-nitra.sk\/index.php?rest_route=\/wp\/v2\/users\/1"}],"replies":[{"embeddable":true,"href":"http:\/\/szss-nitra.sk\/index.php?rest_route=%2Fwp%2Fv2%2Fcomments&post=3362"}],"version-history":[{"count":10,"href":"http:\/\/szss-nitra.sk\/index.php?rest_route=\/wp\/v2\/pages\/3362\/revisions"}],"predecessor-version":[{"id":14827,"href":"http:\/\/szss-nitra.sk\/index.php?rest_route=\/wp\/v2\/pages\/3362\/revisions\/14827"}],"up":[{"embeddable":true,"href":"http:\/\/szss-nitra.sk\/index.php?rest_route=\/wp\/v2\/pages\/3357"}],"wp:attachment":[{"href":"http:\/\/szss-nitra.sk\/index.php?rest_route=%2Fwp%2Fv2%2Fmedia&parent=3362"}],"curies":[{"name":"wp","href":"https:\/\/api.w.org\/{rel}","templated":true}]}}