{"id":3361,"date":"2017-06-30T00:18:54","date_gmt":"2017-06-29T22:18:54","guid":{"rendered":"http:\/\/szss-nitra.sk\/?page_id=3361"},"modified":"2026-02-09T14:17:32","modified_gmt":"2026-02-09T12:17:32","slug":"poziciavanie-pomocok-4","status":"publish","type":"page","link":"http:\/\/szss-nitra.sk\/?page_id=3361","title":{"rendered":"Po\u017ei\u010diavanie pom\u00f4cok"},"content":{"rendered":"<table style=\"border: none;\">\n<tbody>\n<tr>\n<td style=\"width: 30%; vertical-align: top;\"><a href=\"http:\/\/szss-nitra.sk\/?page_id=3363\">Kontakt<\/a><\/p>\n<p><a href=\"http:\/\/szss-nitra.sk\/?page_id=3360\">Ako vybavi\u0165<\/a><\/p>\n<p><a href=\"http:\/\/szss-nitra.sk\/?page_id=3359\">Komu poskytujeme<\/a><\/p>\n<p><span style=\"color: #333333;\"><strong><a style=\"color: #333333;\" href=\"http:\/\/szss-nitra.sk\/?page_id=3361\">\u010cas poskytovania slu\u017eby<\/a><\/strong><\/span><\/p>\n<p><a href=\"http:\/\/szss-nitra.sk\/?page_id=3362\">Preh\u013ead pom\u00f4cok a cenn\u00edk<\/a><\/p>\n<p><img loading=\"lazy\" decoding=\"async\" class=\"alignnone size-full wp-image-11080\" src=\"http:\/\/szss-nitra.sk\/wp-content\/uploads\/2023\/11\/menu_ico_pomocky.png\" alt=\"\" width=\"130\" height=\"140\" \/><\/td>\n<td><span style=\"color: #ffffff;\">.<\/span><\/td>\n<td style=\"vertical-align: top; text-align: justify;\">Po\u017ei\u010diavanie pom\u00f4cok sa poskytuje v pracovn\u00fdch d\u0148och v pracovnom \u010dase od 7,00 hod. do 15,00 hod. v Dome s opatrovate\u013eskou slu\u017ebou, J. Kr\u00e1\u013ea 1046\/2, Nitra.<\/p>\n<p>Pom\u00f4cka sa m\u00f4\u017ee po\u017ei\u010diava\u0165 na dohodnut\u00fd \u010das, najdlh\u0161ie do zabezpe\u010denia pom\u00f4cky na z\u00e1klade verejn\u00e9ho zdravotn\u00e9ho poistenia, formou pe\u0148a\u017en\u00e9ho pr\u00edspevku na zaobstaranie pom\u00f4cky pod\u013ea osobitn\u00e9ho predpisu, z in\u00fdch zdrojov alebo do doby trvania podmienok pre poskytnutie pom\u00f4cky.<\/td>\n<\/tr>\n<\/tbody>\n<\/table>\n","protected":false},"excerpt":{"rendered":"<p>Kontakt Ako vybavi\u0165 Komu poskytujeme \u010cas poskytovania slu\u017eby Preh\u013ead pom\u00f4cok a cenn\u00edk . Po\u017ei\u010diavanie pom\u00f4cok sa poskytuje v pracovn\u00fdch d\u0148och v pracovnom \u010dase od 7,00 hod. do 15,00 hod. v Dome s opatrovate\u013eskou slu\u017ebou, J. Kr\u00e1\u013ea 1046\/2, Nitra. Pom\u00f4cka sa m\u00f4\u017ee po\u017ei\u010diava\u0165 na dohodnut\u00fd \u010das, najdlh\u0161ie do zabezpe\u010denia pom\u00f4cky na z\u00e1klade verejn\u00e9ho zdravotn\u00e9ho poistenia, formou [&hellip;]<\/p>\n","protected":false},"author":1,"featured_media":0,"parent":3357,"menu_order":0,"comment_status":"closed","ping_status":"closed","template":"","meta":{"footnotes":""},"class_list":["post-3361","page","type-page","status-publish","hentry"],"_links":{"self":[{"href":"http:\/\/szss-nitra.sk\/index.php?rest_route=\/wp\/v2\/pages\/3361","targetHints":{"allow":["GET"]}}],"collection":[{"href":"http:\/\/szss-nitra.sk\/index.php?rest_route=\/wp\/v2\/pages"}],"about":[{"href":"http:\/\/szss-nitra.sk\/index.php?rest_route=\/wp\/v2\/types\/page"}],"author":[{"embeddable":true,"href":"http:\/\/szss-nitra.sk\/index.php?rest_route=\/wp\/v2\/users\/1"}],"replies":[{"embeddable":true,"href":"http:\/\/szss-nitra.sk\/index.php?rest_route=%2Fwp%2Fv2%2Fcomments&post=3361"}],"version-history":[{"count":7,"href":"http:\/\/szss-nitra.sk\/index.php?rest_route=\/wp\/v2\/pages\/3361\/revisions"}],"predecessor-version":[{"id":15936,"href":"http:\/\/szss-nitra.sk\/index.php?rest_route=\/wp\/v2\/pages\/3361\/revisions\/15936"}],"up":[{"embeddable":true,"href":"http:\/\/szss-nitra.sk\/index.php?rest_route=\/wp\/v2\/pages\/3357"}],"wp:attachment":[{"href":"http:\/\/szss-nitra.sk\/index.php?rest_route=%2Fwp%2Fv2%2Fmedia&parent=3361"}],"curies":[{"name":"wp","href":"https:\/\/api.w.org\/{rel}","templated":true}]}}