{"id":3360,"date":"2017-06-30T00:18:23","date_gmt":"2017-06-29T22:18:23","guid":{"rendered":"http:\/\/szss-nitra.sk\/?page_id=3360"},"modified":"2025-08-20T14:15:34","modified_gmt":"2025-08-20T12:15:34","slug":"poziciavanie-pomocok-3","status":"publish","type":"page","link":"http:\/\/szss-nitra.sk\/?page_id=3360","title":{"rendered":"Po\u017ei\u010diavanie pom\u00f4cok"},"content":{"rendered":"<table style=\"border: none;\">\n<tbody>\n<tr>\n<td style=\"width: 30%; vertical-align: top;\"><a href=\"http:\/\/szss-nitra.sk\/?page_id=3363\">Kontakt<\/a><\/p>\n<p><span style=\"color: #333333;\"><strong><a style=\"color: #333333;\" href=\"http:\/\/szss-nitra.sk\/?page_id=3360\">Ako vybavi\u0165<\/a><\/strong><\/span><\/p>\n<p><a href=\"http:\/\/szss-nitra.sk\/?page_id=3359\">Komu poskytujeme<\/a><\/p>\n<p><a href=\"http:\/\/szss-nitra.sk\/?page_id=3361\">\u010cas poskytovania slu\u017eby<\/a><\/p>\n<p><a href=\"http:\/\/szss-nitra.sk\/?page_id=3362\">Preh\u013ead pom\u00f4cok a cenn\u00edk<\/a><\/p>\n<p><img loading=\"lazy\" decoding=\"async\" class=\"alignnone size-full wp-image-11080\" src=\"http:\/\/szss-nitra.sk\/wp-content\/uploads\/2023\/11\/menu_ico_pomocky.png\" alt=\"\" width=\"130\" height=\"140\" \/><\/td>\n<td><span style=\"color: #ffffff;\">.<\/span><\/td>\n<td style=\"vertical-align: top; text-align: justify;\">Po\u017ei\u010danie pom\u00f4cky sa vybavuje podan\u00edm <a href=\"http:\/\/szss-nitra.sk\/wp-content\/uploads\/2023\/09\/Ziadost-na-KP2023.pdf\" target=\"_blank\" rel=\"noopener noreferrer\">\u201e\u017diadosti o\u00a0po\u017ei\u010danie pom\u00f4cky\u201c<\/a> na\u00a0 Spr\u00e1vu zariaden\u00ed soci\u00e1lnych slu\u017eieb v Nitre.<\/p>\n<p>Nepriazniv\u00fd zdravotn\u00fd stav sa preukazuje:<\/p>\n<ul>\n<li>potvrden\u00edm poskytovate\u013ea zdravotnej starostlivosti (tla\u010divo je s\u00fa\u010das\u0165ou \u017eiadosti),<\/li>\n<\/ul>\n<p style=\"text-align: center;\">alebo<\/p>\n<ul>\n<li>sa odk\u00e1zanos\u0165 na pom\u00f4cku preukazuje Posudkom vydan\u00fdm \u00daradom pr\u00e1ce soci\u00e1lnych vec\u00ed a rodiny na \u00fa\u010dely kompenz\u00e1cie soci\u00e1lnych d\u00f4sledkov \u0165a\u017ek\u00e9ho zdravotn\u00e9ho postihnutia alebo integrovan\u00fdm posudkom.<\/li>\n<\/ul>\n<p>Po podan\u00ed \u017eiadosti z\u00e1ujemca o po\u017ei\u010danie pom\u00f4cky kontaktuje zamestnanky\u0148u Spr\u00e1vy zariaden\u00ed soci\u00e1lnych slu\u017eieb v Nitre (vi\u010f &#8222;kontakt&#8220;), ktor\u00e1 priprav\u00ed Zmluvu o poskytovan\u00ed soci\u00e1lnej slu\u017eby \u2013 po\u017ei\u010danie pom\u00f4cok a vyd\u00e1 pom\u00f4cku. Pri vydan\u00ed pom\u00f4cky z po\u017ei\u010dovne pom\u00f4cok na ul. J. Kr\u00e1\u013ea 2 v Nitre sa sp\u00ed\u0161e z\u00e1znam o zapo\u017ei\u010dan\u00ed (vydan\u00ed) pom\u00f4cky.<\/td>\n<\/tr>\n<\/tbody>\n<\/table>\n","protected":false},"excerpt":{"rendered":"<p>Kontakt Ako vybavi\u0165 Komu poskytujeme \u010cas poskytovania slu\u017eby Preh\u013ead pom\u00f4cok a cenn\u00edk . Po\u017ei\u010danie pom\u00f4cky sa vybavuje podan\u00edm \u201e\u017diadosti o\u00a0po\u017ei\u010danie pom\u00f4cky\u201c na\u00a0 Spr\u00e1vu zariaden\u00ed soci\u00e1lnych slu\u017eieb v Nitre. Nepriazniv\u00fd zdravotn\u00fd stav sa preukazuje: potvrden\u00edm poskytovate\u013ea zdravotnej starostlivosti (tla\u010divo je s\u00fa\u010das\u0165ou \u017eiadosti), alebo sa odk\u00e1zanos\u0165 na pom\u00f4cku preukazuje Posudkom vydan\u00fdm \u00daradom pr\u00e1ce soci\u00e1lnych vec\u00ed a rodiny [&hellip;]<\/p>\n","protected":false},"author":1,"featured_media":0,"parent":3357,"menu_order":0,"comment_status":"closed","ping_status":"closed","template":"","meta":{"footnotes":""},"class_list":["post-3360","page","type-page","status-publish","hentry"],"_links":{"self":[{"href":"http:\/\/szss-nitra.sk\/index.php?rest_route=\/wp\/v2\/pages\/3360","targetHints":{"allow":["GET"]}}],"collection":[{"href":"http:\/\/szss-nitra.sk\/index.php?rest_route=\/wp\/v2\/pages"}],"about":[{"href":"http:\/\/szss-nitra.sk\/index.php?rest_route=\/wp\/v2\/types\/page"}],"author":[{"embeddable":true,"href":"http:\/\/szss-nitra.sk\/index.php?rest_route=\/wp\/v2\/users\/1"}],"replies":[{"embeddable":true,"href":"http:\/\/szss-nitra.sk\/index.php?rest_route=%2Fwp%2Fv2%2Fcomments&post=3360"}],"version-history":[{"count":18,"href":"http:\/\/szss-nitra.sk\/index.php?rest_route=\/wp\/v2\/pages\/3360\/revisions"}],"predecessor-version":[{"id":14822,"href":"http:\/\/szss-nitra.sk\/index.php?rest_route=\/wp\/v2\/pages\/3360\/revisions\/14822"}],"up":[{"embeddable":true,"href":"http:\/\/szss-nitra.sk\/index.php?rest_route=\/wp\/v2\/pages\/3357"}],"wp:attachment":[{"href":"http:\/\/szss-nitra.sk\/index.php?rest_route=%2Fwp%2Fv2%2Fmedia&parent=3360"}],"curies":[{"name":"wp","href":"https:\/\/api.w.org\/{rel}","templated":true}]}}