{"id":3359,"date":"2017-06-30T00:17:33","date_gmt":"2017-06-29T22:17:33","guid":{"rendered":"http:\/\/szss-nitra.sk\/?page_id=3359"},"modified":"2025-08-20T14:22:14","modified_gmt":"2025-08-20T12:22:14","slug":"poziciavanie-pomocok-2","status":"publish","type":"page","link":"http:\/\/szss-nitra.sk\/?page_id=3359","title":{"rendered":"Po\u017ei\u010diavanie pom\u00f4cok"},"content":{"rendered":"<table style=\"border: none;\">\n<tbody>\n<tr>\n<td style=\"width: 30%; vertical-align: top;\">\n<p><a href=\"http:\/\/szss-nitra.sk\/?page_id=3363\">Kontakt<\/a><\/p>\n<p><a href=\"http:\/\/szss-nitra.sk\/?page_id=3360\">Ako vybavi\u0165<\/a><\/p>\n<p><span style=\"color: #333333;\"><strong><a style=\"color: #333333;\" href=\"http:\/\/szss-nitra.sk\/?page_id=3359\">Komu poskytujeme<\/a><\/strong><\/span><\/p>\n<p><a href=\"http:\/\/szss-nitra.sk\/?page_id=3361\">\u010cas poskytovania slu\u017eby<\/a><\/p>\n<p><a href=\"http:\/\/szss-nitra.sk\/?page_id=3362\">Preh\u013ead pom\u00f4cok a cenn\u00edk<\/a><\/p>\n<p><img loading=\"lazy\" decoding=\"async\" class=\"alignnone size-full wp-image-11080\" src=\"http:\/\/szss-nitra.sk\/wp-content\/uploads\/2023\/11\/menu_ico_pomocky.png\" alt=\"\" width=\"130\" height=\"140\" \/><\/td>\n<td><span style=\"color: #ffffff;\">.<\/span><\/td>\n<td style=\"vertical-align: top; text-align: justify;\">\n<ul>\n<li>Ob\u010danovi s trval\u00fdm pobytom na \u00fazem\u00ed mesta Nitra s nepriazniv\u00fdm zdravotn\u00fdm stavom, ak po\u017ei\u010danie pom\u00f4cky m\u00f4\u017ee zmierni\u0165 d\u00f4sledky nepriazniv\u00e9ho zdravotn\u00e9ho stavu.<\/li>\n<\/ul>\n<\/td>\n<\/tr>\n<\/tbody>\n<\/table>\n","protected":false},"excerpt":{"rendered":"<p>Kontakt Ako vybavi\u0165 Komu poskytujeme \u010cas poskytovania slu\u017eby Preh\u013ead pom\u00f4cok a cenn\u00edk . Ob\u010danovi s trval\u00fdm pobytom na \u00fazem\u00ed mesta Nitra s nepriazniv\u00fdm zdravotn\u00fdm stavom, ak po\u017ei\u010danie pom\u00f4cky m\u00f4\u017ee zmierni\u0165 d\u00f4sledky nepriazniv\u00e9ho zdravotn\u00e9ho stavu.<\/p>\n","protected":false},"author":1,"featured_media":0,"parent":3357,"menu_order":0,"comment_status":"closed","ping_status":"closed","template":"","meta":{"footnotes":""},"class_list":["post-3359","page","type-page","status-publish","hentry"],"_links":{"self":[{"href":"http:\/\/szss-nitra.sk\/index.php?rest_route=\/wp\/v2\/pages\/3359","targetHints":{"allow":["GET"]}}],"collection":[{"href":"http:\/\/szss-nitra.sk\/index.php?rest_route=\/wp\/v2\/pages"}],"about":[{"href":"http:\/\/szss-nitra.sk\/index.php?rest_route=\/wp\/v2\/types\/page"}],"author":[{"embeddable":true,"href":"http:\/\/szss-nitra.sk\/index.php?rest_route=\/wp\/v2\/users\/1"}],"replies":[{"embeddable":true,"href":"http:\/\/szss-nitra.sk\/index.php?rest_route=%2Fwp%2Fv2%2Fcomments&post=3359"}],"version-history":[{"count":6,"href":"http:\/\/szss-nitra.sk\/index.php?rest_route=\/wp\/v2\/pages\/3359\/revisions"}],"predecessor-version":[{"id":14828,"href":"http:\/\/szss-nitra.sk\/index.php?rest_route=\/wp\/v2\/pages\/3359\/revisions\/14828"}],"up":[{"embeddable":true,"href":"http:\/\/szss-nitra.sk\/index.php?rest_route=\/wp\/v2\/pages\/3357"}],"wp:attachment":[{"href":"http:\/\/szss-nitra.sk\/index.php?rest_route=%2Fwp%2Fv2%2Fmedia&parent=3359"}],"curies":[{"name":"wp","href":"https:\/\/api.w.org\/{rel}","templated":true}]}}