{"id":3357,"date":"2017-06-30T00:16:16","date_gmt":"2017-06-29T22:16:16","guid":{"rendered":"http:\/\/szss-nitra.sk\/?page_id=3357"},"modified":"2025-08-20T14:09:08","modified_gmt":"2025-08-20T12:09:08","slug":"poziciavanie-pomocok","status":"publish","type":"page","link":"http:\/\/szss-nitra.sk\/?page_id=3357","title":{"rendered":"Po\u017ei\u010diavanie pom\u00f4cok"},"content":{"rendered":"<table style=\"border: none;\">\n<tbody>\n<tr>\n<td style=\"width: 30%; vertical-align: top;\"><a href=\"http:\/\/szss-nitra.sk\/?page_id=3363\">Kontakt<\/a><\/p>\n<p><a href=\"http:\/\/szss-nitra.sk\/?page_id=3360\">Ako vybavi\u0165<\/a><\/p>\n<p><a href=\"http:\/\/szss-nitra.sk\/?page_id=3359\">Komu poskytujeme<\/a><\/p>\n<p><a href=\"http:\/\/szss-nitra.sk\/?page_id=3361\">\u010cas poskytovania slu\u017eby<\/a><\/p>\n<p><a href=\"http:\/\/szss-nitra.sk\/?page_id=3362\">Preh\u013ead pom\u00f4cok a cenn\u00edk<\/a><\/p>\n<p><img loading=\"lazy\" decoding=\"async\" class=\"alignnone size-full wp-image-11080\" src=\"http:\/\/szss-nitra.sk\/wp-content\/uploads\/2023\/11\/menu_ico_pomocky.png\" alt=\"\" width=\"130\" height=\"140\" \/><\/td>\n<td><span style=\"color: #ffffff;\">.<\/span><\/td>\n<td style=\"vertical-align: top; text-align: justify;\">Po\u017ei\u010diavanie pom\u00f4cok je soci\u00e1lna slu\u017eba poskytovan\u00e1 fyzickej osobe s nepriazniv\u00fdm zdravotn\u00fdm stavom, ak po\u017ei\u010danie pom\u00f4cky m\u00f4\u017ee zmierni\u0165 d\u00f4sledky nepriazniv\u00e9ho zdravotn\u00e9ho stavu. Soci\u00e1lnu slu\u017ebu po\u017ei\u010diavanie pom\u00f4cok poskytujeme s cie\u013eom:<\/p>\n<ul>\n<li>zmierni\u0165 soci\u00e1lne d\u00f4sledky zdravotn\u00e9ho postihnutia a nepriazniv\u00e9ho zdravotn\u00e9ho stavu,<\/li>\n<li>zlep\u0161i\u0165 kvalitu \u017eivota prij\u00edmate\u013ea soci\u00e1lnej slu\u017eby.<\/li>\n<\/ul>\n<\/td>\n<\/tr>\n<\/tbody>\n<\/table>\n","protected":false},"excerpt":{"rendered":"<p>Kontakt Ako vybavi\u0165 Komu poskytujeme \u010cas poskytovania slu\u017eby Preh\u013ead pom\u00f4cok a cenn\u00edk . Po\u017ei\u010diavanie pom\u00f4cok je soci\u00e1lna slu\u017eba poskytovan\u00e1 fyzickej osobe s nepriazniv\u00fdm zdravotn\u00fdm stavom, ak po\u017ei\u010danie pom\u00f4cky m\u00f4\u017ee zmierni\u0165 d\u00f4sledky nepriazniv\u00e9ho zdravotn\u00e9ho stavu. Soci\u00e1lnu slu\u017ebu po\u017ei\u010diavanie pom\u00f4cok poskytujeme s cie\u013eom: zmierni\u0165 soci\u00e1lne d\u00f4sledky zdravotn\u00e9ho postihnutia a nepriazniv\u00e9ho zdravotn\u00e9ho stavu, zlep\u0161i\u0165 kvalitu \u017eivota prij\u00edmate\u013ea soci\u00e1lnej [&hellip;]<\/p>\n","protected":false},"author":1,"featured_media":0,"parent":0,"menu_order":0,"comment_status":"closed","ping_status":"closed","template":"","meta":{"footnotes":""},"class_list":["post-3357","page","type-page","status-publish","hentry"],"_links":{"self":[{"href":"http:\/\/szss-nitra.sk\/index.php?rest_route=\/wp\/v2\/pages\/3357","targetHints":{"allow":["GET"]}}],"collection":[{"href":"http:\/\/szss-nitra.sk\/index.php?rest_route=\/wp\/v2\/pages"}],"about":[{"href":"http:\/\/szss-nitra.sk\/index.php?rest_route=\/wp\/v2\/types\/page"}],"author":[{"embeddable":true,"href":"http:\/\/szss-nitra.sk\/index.php?rest_route=\/wp\/v2\/users\/1"}],"replies":[{"embeddable":true,"href":"http:\/\/szss-nitra.sk\/index.php?rest_route=%2Fwp%2Fv2%2Fcomments&post=3357"}],"version-history":[{"count":8,"href":"http:\/\/szss-nitra.sk\/index.php?rest_route=\/wp\/v2\/pages\/3357\/revisions"}],"predecessor-version":[{"id":14819,"href":"http:\/\/szss-nitra.sk\/index.php?rest_route=\/wp\/v2\/pages\/3357\/revisions\/14819"}],"wp:attachment":[{"href":"http:\/\/szss-nitra.sk\/index.php?rest_route=%2Fwp%2Fv2%2Fmedia&parent=3357"}],"curies":[{"name":"wp","href":"https:\/\/api.w.org\/{rel}","templated":true}]}}