{"id":3326,"date":"2017-06-29T23:25:08","date_gmt":"2017-06-29T21:25:08","guid":{"rendered":"http:\/\/szss-nitra.sk\/?page_id=3326"},"modified":"2025-07-04T14:12:11","modified_gmt":"2025-07-04T12:12:11","slug":"prepravna-sluzba","status":"publish","type":"page","link":"http:\/\/szss-nitra.sk\/?page_id=3326","title":{"rendered":"Prepravn\u00e1 slu\u017eba"},"content":{"rendered":"<table style=\"border: none;\">\n<tbody>\n<tr>\n<td style=\"width: 30%; vertical-align: top;\"><a href=\"http:\/\/szss-nitra.sk\/?page_id=3325\">Komu je ur\u010den\u00e1<\/a><\/p>\n<p><a href=\"http:\/\/szss-nitra.sk\/?page_id=3286\">Ako vybavi\u0165<\/a><\/p>\n<p><a href=\"http:\/\/szss-nitra.sk\/?page_id=3288\">\u010cas poskytovania slu\u017eby<\/a><\/p>\n<p><a href=\"http:\/\/szss-nitra.sk\/?page_id=3327\">Legislat\u00edva<\/a><\/p>\n<p><a href=\"http:\/\/szss-nitra.sk\/?page_id=3291\">Cenn\u00edk<\/a><\/p>\n<p><a href=\"http:\/\/szss-nitra.sk\/?page_id=3284\">Kontakt<\/a><\/p>\n<p><a href=\"http:\/\/szss-nitra.sk\/?page_id=14509\">Povedali o n\u00e1s<\/a><\/p>\n<p><strong><a href=\"http:\/\/szss-nitra.sk\/?page_id=3326\">Fotogal\u00e9ria<\/a><\/strong><\/p>\n<p><img loading=\"lazy\" decoding=\"async\" class=\"alignnone size-full wp-image-10606\" src=\"http:\/\/szss-nitra.sk\/wp-content\/uploads\/2023\/10\/menu_ico_taxik.png\" alt=\"\" width=\"150\" height=\"100\" \/><\/td>\n<td><span style=\"color: #ffffff;\">.<\/span><\/td>\n<td style=\"vertical-align: top; text-align: jusify;\">Fotografie automobilov, prostredn\u00edctvom ktor\u00fdch je realizovan\u00e1 preprava prij\u00edmate\u013eov soci\u00e1lnej slu\u017eby<\/p>\n<p><a href=\"http:\/\/szss-nitra.sk\/wp-content\/uploads\/2024\/03\/IMG_20231031_105536980_HDR-scaled.jpg\"><img loading=\"lazy\" decoding=\"async\" class=\"alignnone size-thumbnail wp-image-11917\" src=\"http:\/\/szss-nitra.sk\/wp-content\/uploads\/2024\/03\/IMG_20231031_105536980_HDR-100x100.jpg\" alt=\"\" width=\"100\" height=\"100\" \/><\/a> <a href=\"http:\/\/szss-nitra.sk\/wp-content\/uploads\/2024\/03\/IMG_20231031_105039292_HDR-scaled.jpg\"><img loading=\"lazy\" decoding=\"async\" class=\"alignnone size-thumbnail wp-image-11916\" src=\"http:\/\/szss-nitra.sk\/wp-content\/uploads\/2024\/03\/IMG_20231031_105039292_HDR-100x100.jpg\" alt=\"\" width=\"100\" height=\"100\" \/><\/a> <a href=\"http:\/\/szss-nitra.sk\/wp-content\/uploads\/2021\/12\/IMG_20211223_090519341_HDR.jpg\"><img loading=\"lazy\" decoding=\"async\" class=\"alignnone size-thumbnail wp-image-7682\" src=\"http:\/\/szss-nitra.sk\/wp-content\/uploads\/2021\/12\/IMG_20211223_090519341_HDR-100x100.jpg\" alt=\"\" width=\"100\" height=\"100\" \/><\/a><\/td>\n<\/tr>\n<\/tbody>\n<\/table>\n","protected":false},"excerpt":{"rendered":"<p>Komu je ur\u010den\u00e1 Ako vybavi\u0165 \u010cas poskytovania slu\u017eby Legislat\u00edva Cenn\u00edk Kontakt Povedali o n\u00e1s Fotogal\u00e9ria . Fotografie automobilov, prostredn\u00edctvom ktor\u00fdch je realizovan\u00e1 preprava prij\u00edmate\u013eov soci\u00e1lnej slu\u017eby<\/p>\n","protected":false},"author":1,"featured_media":0,"parent":3282,"menu_order":0,"comment_status":"closed","ping_status":"closed","template":"","meta":{"footnotes":""},"class_list":["post-3326","page","type-page","status-publish","hentry"],"_links":{"self":[{"href":"http:\/\/szss-nitra.sk\/index.php?rest_route=\/wp\/v2\/pages\/3326","targetHints":{"allow":["GET"]}}],"collection":[{"href":"http:\/\/szss-nitra.sk\/index.php?rest_route=\/wp\/v2\/pages"}],"about":[{"href":"http:\/\/szss-nitra.sk\/index.php?rest_route=\/wp\/v2\/types\/page"}],"author":[{"embeddable":true,"href":"http:\/\/szss-nitra.sk\/index.php?rest_route=\/wp\/v2\/users\/1"}],"replies":[{"embeddable":true,"href":"http:\/\/szss-nitra.sk\/index.php?rest_route=%2Fwp%2Fv2%2Fcomments&post=3326"}],"version-history":[{"count":7,"href":"http:\/\/szss-nitra.sk\/index.php?rest_route=\/wp\/v2\/pages\/3326\/revisions"}],"predecessor-version":[{"id":14528,"href":"http:\/\/szss-nitra.sk\/index.php?rest_route=\/wp\/v2\/pages\/3326\/revisions\/14528"}],"up":[{"embeddable":true,"href":"http:\/\/szss-nitra.sk\/index.php?rest_route=\/wp\/v2\/pages\/3282"}],"wp:attachment":[{"href":"http:\/\/szss-nitra.sk\/index.php?rest_route=%2Fwp%2Fv2%2Fmedia&parent=3326"}],"curies":[{"name":"wp","href":"https:\/\/api.w.org\/{rel}","templated":true}]}}