{"id":3291,"date":"2017-06-19T12:49:15","date_gmt":"2017-06-19T10:49:15","guid":{"rendered":"http:\/\/szss-nitra.sk\/?page_id=3291"},"modified":"2025-07-04T14:09:00","modified_gmt":"2025-07-04T12:09:00","slug":"prepravna-sluzba-cennik","status":"publish","type":"page","link":"http:\/\/szss-nitra.sk\/?page_id=3291","title":{"rendered":"Prepravn\u00e1 slu\u017eba"},"content":{"rendered":"<table style=\"border: none;\">\n<tbody>\n<tr>\n<td style=\"width: 30%; vertical-align: top;\"><a href=\"http:\/\/szss-nitra.sk\/?page_id=3325\">Komu je ur\u010den\u00e1<\/a><\/p>\n<p><a href=\"http:\/\/szss-nitra.sk\/?page_id=3286\">Ako vybavi\u0165<\/a><\/p>\n<p><a href=\"http:\/\/szss-nitra.sk\/?page_id=3288\">\u010cas poskytovania slu\u017eby<\/a><\/p>\n<p><a href=\"http:\/\/szss-nitra.sk\/?page_id=3327\">Legislat\u00edva<\/a><\/p>\n<p><strong><a href=\"http:\/\/szss-nitra.sk\/?page_id=3291\">Cenn\u00edk<\/a><\/strong><\/p>\n<p><a href=\"http:\/\/szss-nitra.sk\/?page_id=3284\">Kontakt<\/a><\/p>\n<p><a href=\"http:\/\/szss-nitra.sk\/?page_id=14509\">Povedali o n\u00e1s<\/a><\/p>\n<p><a href=\"http:\/\/szss-nitra.sk\/?page_id=3326\">Fotogal\u00e9ria<\/a><\/p>\n<p><img loading=\"lazy\" decoding=\"async\" class=\"alignnone size-full wp-image-10606\" src=\"http:\/\/szss-nitra.sk\/wp-content\/uploads\/2023\/10\/menu_ico_taxik.png\" alt=\"\" width=\"150\" height=\"100\" \/><\/td>\n<td><span style=\"color: #ffffff;\">.<\/span><\/td>\n<td style=\"vertical-align: top; text-align: jusify;\">\n<p style=\"text-align: justify;\">V\u00fd\u0161ka \u00fahrady za prepravn\u00fa slu\u017ebu je stanoven\u00e1 V\u0161eobecne z\u00e1v\u00e4zn\u00fdm nariaden\u00edm Mesta Nitry o soci\u00e1lnych slu\u017eb\u00e1ch nasledovne: <strong>Pau\u0161\u00e1lny poplatok za prepravn\u00fa slu\u017ebu je vo v\u00fd\u0161ke 1,- \u20ac<\/strong> a \u00fa\u010dtuje sa pri ka\u017edej jednosmernej jazde. Prij\u00edmate\u013e plat\u00ed \u00fahradu za prepravn\u00fa slu\u017ebu v hotovosti vodi\u010dovi vozidla prepravnej slu\u017eby za po\u010det skuto\u010dne najazden\u00fdch kilometrov a pr\u00edpadn\u00e9 stojn\u00e9.<\/p>\n<table>\n<tbody>\n<tr>\n<td style=\"text-align: center;\" width=\"205\"><strong> Prij\u00edmate\u013e prepravnej slu\u017eby<\/strong><\/td>\n<td style=\"text-align: center;\" width=\"205\"><strong>\u00dahrada v \u20ac\/km v r\u00e1mci mesta<\/strong><\/td>\n<td style=\"text-align: center;\" width=\"205\"><strong>\u00dahrada v \u20ac\/km mimo mesto<\/strong><\/td>\n<td style=\"text-align: center;\" width=\"205\"><strong> Stojn\u00e9 v \u20ac\/h (za ka\u017ed\u00fa za\u010dat\u00fa hodinu)<\/strong><\/td>\n<\/tr>\n<tr>\n<td style=\"text-align: center;\" width=\"205\"><strong> fyzick\u00e1 osoba v zmysle \u00a7 42 z\u00e1kona o soci\u00e1lnych slu\u017eb\u00e1ch<\/strong><\/td>\n<td style=\"text-align: center;\" width=\"205\">0,50 \u20ac\/km<\/td>\n<td style=\"text-align: center;\" width=\"205\">0,40 \u20ac\/km<\/td>\n<td style=\"text-align: center;\" width=\"205\">3,50 \u20ac\/hod<\/td>\n<\/tr>\n<tr>\n<td style=\"text-align: center;\" width=\"205\"><strong>ob\u010dan sprev\u00e1dzaj\u00faci prepravovan\u00fa osobu<\/strong><\/td>\n<td style=\"text-align: center;\" width=\"205\">bezplatne<\/td>\n<td style=\"text-align: center;\" width=\"205\">bezplatne<\/td>\n<td style=\"text-align: center;\" width=\"205\">bezplatne<\/td>\n<\/tr>\n<\/tbody>\n<\/table>\n<\/td>\n<\/tr>\n<\/tbody>\n<\/table>\n","protected":false},"excerpt":{"rendered":"<p>Komu je ur\u010den\u00e1 Ako vybavi\u0165 \u010cas poskytovania slu\u017eby Legislat\u00edva Cenn\u00edk Kontakt Povedali o n\u00e1s Fotogal\u00e9ria . V\u00fd\u0161ka \u00fahrady za prepravn\u00fa slu\u017ebu je stanoven\u00e1 V\u0161eobecne z\u00e1v\u00e4zn\u00fdm nariaden\u00edm Mesta Nitry o soci\u00e1lnych slu\u017eb\u00e1ch nasledovne: Pau\u0161\u00e1lny poplatok za prepravn\u00fa slu\u017ebu je vo v\u00fd\u0161ke 1,- \u20ac a \u00fa\u010dtuje sa pri ka\u017edej jednosmernej jazde. Prij\u00edmate\u013e plat\u00ed \u00fahradu za prepravn\u00fa slu\u017ebu [&hellip;]<\/p>\n","protected":false},"author":1,"featured_media":0,"parent":3282,"menu_order":0,"comment_status":"closed","ping_status":"closed","template":"","meta":{"footnotes":""},"class_list":["post-3291","page","type-page","status-publish","hentry"],"_links":{"self":[{"href":"http:\/\/szss-nitra.sk\/index.php?rest_route=\/wp\/v2\/pages\/3291","targetHints":{"allow":["GET"]}}],"collection":[{"href":"http:\/\/szss-nitra.sk\/index.php?rest_route=\/wp\/v2\/pages"}],"about":[{"href":"http:\/\/szss-nitra.sk\/index.php?rest_route=\/wp\/v2\/types\/page"}],"author":[{"embeddable":true,"href":"http:\/\/szss-nitra.sk\/index.php?rest_route=\/wp\/v2\/users\/1"}],"replies":[{"embeddable":true,"href":"http:\/\/szss-nitra.sk\/index.php?rest_route=%2Fwp%2Fv2%2Fcomments&post=3291"}],"version-history":[{"count":12,"href":"http:\/\/szss-nitra.sk\/index.php?rest_route=\/wp\/v2\/pages\/3291\/revisions"}],"predecessor-version":[{"id":14524,"href":"http:\/\/szss-nitra.sk\/index.php?rest_route=\/wp\/v2\/pages\/3291\/revisions\/14524"}],"up":[{"embeddable":true,"href":"http:\/\/szss-nitra.sk\/index.php?rest_route=\/wp\/v2\/pages\/3282"}],"wp:attachment":[{"href":"http:\/\/szss-nitra.sk\/index.php?rest_route=%2Fwp%2Fv2%2Fmedia&parent=3291"}],"curies":[{"name":"wp","href":"https:\/\/api.w.org\/{rel}","templated":true}]}}