{"id":3288,"date":"2017-06-19T12:48:50","date_gmt":"2017-06-19T10:48:50","guid":{"rendered":"http:\/\/szss-nitra.sk\/?page_id=3288"},"modified":"2026-01-14T15:12:03","modified_gmt":"2026-01-14T13:12:03","slug":"prepravna-sluzba-cas-poskytovania-sluzby","status":"publish","type":"page","link":"http:\/\/szss-nitra.sk\/?page_id=3288","title":{"rendered":"Prepravn\u00e1 slu\u017eba"},"content":{"rendered":"<table style=\"border: none;\">\n<tbody>\n<tr>\n<td style=\"width: 30%; vertical-align: top;\"><a href=\"http:\/\/szss-nitra.sk\/?page_id=3325\">Komu je ur\u010den\u00e1<\/a><\/p>\n<p><a href=\"http:\/\/szss-nitra.sk\/?page_id=3286\">Ako vybavi\u0165<\/a><\/p>\n<p><strong><a href=\"http:\/\/szss-nitra.sk\/?page_id=3288\">\u010cas poskytovania slu\u017eby<\/a><\/strong><\/p>\n<p><a href=\"http:\/\/szss-nitra.sk\/?page_id=3327\">Legislat\u00edva<\/a><\/p>\n<p><a href=\"http:\/\/szss-nitra.sk\/?page_id=3291\">Cenn\u00edk<\/a><\/p>\n<p><a href=\"http:\/\/szss-nitra.sk\/?page_id=3284\">Kontakt<\/a><\/p>\n<p><a href=\"http:\/\/szss-nitra.sk\/?page_id=14509\">Povedali o n\u00e1s<\/a><\/p>\n<p><a href=\"http:\/\/szss-nitra.sk\/?page_id=3326\">Fotogal\u00e9ria<\/a><\/p>\n<p><img loading=\"lazy\" decoding=\"async\" class=\"alignnone size-full wp-image-10606\" src=\"http:\/\/szss-nitra.sk\/wp-content\/uploads\/2023\/10\/menu_ico_taxik.png\" alt=\"\" width=\"150\" height=\"100\" \/><\/td>\n<td><span style=\"color: #ffffff;\">.<\/span><\/td>\n<td style=\"vertical-align: top; text-align: justify;\">Prepravn\u00e1 slu\u017eba sa poskytuje na \u00fazem\u00ed mesta Nitra v pracovn\u00fdch d\u0148och pondelok a\u017e piatok v pracovnom \u010dase, v\u00fdnimky schva\u013euje riadite\u013e Spr\u00e1vy zariaden\u00ed soci\u00e1lnych slu\u017eieb. Je poskytovan\u00e1 na z\u00e1klade telefonickej objedn\u00e1vky u poskytovate\u013ea soci\u00e1lnej slu\u017eby, pri\u010dom telefonick\u00e1 objedn\u00e1vka mus\u00ed by\u0165 uskuto\u010dnen\u00e1 najnesk\u00f4r 24 hod\u00edn vopred.<\/p>\n<p>Prv\u00e1 denn\u00e1 objedn\u00e1vka je prij\u00edman\u00e1 na 6,15 hod. a posledn\u00e1 denn\u00e1 objedn\u00e1vka je prij\u00edman\u00e1 na 14,00 hod.<\/td>\n<\/tr>\n<\/tbody>\n<\/table>\n","protected":false},"excerpt":{"rendered":"<p>Komu je ur\u010den\u00e1 Ako vybavi\u0165 \u010cas poskytovania slu\u017eby Legislat\u00edva Cenn\u00edk Kontakt Povedali o n\u00e1s Fotogal\u00e9ria . Prepravn\u00e1 slu\u017eba sa poskytuje na \u00fazem\u00ed mesta Nitra v pracovn\u00fdch d\u0148och pondelok a\u017e piatok v pracovnom \u010dase, v\u00fdnimky schva\u013euje riadite\u013e Spr\u00e1vy zariaden\u00ed soci\u00e1lnych slu\u017eieb. Je poskytovan\u00e1 na z\u00e1klade telefonickej objedn\u00e1vky u poskytovate\u013ea soci\u00e1lnej slu\u017eby, pri\u010dom telefonick\u00e1 objedn\u00e1vka mus\u00ed by\u0165 [&hellip;]<\/p>\n","protected":false},"author":1,"featured_media":0,"parent":3282,"menu_order":0,"comment_status":"closed","ping_status":"closed","template":"","meta":{"footnotes":""},"class_list":["post-3288","page","type-page","status-publish","hentry"],"_links":{"self":[{"href":"http:\/\/szss-nitra.sk\/index.php?rest_route=\/wp\/v2\/pages\/3288","targetHints":{"allow":["GET"]}}],"collection":[{"href":"http:\/\/szss-nitra.sk\/index.php?rest_route=\/wp\/v2\/pages"}],"about":[{"href":"http:\/\/szss-nitra.sk\/index.php?rest_route=\/wp\/v2\/types\/page"}],"author":[{"embeddable":true,"href":"http:\/\/szss-nitra.sk\/index.php?rest_route=\/wp\/v2\/users\/1"}],"replies":[{"embeddable":true,"href":"http:\/\/szss-nitra.sk\/index.php?rest_route=%2Fwp%2Fv2%2Fcomments&post=3288"}],"version-history":[{"count":11,"href":"http:\/\/szss-nitra.sk\/index.php?rest_route=\/wp\/v2\/pages\/3288\/revisions"}],"predecessor-version":[{"id":15807,"href":"http:\/\/szss-nitra.sk\/index.php?rest_route=\/wp\/v2\/pages\/3288\/revisions\/15807"}],"up":[{"embeddable":true,"href":"http:\/\/szss-nitra.sk\/index.php?rest_route=\/wp\/v2\/pages\/3282"}],"wp:attachment":[{"href":"http:\/\/szss-nitra.sk\/index.php?rest_route=%2Fwp%2Fv2%2Fmedia&parent=3288"}],"curies":[{"name":"wp","href":"https:\/\/api.w.org\/{rel}","templated":true}]}}