{"id":3232,"date":"2017-06-07T21:10:52","date_gmt":"2017-06-07T19:10:52","guid":{"rendered":"http:\/\/szss-nitra.sk\/?page_id=3232"},"modified":"2025-09-11T01:50:04","modified_gmt":"2025-09-10T23:50:04","slug":"domaca-opatrovatelska-sluzba-povedali-o-nas","status":"publish","type":"page","link":"http:\/\/szss-nitra.sk\/?page_id=3232","title":{"rendered":"Dom\u00e1ca opatrovate\u013esk\u00e1 slu\u017eba"},"content":{"rendered":"<table class=\" aligncenter\" style=\"border: none;\">\n<tbody>\n<tr>\n<td style=\"width: 30%; vertical-align: top;\"><a href=\"http:\/\/szss-nitra.sk\/?page_id=10644\">Poslanie, hodnoty a v\u00edzia<\/a><\/p>\n<p><a href=\"http:\/\/szss-nitra.sk\/?page_id=3219\">Kontakt<\/a><\/p>\n<p><a href=\"http:\/\/szss-nitra.sk\/?page_id=3222\">Ako vybavi\u0165<\/a><\/p>\n<p><a href=\"http:\/\/szss-nitra.sk\/?page_id=3224\">\u00dakony opatrovate\u013eskej slu\u017eby<\/a><\/p>\n<p><a href=\"http:\/\/szss-nitra.sk\/?page_id=4191\">Legislat\u00edva<\/a><\/p>\n<p><a href=\"http:\/\/szss-nitra.sk\/?page_id=3226\">\u010cas poskytovania slu\u017eby<\/a><\/p>\n<p><a href=\"http:\/\/szss-nitra.sk\/?page_id=9022\">Evidencia \u017eiadate\u013eov<\/a><\/p>\n<p><a href=\"http:\/\/szss-nitra.sk\/?page_id=3228\">Cenn\u00edk<\/a><\/p>\n<p><a href=\"http:\/\/szss-nitra.sk\/?page_id=3230\">Domy s opatrovate\u013eskou slu\u017ebou<\/a><\/p>\n<p><span style=\"color: #000000;\"><strong><a style=\"color: #000000;\" href=\"http:\/\/szss-nitra.sk\/?page_id=3232\">Sp\u00e4tn\u00e1 v\u00e4zba<\/a><\/strong><\/span><\/p>\n<p><a href=\"http:\/\/szss-nitra.sk\/?page_id=10873\">Podpora zamestnancov<\/a><\/p>\n<p><img loading=\"lazy\" decoding=\"async\" class=\"alignnone size-full wp-image-10642\" src=\"http:\/\/szss-nitra.sk\/wp-content\/uploads\/2023\/11\/menu_ico_TOS4.png\" alt=\"\" width=\"160\" height=\"130\" \/><\/td>\n<td><span style=\"color: #ffffff;\">.<\/span><\/td>\n<td style=\"vertical-align: top;\">\u010eakovn\u00e9 listy<br \/>\n<a href=\"http:\/\/szss-nitra.sk\/wp-content\/uploads\/2015\/11\/Podakovanie5.jpg\"><img loading=\"lazy\" decoding=\"async\" class=\"alignnone wp-image-2162\" src=\"http:\/\/szss-nitra.sk\/wp-content\/uploads\/2015\/11\/Podakovanie5-219x300.jpg\" alt=\"\" width=\"150\" height=\"206\" srcset=\"http:\/\/szss-nitra.sk\/wp-content\/uploads\/2015\/11\/Podakovanie5-219x300.jpg 219w, http:\/\/szss-nitra.sk\/wp-content\/uploads\/2015\/11\/Podakovanie5-746x1024.jpg 746w, http:\/\/szss-nitra.sk\/wp-content\/uploads\/2015\/11\/Podakovanie5-17x24.jpg 17w, http:\/\/szss-nitra.sk\/wp-content\/uploads\/2015\/11\/Podakovanie5-26x36.jpg 26w, http:\/\/szss-nitra.sk\/wp-content\/uploads\/2015\/11\/Podakovanie5-35x48.jpg 35w\" sizes=\"auto, (max-width: 150px) 100vw, 150px\" \/><\/a>\u00a0\u00a0<a href=\"http:\/\/szss-nitra.sk\/wp-content\/uploads\/2015\/07\/Podakovanie4.jpg\"><img loading=\"lazy\" decoding=\"async\" class=\"alignnone wp-image-1990\" src=\"http:\/\/szss-nitra.sk\/wp-content\/uploads\/2015\/07\/Podakovanie4-212x300.jpg\" alt=\"\" width=\"150\" height=\"212\" srcset=\"http:\/\/szss-nitra.sk\/wp-content\/uploads\/2015\/07\/Podakovanie4-212x300.jpg 212w, http:\/\/szss-nitra.sk\/wp-content\/uploads\/2015\/07\/Podakovanie4-724x1024.jpg 724w, http:\/\/szss-nitra.sk\/wp-content\/uploads\/2015\/07\/Podakovanie4-17x24.jpg 17w, http:\/\/szss-nitra.sk\/wp-content\/uploads\/2015\/07\/Podakovanie4-25x36.jpg 25w, http:\/\/szss-nitra.sk\/wp-content\/uploads\/2015\/07\/Podakovanie4-34x48.jpg 34w, http:\/\/szss-nitra.sk\/wp-content\/uploads\/2015\/07\/Podakovanie4.jpg 1240w\" sizes=\"auto, (max-width: 150px) 100vw, 150px\" \/><\/a>\u00a0\u00a0<a href=\"http:\/\/szss-nitra.sk\/wp-content\/uploads\/2016\/01\/podakovanie3.jpg\"><img loading=\"lazy\" decoding=\"async\" class=\"alignnone wp-image-1959\" src=\"http:\/\/szss-nitra.sk\/wp-content\/uploads\/2016\/01\/podakovanie3-212x300.jpg\" alt=\"\" width=\"150\" height=\"212\" srcset=\"http:\/\/szss-nitra.sk\/wp-content\/uploads\/2016\/01\/podakovanie3-212x300.jpg 212w, http:\/\/szss-nitra.sk\/wp-content\/uploads\/2016\/01\/podakovanie3-724x1024.jpg 724w, http:\/\/szss-nitra.sk\/wp-content\/uploads\/2016\/01\/podakovanie3-17x24.jpg 17w, http:\/\/szss-nitra.sk\/wp-content\/uploads\/2016\/01\/podakovanie3-25x36.jpg 25w, http:\/\/szss-nitra.sk\/wp-content\/uploads\/2016\/01\/podakovanie3-34x48.jpg 34w, http:\/\/szss-nitra.sk\/wp-content\/uploads\/2016\/01\/podakovanie3.jpg 1240w\" sizes=\"auto, (max-width: 150px) 100vw, 150px\" \/><\/a><br \/>\nPo\u010fakovanie p. Komorov\u00e1 &#8211; <a href=\"https:\/\/szss-nitra.sk\/?p=11577\">po\u010fakovanie<\/a><\/p>\n<p style=\"text-align: center;\"><strong>V\u00e1\u0161 n\u00e1zor je pre n\u00e1s d\u00f4le\u017eit\u00fd<\/strong><\/p>\n<p style=\"text-align: justify;\">Cie\u013eom zis\u0165ovania a hodnotenia spokojnosti s poskytovanou opatrovate\u013eskou slu\u017ebou je zisti\u0165 nedostatky, siln\u00e9 a slab\u00e9 str\u00e1nky, ktor\u00e9 ovplyv\u0148uj\u00fa kvalitu poskytovanej soci\u00e1lnej slu\u017eby.<\/p>\n<p style=\"text-align: justify;\">N\u00e1zor na\u0161ich prij\u00edmate\u013eov opatrovate\u013eskej slu\u017eby je pre n\u00e1s d\u00f4le\u017eit\u00fd, a preto pravidelne zis\u0165ujeme ich spokojnos\u0165, \u010di nespokojnos\u0165 prostredn\u00edctvom dotazn\u00edkov. Vn\u00edmame to, ako n\u00e1stroj, ktor\u00fdm sa prij\u00edmatelia soci\u00e1lnej slu\u017eby m\u00f4\u017eu zap\u00e1ja\u0165 do skvalit\u0148ovania poskytovanej opatrovate\u013eskej slu\u017eby.<\/p>\n<p style=\"text-align: justify;\">Pri zostavovan\u00ed dotazn\u00edka spokojnosti berieme do \u00favahy zdravotn\u00fd stav \u013eud\u00ed, o ktor\u00fdch sa star\u00e1me, a preto s\u00fa dotazn\u00edky stru\u010dn\u00e9, zameran\u00e9 v\u017edy na in\u00fa oblas\u0165 poskytovania soci\u00e1lnej slu\u017eby.<\/p>\n<p style=\"text-align: justify;\">Prilo\u017een\u00fd dokument obsahuje vyhodnotenie sp\u00e4tnej v\u00e4zby prij\u00edmate\u013eov opatrovate\u013eskej slu\u017eby.<\/p>\n<p><img loading=\"lazy\" decoding=\"async\" class=\"alignnone size-full wp-image-3164\" src=\"http:\/\/szss-nitra.sk\/wp-content\/uploads\/2013\/10\/pdf_mini.png\" alt=\"\" width=\"30\" height=\"30\" srcset=\"http:\/\/szss-nitra.sk\/wp-content\/uploads\/2013\/10\/pdf_mini.png 30w, http:\/\/szss-nitra.sk\/wp-content\/uploads\/2013\/10\/pdf_mini-24x24.png 24w\" sizes=\"auto, (max-width: 30px) 100vw, 30px\" \/>\u00a0<a href=\"http:\/\/szss-nitra.sk\/wp-content\/uploads\/2025\/09\/Vyhodnotenie-dotaznika-1.polrok-2025-1.pdf\" target=\"_blank\" rel=\"noopener\">Sp\u00e4tn\u00e1 v\u00e4zba prij\u00edmate\u013eov opatrovate\u013eskej slu\u017eby 1. polrok 2025<\/a><\/td>\n<\/tr>\n<\/tbody>\n<\/table>\n","protected":false},"excerpt":{"rendered":"<p>Poslanie, hodnoty a v\u00edzia Kontakt Ako vybavi\u0165 \u00dakony opatrovate\u013eskej slu\u017eby Legislat\u00edva \u010cas poskytovania slu\u017eby Evidencia \u017eiadate\u013eov Cenn\u00edk Domy s opatrovate\u013eskou slu\u017ebou Sp\u00e4tn\u00e1 v\u00e4zba Podpora zamestnancov . \u010eakovn\u00e9 listy \u00a0\u00a0\u00a0\u00a0 Po\u010fakovanie p. Komorov\u00e1 &#8211; po\u010fakovanie V\u00e1\u0161 n\u00e1zor je pre n\u00e1s d\u00f4le\u017eit\u00fd Cie\u013eom zis\u0165ovania a hodnotenia spokojnosti s poskytovanou opatrovate\u013eskou slu\u017ebou je zisti\u0165 nedostatky, siln\u00e9 a slab\u00e9 [&hellip;]<\/p>\n","protected":false},"author":1,"featured_media":0,"parent":3203,"menu_order":0,"comment_status":"closed","ping_status":"closed","template":"","meta":{"footnotes":""},"class_list":["post-3232","page","type-page","status-publish","hentry"],"_links":{"self":[{"href":"http:\/\/szss-nitra.sk\/index.php?rest_route=\/wp\/v2\/pages\/3232","targetHints":{"allow":["GET"]}}],"collection":[{"href":"http:\/\/szss-nitra.sk\/index.php?rest_route=\/wp\/v2\/pages"}],"about":[{"href":"http:\/\/szss-nitra.sk\/index.php?rest_route=\/wp\/v2\/types\/page"}],"author":[{"embeddable":true,"href":"http:\/\/szss-nitra.sk\/index.php?rest_route=\/wp\/v2\/users\/1"}],"replies":[{"embeddable":true,"href":"http:\/\/szss-nitra.sk\/index.php?rest_route=%2Fwp%2Fv2%2Fcomments&post=3232"}],"version-history":[{"count":13,"href":"http:\/\/szss-nitra.sk\/index.php?rest_route=\/wp\/v2\/pages\/3232\/revisions"}],"predecessor-version":[{"id":15050,"href":"http:\/\/szss-nitra.sk\/index.php?rest_route=\/wp\/v2\/pages\/3232\/revisions\/15050"}],"up":[{"embeddable":true,"href":"http:\/\/szss-nitra.sk\/index.php?rest_route=\/wp\/v2\/pages\/3203"}],"wp:attachment":[{"href":"http:\/\/szss-nitra.sk\/index.php?rest_route=%2Fwp%2Fv2%2Fmedia&parent=3232"}],"curies":[{"name":"wp","href":"https:\/\/api.w.org\/{rel}","templated":true}]}}