{"id":3230,"date":"2017-06-07T21:10:11","date_gmt":"2017-06-07T19:10:11","guid":{"rendered":"http:\/\/szss-nitra.sk\/?page_id=3230"},"modified":"2026-02-09T14:00:27","modified_gmt":"2026-02-09T12:00:27","slug":"domaca-opatrovatelska-sluzba-dosy","status":"publish","type":"page","link":"http:\/\/szss-nitra.sk\/?page_id=3230","title":{"rendered":"Dom\u00e1ca opatrovate\u013esk\u00e1 slu\u017eba"},"content":{"rendered":"<table style=\"border: none;\">\n<tbody>\n<tr>\n<td style=\"width: 30%; vertical-align: top;\"><a href=\"http:\/\/szss-nitra.sk\/?page_id=10644\">Poslanie, hodnoty a v\u00edzia<\/a><\/p>\n<p><a href=\"http:\/\/szss-nitra.sk\/?page_id=3219\">Kontakt<\/a><\/p>\n<p><a href=\"http:\/\/szss-nitra.sk\/?page_id=3222\">Ako vybavi\u0165<\/a><\/p>\n<p><a href=\"http:\/\/szss-nitra.sk\/?page_id=3224\">\u00dakony opatrovate\u013eskej slu\u017eby<\/a><\/p>\n<p><a href=\"http:\/\/szss-nitra.sk\/?page_id=4191\">Legislat\u00edva<\/a><\/p>\n<p><a href=\"http:\/\/szss-nitra.sk\/?page_id=3226\">\u010cas poskytovania slu\u017eby<\/a><\/p>\n<p><a href=\"http:\/\/szss-nitra.sk\/?page_id=9022\">Evidencia \u017eiadate\u013eov<\/a><\/p>\n<p><a href=\"http:\/\/szss-nitra.sk\/?page_id=3228\">Cenn\u00edk<\/a><\/p>\n<p><span style=\"color: #000000;\"><strong><a style=\"color: #000000;\" href=\"http:\/\/szss-nitra.sk\/?page_id=3230\">Domy s opatrovate\u013eskou slu\u017ebou<\/a><\/strong><\/span><\/p>\n<p><a href=\"http:\/\/szss-nitra.sk\/?page_id=3232\">Sp\u00e4tn\u00e1 v\u00e4zba<\/a><\/p>\n<p><a href=\"http:\/\/szss-nitra.sk\/?page_id=10873\">Podpora zamestnancov<\/a><\/p>\n<p><img loading=\"lazy\" decoding=\"async\" class=\"alignnone size-full wp-image-10642\" src=\"http:\/\/szss-nitra.sk\/wp-content\/uploads\/2023\/11\/menu_ico_TOS4.png\" alt=\"\" width=\"160\" height=\"130\" \/><\/td>\n<td><span style=\"color: #ffffff;\">.<\/span><\/td>\n<td style=\"vertical-align: top;\">\n<p style=\"text-align: justify;\">Dom s opatrovate\u013eskou slu\u017ebou je domom osobitn\u00e9ho ur\u010denia s bytmi ur\u010den\u00fdmi na v\u00fdkon opatrovate\u013eskej slu\u017eby pod\u013ea osobitn\u00e9ho predpisu (z\u00e1kon \u010d. 189\/1992 Z.z.).\u00a0 Byty s\u00fa vo vlastn\u00edctve Mesta Nitra a\u00a0z\u00e1ujemca o\u00a0pridelenie bytu v\u00a0dome s\u00a0opatrovate\u013eskou slu\u017ebou pod\u00e1va \u017eiados\u0165 na Mestskom \u00farade v\u00a0Nitre.<\/p>\n<p>Domy s\u00a0opatrovate\u013eskou slu\u017ebou v\u00a0Nitre:<\/p>\n<ul>\n<li style=\"list-style-type: none;\">\n<ul>\n<li>Dom s opatrovate\u013eskou slu\u017ebou, J. Kr\u00e1\u013ea 1046\/2, Nitra<\/li>\n<\/ul>\n<\/li>\n<\/ul>\n<p><a href=\"http:\/\/szss-nitra.sk\/wp-content\/uploads\/2017\/06\/j-krala-2.jpg\">\u00a0\u00a0\u00a0 \u00a0 \u00a0 \u00a0\u00a0 \u00a0 <img loading=\"lazy\" decoding=\"async\" class=\"size-thumbnail wp-image-3895 alignnone\" src=\"http:\/\/szss-nitra.sk\/wp-content\/uploads\/2017\/06\/j-krala-2.jpg\" alt=\"\" width=\"150\" height=\"150\" \/><\/a> <a href=\"http:\/\/szss-nitra.sk\/wp-content\/uploads\/2017\/06\/j-krala.jpg\"><img loading=\"lazy\" decoding=\"async\" class=\"size-thumbnail wp-image-3895 alignnone\" src=\"http:\/\/szss-nitra.sk\/wp-content\/uploads\/2017\/06\/j-krala.jpg\" alt=\"\" width=\"150\" height=\"150\" \/><\/a><\/p>\n<ul>\n<li style=\"list-style-type: none;\">\n<ul>\n<li>Dom s opatrovate\u013eskou slu\u017ebou, Bernol\u00e1kova 1490\/16, Nitra<\/li>\n<\/ul>\n<\/li>\n<\/ul>\n<hr \/>\n<p style=\"text-align: justify;\">Bytov\u00fd dom Senior, Kr\u010dm\u00e9ryho 2953\/2C, Nitra<\/p>\n<p style=\"text-align: justify;\">N\u00e1jomn\u00e9 byty v BDS sl\u00fa\u017eia najm\u00e4 pre star\u00fdch a zdravotne postihnut\u00fdch ob\u010danov, ktor\u00fdch zdravotn\u00fd stav od\u00f4vod\u0148uje poskytovanie osobitnej starostlivosti, alebo u ktor\u00fdch mo\u017eno od\u00f4vodnene predpoklada\u0165 potrebu poskytovania osobitnej starostlivosti vzh\u013eadom k veku a postupn\u00e9mu str\u00e1caniu ich samostatnosti s podmienkou vlastn\u00e9ho s\u00fakromia, pri\u010dom \u00farove\u0148 ich sebesta\u010dnosti a ment\u00e1lnych schopnost\u00ed nesmie klesn\u00fa\u0165 pod kritick\u00fa \u00farove\u0148 aktiv\u00edt denn\u00e9ho \u017eivota a ment\u00e1lnych schopnost\u00ed. Soci\u00e1lna slu\u017eba v pr\u00edpade vy\u017eiadania (opatrovate\u013esk\u00e1 slu\u017eba) bude poskytovan\u00e1 priamo v dom\u00e1com prostred\u00ed n\u00e1jomcu v zmysle pr\u00edslu\u0161nej VZN t\u00fdkaj\u00facej sa poskytovania soci\u00e1lnych slu\u017eieb.<\/p>\n<\/td>\n<\/tr>\n<\/tbody>\n<\/table>\n","protected":false},"excerpt":{"rendered":"<p>Poslanie, hodnoty a v\u00edzia Kontakt Ako vybavi\u0165 \u00dakony opatrovate\u013eskej slu\u017eby Legislat\u00edva \u010cas poskytovania slu\u017eby Evidencia \u017eiadate\u013eov Cenn\u00edk Domy s opatrovate\u013eskou slu\u017ebou Sp\u00e4tn\u00e1 v\u00e4zba Podpora zamestnancov . Dom s opatrovate\u013eskou slu\u017ebou je domom osobitn\u00e9ho ur\u010denia s bytmi ur\u010den\u00fdmi na v\u00fdkon opatrovate\u013eskej slu\u017eby pod\u013ea osobitn\u00e9ho predpisu (z\u00e1kon \u010d. 189\/1992 Z.z.).\u00a0 Byty s\u00fa vo vlastn\u00edctve Mesta Nitra a\u00a0z\u00e1ujemca [&hellip;]<\/p>\n","protected":false},"author":1,"featured_media":0,"parent":3203,"menu_order":0,"comment_status":"closed","ping_status":"closed","template":"","meta":{"footnotes":""},"class_list":["post-3230","page","type-page","status-publish","hentry"],"_links":{"self":[{"href":"http:\/\/szss-nitra.sk\/index.php?rest_route=\/wp\/v2\/pages\/3230","targetHints":{"allow":["GET"]}}],"collection":[{"href":"http:\/\/szss-nitra.sk\/index.php?rest_route=\/wp\/v2\/pages"}],"about":[{"href":"http:\/\/szss-nitra.sk\/index.php?rest_route=\/wp\/v2\/types\/page"}],"author":[{"embeddable":true,"href":"http:\/\/szss-nitra.sk\/index.php?rest_route=\/wp\/v2\/users\/1"}],"replies":[{"embeddable":true,"href":"http:\/\/szss-nitra.sk\/index.php?rest_route=%2Fwp%2Fv2%2Fcomments&post=3230"}],"version-history":[{"count":17,"href":"http:\/\/szss-nitra.sk\/index.php?rest_route=\/wp\/v2\/pages\/3230\/revisions"}],"predecessor-version":[{"id":15921,"href":"http:\/\/szss-nitra.sk\/index.php?rest_route=\/wp\/v2\/pages\/3230\/revisions\/15921"}],"up":[{"embeddable":true,"href":"http:\/\/szss-nitra.sk\/index.php?rest_route=\/wp\/v2\/pages\/3203"}],"wp:attachment":[{"href":"http:\/\/szss-nitra.sk\/index.php?rest_route=%2Fwp%2Fv2%2Fmedia&parent=3230"}],"curies":[{"name":"wp","href":"https:\/\/api.w.org\/{rel}","templated":true}]}}