{"id":3228,"date":"2017-06-07T21:09:25","date_gmt":"2017-06-07T19:09:25","guid":{"rendered":"http:\/\/szss-nitra.sk\/?page_id=3228"},"modified":"2025-09-11T01:53:17","modified_gmt":"2025-09-10T23:53:17","slug":"domaca-opatrovatelska-sluzba-cennik","status":"publish","type":"page","link":"http:\/\/szss-nitra.sk\/?page_id=3228","title":{"rendered":"Dom\u00e1ca opatrovate\u013esk\u00e1 slu\u017eba"},"content":{"rendered":"<table style=\"border: none;\">\n<tbody>\n<tr>\n<td style=\"width: 30%; vertical-align: top;\"><a href=\"http:\/\/szss-nitra.sk\/?page_id=10644\">Poslanie, hodnoty a v\u00edzia<\/a><\/p>\n<p><a href=\"http:\/\/szss-nitra.sk\/?page_id=3219\">Kontakt<\/a><\/p>\n<p><a href=\"http:\/\/szss-nitra.sk\/?page_id=3222\">Ako vybavi\u0165<\/a><\/p>\n<p><a href=\"http:\/\/szss-nitra.sk\/?page_id=3224\">\u00dakony opatrovate\u013eskej slu\u017eby<\/a><\/p>\n<p><a href=\"http:\/\/szss-nitra.sk\/?page_id=4191\">Legislat\u00edva<\/a><\/p>\n<p><a href=\"http:\/\/szss-nitra.sk\/?page_id=3226\">\u010cas poskytovania slu\u017eby<\/a><\/p>\n<p><a href=\"http:\/\/szss-nitra.sk\/?page_id=9022\">Evidencia \u017eiadate\u013eov<\/a><\/p>\n<p><strong><span style=\"color: #000000;\"><a style=\"color: #000000;\" href=\"http:\/\/szss-nitra.sk\/?page_id=3228\">Cenn\u00edk<\/a><\/span><\/strong><\/p>\n<p><a href=\"http:\/\/szss-nitra.sk\/?page_id=3230\">Domy s opatrovate\u013eskou slu\u017ebou<\/a><\/p>\n<p><a href=\"http:\/\/szss-nitra.sk\/?page_id=3232\">Sp\u00e4tn\u00e1 v\u00e4zba<\/a><\/p>\n<p><a href=\"http:\/\/szss-nitra.sk\/?page_id=10873\">Podpora zamestnancov<\/a><\/p>\n<p><img loading=\"lazy\" decoding=\"async\" class=\"alignnone size-full wp-image-10642\" src=\"http:\/\/szss-nitra.sk\/wp-content\/uploads\/2023\/11\/menu_ico_TOS4.png\" alt=\"\" width=\"160\" height=\"130\" \/><\/td>\n<td><span style=\"color: #ffffff;\">.<\/span><\/td>\n<td style=\"vertical-align: top; text-align: justify;\">V\u00fd\u0161ka \u00fahrady za 1 hodinu opatrovate\u013eskej slu\u017eby je stanoven\u00e1 V\u0161eobecne z\u00e1v\u00e4zn\u00fdm nariaden\u00edm Mesta Nitry o soci\u00e1lnych slu\u017eb\u00e1ch nasledovne:<\/p>\n<table width=\"614\">\n<tbody>\n<tr>\n<td style=\"text-align: center; vertical-align: middle;\" width=\"200\"><strong>\u010cas poskytovania opatrovate\u013eskej slu\u017eby<\/strong><\/td>\n<td style=\"text-align: center; vertical-align: middle;\" width=\"436\"><strong>\u00dahrada prij\u00edmate\u013ea za opatrovate\u013esk\u00fa slu\u017ebu v \u20ac\/hodinu<\/strong><\/td>\n<td style=\"text-align: center; vertical-align: middle;\" width=\"436\"><strong>\u00dahrada prij\u00edmate\u013ea za opatrovate\u013esk\u00fa slu\u017ebu v \u20ac\/hodinu<\/strong><br \/>\nak je predmetom zmluvy o poskytovan\u00ed soci\u00e1lnej slu\u017eby len \u00fakon be\u017en\u00e9 upratovanie v dom\u00e1cnosti<\/td>\n<\/tr>\n<tr>\n<td width=\"177\"><em>od 07.00 do 16.00<\/em><\/td>\n<td style=\"text-align: center;\" width=\"145\">2,20<\/td>\n<td style=\"text-align: center;\" width=\"145\">3,00<\/td>\n<\/tr>\n<tr>\n<td width=\"177\"><em>od 16.00 do 19.00<\/em><\/td>\n<td style=\"text-align: center;\" width=\"145\">3,00<\/td>\n<td style=\"text-align: center;\" width=\"145\">3,50<\/td>\n<\/tr>\n<\/tbody>\n<\/table>\n<p style=\"text-align: justify;\">Prij\u00edmate\u013e opatrovate\u013eskej slu\u017eby plat\u00ed \u00fahradu za skuto\u010dne poskytnut\u00fd po\u010det hod\u00edn opatrovate\u013eskej slu\u017eby v predch\u00e1dzaj\u00facom kalend\u00e1rnom mesiaci. \u00dahradu je mo\u017en\u00e9 realizova\u0165 bankov\u00fdm prevodom alebo po\u0161tovou pouk\u00e1\u017ekou.<\/p>\n<\/td>\n<\/tr>\n<\/tbody>\n<\/table>\n","protected":false},"excerpt":{"rendered":"<p>Poslanie, hodnoty a v\u00edzia Kontakt Ako vybavi\u0165 \u00dakony opatrovate\u013eskej slu\u017eby Legislat\u00edva \u010cas poskytovania slu\u017eby Evidencia \u017eiadate\u013eov Cenn\u00edk Domy s opatrovate\u013eskou slu\u017ebou Sp\u00e4tn\u00e1 v\u00e4zba Podpora zamestnancov . V\u00fd\u0161ka \u00fahrady za 1 hodinu opatrovate\u013eskej slu\u017eby je stanoven\u00e1 V\u0161eobecne z\u00e1v\u00e4zn\u00fdm nariaden\u00edm Mesta Nitry o soci\u00e1lnych slu\u017eb\u00e1ch nasledovne: \u010cas poskytovania opatrovate\u013eskej slu\u017eby \u00dahrada prij\u00edmate\u013ea za opatrovate\u013esk\u00fa slu\u017ebu v \u20ac\/hodinu [&hellip;]<\/p>\n","protected":false},"author":1,"featured_media":0,"parent":3203,"menu_order":0,"comment_status":"closed","ping_status":"closed","template":"","meta":{"footnotes":""},"class_list":["post-3228","page","type-page","status-publish","hentry"],"_links":{"self":[{"href":"http:\/\/szss-nitra.sk\/index.php?rest_route=\/wp\/v2\/pages\/3228","targetHints":{"allow":["GET"]}}],"collection":[{"href":"http:\/\/szss-nitra.sk\/index.php?rest_route=\/wp\/v2\/pages"}],"about":[{"href":"http:\/\/szss-nitra.sk\/index.php?rest_route=\/wp\/v2\/types\/page"}],"author":[{"embeddable":true,"href":"http:\/\/szss-nitra.sk\/index.php?rest_route=\/wp\/v2\/users\/1"}],"replies":[{"embeddable":true,"href":"http:\/\/szss-nitra.sk\/index.php?rest_route=%2Fwp%2Fv2%2Fcomments&post=3228"}],"version-history":[{"count":15,"href":"http:\/\/szss-nitra.sk\/index.php?rest_route=\/wp\/v2\/pages\/3228\/revisions"}],"predecessor-version":[{"id":15058,"href":"http:\/\/szss-nitra.sk\/index.php?rest_route=\/wp\/v2\/pages\/3228\/revisions\/15058"}],"up":[{"embeddable":true,"href":"http:\/\/szss-nitra.sk\/index.php?rest_route=\/wp\/v2\/pages\/3203"}],"wp:attachment":[{"href":"http:\/\/szss-nitra.sk\/index.php?rest_route=%2Fwp%2Fv2%2Fmedia&parent=3228"}],"curies":[{"name":"wp","href":"https:\/\/api.w.org\/{rel}","templated":true}]}}