{"id":3226,"date":"2017-06-07T21:08:16","date_gmt":"2017-06-07T19:08:16","guid":{"rendered":"http:\/\/szss-nitra.sk\/?page_id=3226"},"modified":"2025-09-11T01:52:14","modified_gmt":"2025-09-10T23:52:14","slug":"domaca-opatrovatelska-sluzba-cas-poskytovania","status":"publish","type":"page","link":"http:\/\/szss-nitra.sk\/?page_id=3226","title":{"rendered":"Dom\u00e1ca opatrovate\u013esk\u00e1 slu\u017eba"},"content":{"rendered":"<table style=\"border: none;\">\n<tbody>\n<tr>\n<td style=\"width: 30%; vertical-align: top;\"><a href=\"http:\/\/szss-nitra.sk\/?page_id=10644\">Poslanie, hodnoty a v\u00edzia<\/a><\/p>\n<p><a href=\"http:\/\/szss-nitra.sk\/?page_id=3219\">Kontakt<\/a><\/p>\n<p><a href=\"http:\/\/szss-nitra.sk\/?page_id=3222\">Ako vybavi\u0165<\/a><\/p>\n<p><a href=\"http:\/\/szss-nitra.sk\/?page_id=3224\">\u00dakony opatrovate\u013eskej slu\u017eby<\/a><\/p>\n<p><a href=\"http:\/\/szss-nitra.sk\/?page_id=4191\">Legislat\u00edva<\/a><\/p>\n<p><strong><span style=\"color: #000000;\"><a style=\"color: #000000;\" href=\"http:\/\/szss-nitra.sk\/?page_id=3226\">\u010cas poskytovania slu\u017eby<\/a><\/span><\/strong><\/p>\n<p><a href=\"http:\/\/szss-nitra.sk\/?page_id=9022\">Evidencia \u017eiadate\u013eov<\/a><\/p>\n<p><a href=\"http:\/\/szss-nitra.sk\/?page_id=3228\">Cenn\u00edk<\/a><\/p>\n<p><a href=\"http:\/\/szss-nitra.sk\/?page_id=3230\">Domy s opatrovate\u013eskou slu\u017ebou<\/a><\/p>\n<p><a href=\"http:\/\/szss-nitra.sk\/?page_id=3232\">Sp\u00e4tn\u00e1 v\u00e4zba<\/a><\/p>\n<p><a href=\"http:\/\/szss-nitra.sk\/?page_id=10873\">Podpora zamestnancov<\/a><\/p>\n<p><img loading=\"lazy\" decoding=\"async\" class=\"alignnone size-full wp-image-10642\" src=\"http:\/\/szss-nitra.sk\/wp-content\/uploads\/2023\/11\/menu_ico_TOS4.png\" alt=\"\" width=\"160\" height=\"130\"><\/td>\n<td><span style=\"color: #ffffff;\">.<\/span><\/td>\n<td style=\"vertical-align: top; text-align: justify;\">Opatrovate\u013esk\u00fa slu\u017ebu poskytujeme v pracovn\u00e9 dni v pracovnom \u010dase od 7,00 hod. do 16,00 hod., pr\u00edpadne do 19,00 hod. V \u010dase od 16,00 hod do 19,00 hod. sa zvy\u0161uje v\u00fd\u0161ka \u00fahrady za 1 hodinu poskytnutej opatrovate\u013eskej slu\u017eby.<\/td>\n<\/tr>\n<\/tbody>\n<\/table>\n","protected":false},"excerpt":{"rendered":"<p>Poslanie, hodnoty a v\u00edzia Kontakt Ako vybavi\u0165 \u00dakony opatrovate\u013eskej slu\u017eby Legislat\u00edva \u010cas poskytovania slu\u017eby Evidencia \u017eiadate\u013eov Cenn\u00edk Domy s opatrovate\u013eskou slu\u017ebou Sp\u00e4tn\u00e1 v\u00e4zba Podpora zamestnancov . Opatrovate\u013esk\u00fa slu\u017ebu poskytujeme v pracovn\u00e9 dni v pracovnom \u010dase od 7,00 hod. do 16,00 hod., pr\u00edpadne do 19,00 hod. V \u010dase od 16,00 hod do 19,00 hod. sa zvy\u0161uje [&hellip;]<\/p>\n","protected":false},"author":1,"featured_media":0,"parent":3203,"menu_order":0,"comment_status":"closed","ping_status":"closed","template":"","meta":{"footnotes":""},"class_list":["post-3226","page","type-page","status-publish","hentry"],"_links":{"self":[{"href":"http:\/\/szss-nitra.sk\/index.php?rest_route=\/wp\/v2\/pages\/3226","targetHints":{"allow":["GET"]}}],"collection":[{"href":"http:\/\/szss-nitra.sk\/index.php?rest_route=\/wp\/v2\/pages"}],"about":[{"href":"http:\/\/szss-nitra.sk\/index.php?rest_route=\/wp\/v2\/types\/page"}],"author":[{"embeddable":true,"href":"http:\/\/szss-nitra.sk\/index.php?rest_route=\/wp\/v2\/users\/1"}],"replies":[{"embeddable":true,"href":"http:\/\/szss-nitra.sk\/index.php?rest_route=%2Fwp%2Fv2%2Fcomments&post=3226"}],"version-history":[{"count":13,"href":"http:\/\/szss-nitra.sk\/index.php?rest_route=\/wp\/v2\/pages\/3226\/revisions"}],"predecessor-version":[{"id":15057,"href":"http:\/\/szss-nitra.sk\/index.php?rest_route=\/wp\/v2\/pages\/3226\/revisions\/15057"}],"up":[{"embeddable":true,"href":"http:\/\/szss-nitra.sk\/index.php?rest_route=\/wp\/v2\/pages\/3203"}],"wp:attachment":[{"href":"http:\/\/szss-nitra.sk\/index.php?rest_route=%2Fwp%2Fv2%2Fmedia&parent=3226"}],"curies":[{"name":"wp","href":"https:\/\/api.w.org\/{rel}","templated":true}]}}