{"id":3224,"date":"2017-06-07T21:07:29","date_gmt":"2017-06-07T19:07:29","guid":{"rendered":"http:\/\/szss-nitra.sk\/?page_id=3224"},"modified":"2025-09-11T01:51:41","modified_gmt":"2025-09-10T23:51:41","slug":"domaca-opatrovatelska-sluzba-ukony","status":"publish","type":"page","link":"http:\/\/szss-nitra.sk\/?page_id=3224","title":{"rendered":"Dom\u00e1ca opatrovate\u013esk\u00e1 slu\u017eba"},"content":{"rendered":"<table style=\"border: none;\">\n<tbody>\n<tr>\n<td style=\"width: 30%; vertical-align: top;\"><a href=\"http:\/\/szss-nitra.sk\/?page_id=10644\">Poslanie, hodnoty a v\u00edzia<\/a><\/p>\n<p><a href=\"http:\/\/szss-nitra.sk\/?page_id=3219\">Kontakt<\/a><\/p>\n<p><a href=\"http:\/\/szss-nitra.sk\/?page_id=3222\">Ako vybavi\u0165<\/a><\/p>\n<p><strong><span style=\"color: #000000;\"><a style=\"color: #000000;\" href=\"http:\/\/szss-nitra.sk\/?page_id=3224\">\u00dakony opatrovate\u013eskej slu\u017eby<\/a><\/span><\/strong><\/p>\n<p><a href=\"http:\/\/szss-nitra.sk\/?page_id=4191\">Legislat\u00edva<\/a><\/p>\n<p><a href=\"http:\/\/szss-nitra.sk\/?page_id=3226\">\u010cas poskytovania slu\u017eby<\/a><\/p>\n<p><a href=\"http:\/\/szss-nitra.sk\/?page_id=9022\">Evidencia \u017eiadate\u013eov<\/a><\/p>\n<p><a href=\"http:\/\/szss-nitra.sk\/?page_id=3228\">Cenn\u00edk<\/a><\/p>\n<p><a href=\"http:\/\/szss-nitra.sk\/?page_id=3230\">Domy s opatrovate\u013eskou slu\u017ebou<\/a><\/p>\n<p><a href=\"http:\/\/szss-nitra.sk\/?page_id=3232\">Sp\u00e4tn\u00e1 v\u00e4zba<\/a><\/p>\n<p><a href=\"http:\/\/szss-nitra.sk\/?page_id=10873\">Podpora zamestnancov<\/a><\/p>\n<p><img loading=\"lazy\" decoding=\"async\" class=\"alignnone size-full wp-image-10642\" src=\"http:\/\/szss-nitra.sk\/wp-content\/uploads\/2023\/11\/menu_ico_TOS4.png\" alt=\"\" width=\"160\" height=\"130\" \/><\/td>\n<td><span style=\"color: #ffffff;\">.<\/span><\/td>\n<td style=\"vertical-align: top;\"><strong>I. Sebaobslu\u017en\u00e9 \u00fakony<\/strong><br \/>\n<em>a) Osobn\u00e1 hygiena<\/em><br \/>\n\u2013 hygienick\u00e1 starostlivos\u0165 o jednotliv\u00e9 \u010dasti tela: ruky, tv\u00e1r, zuby, nechty (holenie, \u010desanie, um\u00fdvanie, make-up, odli\u010dovanie, strihanie nechtov na ruk\u00e1ch a na noh\u00e1ch, aplik\u00e1cia kr\u00e9mov, masti, pr\u00edpadne medikamentov),celkov\u00fd k\u00fape\u013e<br \/>\n\u2013 hygienick\u00e1 starostlivos\u0165 o cel\u00e9 telo vo vani, pr\u00edpadne v sprche s umyt\u00edm vlasov (celkov\u00fd k\u00fape\u013e sa vykon\u00e1va v\u017edy vo vani alebo v sprchovacom k\u00fate),<br \/>\n<span style=\"color: #ffffff;\">.<\/span><br \/>\n<em>b) Stravovanie a dodr\u017eiavanie pitn\u00e9ho re\u017eimu<\/em><br \/>\n\u2013 porciovanie stravy,<br \/>\n\u2013 obsluha (prinesenie stravy a n\u00e1poja na dosah klienta),<br \/>\n\u2013 k\u0155menie a pomoc pri pit\u00ed<br \/>\n<span style=\"color: #ffffff;\">.<\/span><br \/>\n<em>c) Vypr\u00e1zd\u0148ovanie mo\u010dov\u00e9ho mech\u00fara a hrub\u00e9ho \u010dreva<\/em><br \/>\n\u2013 sprievod na toaletu,<br \/>\n\u2013 pomoc pri vyzliekan\u00ed, obliekan\u00ed,<br \/>\n\u2013 \u00fa\u010deln\u00e1 o\u010dista po toalete,<br \/>\n\u2013 sprievod z toalety,<br \/>\n\u2013 podanie podlo\u017enej misy, mo\u010dovej f\u013ea\u0161e s n\u00e1sledn\u00fdm o\u010disten\u00edm\u00a0podlo\u017enej misy (f\u013ea\u0161e),<br \/>\n\u2013 ochrana osobnej a poste\u013enej bielizne pred zne\u010disten\u00edm (nasadenie a v\u00fdmena plienky),<br \/>\n<span style=\"color: #ffffff;\">.<\/span><br \/>\n<em>d) Obliekanie, vyzliekanie<\/em><br \/>\n\u2013 v\u00fdber oble\u010denia (rozpoznanie jeho spr\u00e1vneho vrstvenia a farieb),<br \/>\n\u2013 obliekanie, ob\u00favanie,<br \/>\n\u2013 vyzliekanie, vyz\u00favanie,<br \/>\n<span style=\"color: #ffffff;\">.<\/span><br \/>\n<em>e) Mobilita, motorika<\/em><br \/>\n\u2013 sprievod pri ch\u00f4dzi (ch\u00f4dza po rovine, po schodoch),<br \/>\n\u2013 pomoc pri vst\u00e1van\u00ed z l\u00f4\u017eka, pomoc pri l\u00edhan\u00ed na l\u00f4\u017eko,<br \/>\n\u2013 polohovanie,<br \/>\n\u2013 pomoc pri manipul\u00e1cii s predmetmi (napr\u00edklad pri uchopen\u00ed ly\u017ei\u010dky, zap\u00ednan\u00ed gomb\u00edkov),<br \/>\n\u2013 obsluha a premiest\u0148ovanie predmetov dennej potreby.<br \/>\n<span style=\"color: #ffffff;\">.<\/span><br \/>\n<em>f) dodr\u017eiavanie lie\u010debn\u00e9ho re\u017eimu<\/em><br \/>\nv dom\u00e1com prostred\u00ed<br \/>\n\u2013 n\u00e1kup liekov, pod\u00e1vanie liekov a aplik\u00e1cia mast\u00ed,<br \/>\n\u2013 kontrola glyk\u00e9mie glukomerom,<br \/>\n\u2013 odmeranie krvn\u00e9ho tlaku, pulzu a telesnej teploty,<br \/>\n\u2013 aplik\u00e1cia lie\u010diva subkut\u00e1nne (napr\u00edklad inzul\u00ednu),<br \/>\n\u2013 polohovanie,<br \/>\n<span style=\"color: #ffffff;\">.<\/span><br \/>\nv zariaden\u00ed<br \/>\n\u2013 n\u00e1kup liekov,<br \/>\n\u2013 polohovanie.<br \/>\n<span style=\"color: #ffffff;\">.<\/span><br \/>\n<strong>II. \u00dakony starostlivosti o svoju dom\u00e1cnos\u0165<\/strong><\/p>\n<p>a) n\u00e1kup potrav\u00edn a in\u00e9ho drobn\u00e9ho spotrebn\u00e9ho tovaru,<br \/>\nb) pr\u00edprava jedla, varenie, zohrievanie jedla,<br \/>\nc) don\u00e1\u0161ka jedla do domu,<br \/>\nd) umytie riadu,<br \/>\ne) be\u017en\u00e9 upratovanie v dom\u00e1cnosti,<br \/>\nf) obsluha be\u017en\u00fdch dom\u00e1cich spotrebi\u010dov,<br \/>\ng) starostlivos\u0165 o bielize\u0148 (pranie, \u017eehlenie),<br \/>\nh) starostlivos\u0165 o l\u00f4\u017eko,<br \/>\ni) vyn\u00e1\u0161anie drobn\u00e9ho odpadu do zbernej smetnej n\u00e1doby,<br \/>\nj) don\u00e1\u0161ka uhlia, don\u00e1\u0161ka dreva, vynesenie popola, don\u00e1\u0161ka vody, k\u00farenie vo vykurovac\u00edch teles\u00e1ch a ich \u010distenie,<br \/>\nk) \u010fal\u0161ie jednoduch\u00e9 \u00fakony spojen\u00e9 s prev\u00e1dzkou a udr\u017eiavan\u00edm dom\u00e1cnosti (administrat\u00edvne \u00fakony spojen\u00e9 s veden\u00edm dom\u00e1cnosti, napr\u00edklad zabezpe\u010denie \u00fahrady platieb).<\/p>\n<p><strong>III. Z\u00e1kladn\u00e9 soci\u00e1lne aktivity<\/strong><\/p>\n<p>a) sprievod<br \/>\n\u2013 na lek\u00e1rske vy\u0161etrenie,<br \/>\n\u2013 na vybavenie \u00faradn\u00fdch z\u00e1le\u017eitost\u00ed,<br \/>\n\u2013 do \u0161koly, zo \u0161koly, do zamestnania a zo zamestnania,<br \/>\n\u2013 pri z\u00e1ujmov\u00fdch \u010dinnostiach,<\/p>\n<p>b) pred\u010d\u00edtanie pre fyzick\u00fa osobu, ktor\u00e1 je nevidiaca alebo prakticky nevidiaca najm\u00e4 pri vybavovan\u00ed \u00faradn\u00fdch z\u00e1le\u017eitost\u00ed, pri vybavovan\u00ed \u00faradnej a osobnej kore\u0161pondencie a pri nakupovan\u00ed,<\/p>\n<p>c) tlmo\u010denie<br \/>\n\u2013 pre fyzick\u00fa osobu, ktor\u00e1 je nepo\u010duj\u00faca alebo fyzick\u00fa osobu, ktor\u00e1 m\u00e1 \u0165a\u017ek\u00fa obojstrann\u00fa nedosl\u00fdchavos\u0165, najm\u00e4 pri vybavovan\u00ed \u00faradn\u00fdch z\u00e1le\u017eitost\u00ed, pri n\u00e1v\u0161teve lek\u00e1ra, pri z\u00e1ujmov\u00fdch \u010dinnostiach,<br \/>\n\u2013 pre fyzick\u00fa osobu, ktor\u00e1 je hluchoslep\u00e1, najm\u00e4 pri vybavovan\u00ed \u00faradn\u00fdch z\u00e1le\u017eitost\u00ed, pri vybavovan\u00ed \u00faradnej a osobnej kore\u0161pondencie a pri nakupovan\u00ed, pri n\u00e1v\u0161teve lek\u00e1ra, pri z\u00e1ujmov\u00fdch \u010dinnostiach.<\/p>\n<p><strong>IV. Doh\u013ead\u00a0<\/strong><br \/>\n\u2013 in\u0161truovanie, usmer\u0148ovanie, monitorovanie a kontrola fyzickej osoby pri pl\u00e1novan\u00ed, pr\u00edprave a vykon\u00e1van\u00ed sebaobslu\u017en\u00fdch \u00fakonov, \u00fakonov starostlivosti o dom\u00e1cnos\u0165 a z\u00e1kladn\u00fdch soci\u00e1lnych aktiv\u00edt.<\/td>\n<\/tr>\n<\/tbody>\n<\/table>\n","protected":false},"excerpt":{"rendered":"<p>Poslanie, hodnoty a v\u00edzia Kontakt Ako vybavi\u0165 \u00dakony opatrovate\u013eskej slu\u017eby Legislat\u00edva \u010cas poskytovania slu\u017eby Evidencia \u017eiadate\u013eov Cenn\u00edk Domy s opatrovate\u013eskou slu\u017ebou Sp\u00e4tn\u00e1 v\u00e4zba Podpora zamestnancov . I. Sebaobslu\u017en\u00e9 \u00fakony a) Osobn\u00e1 hygiena \u2013 hygienick\u00e1 starostlivos\u0165 o jednotliv\u00e9 \u010dasti tela: ruky, tv\u00e1r, zuby, nechty (holenie, \u010desanie, um\u00fdvanie, make-up, odli\u010dovanie, strihanie nechtov na ruk\u00e1ch a na noh\u00e1ch, [&hellip;]<\/p>\n","protected":false},"author":1,"featured_media":0,"parent":3203,"menu_order":0,"comment_status":"closed","ping_status":"closed","template":"","meta":{"footnotes":""},"class_list":["post-3224","page","type-page","status-publish","hentry"],"_links":{"self":[{"href":"http:\/\/szss-nitra.sk\/index.php?rest_route=\/wp\/v2\/pages\/3224","targetHints":{"allow":["GET"]}}],"collection":[{"href":"http:\/\/szss-nitra.sk\/index.php?rest_route=\/wp\/v2\/pages"}],"about":[{"href":"http:\/\/szss-nitra.sk\/index.php?rest_route=\/wp\/v2\/types\/page"}],"author":[{"embeddable":true,"href":"http:\/\/szss-nitra.sk\/index.php?rest_route=\/wp\/v2\/users\/1"}],"replies":[{"embeddable":true,"href":"http:\/\/szss-nitra.sk\/index.php?rest_route=%2Fwp%2Fv2%2Fcomments&post=3224"}],"version-history":[{"count":14,"href":"http:\/\/szss-nitra.sk\/index.php?rest_route=\/wp\/v2\/pages\/3224\/revisions"}],"predecessor-version":[{"id":15055,"href":"http:\/\/szss-nitra.sk\/index.php?rest_route=\/wp\/v2\/pages\/3224\/revisions\/15055"}],"up":[{"embeddable":true,"href":"http:\/\/szss-nitra.sk\/index.php?rest_route=\/wp\/v2\/pages\/3203"}],"wp:attachment":[{"href":"http:\/\/szss-nitra.sk\/index.php?rest_route=%2Fwp%2Fv2%2Fmedia&parent=3224"}],"curies":[{"name":"wp","href":"https:\/\/api.w.org\/{rel}","templated":true}]}}