{"id":3219,"date":"2017-06-07T21:04:33","date_gmt":"2017-06-07T19:04:33","guid":{"rendered":"http:\/\/szss-nitra.sk\/?page_id=3219"},"modified":"2026-02-09T13:58:44","modified_gmt":"2026-02-09T11:58:44","slug":"domaca-opatrovatelska-sluzba-kontakt","status":"publish","type":"page","link":"http:\/\/szss-nitra.sk\/?page_id=3219","title":{"rendered":"Dom\u00e1ca opatrovate\u013esk\u00e1 slu\u017eba"},"content":{"rendered":"<table style=\"border: none;\">\n<tbody>\n<tr>\n<td style=\"width: 30%; vertical-align: top;\"><a href=\"http:\/\/szss-nitra.sk\/?page_id=10644\">Poslanie, hodnoty a v\u00edzia<\/a><\/p>\n<p><a style=\"color: #000000;\" href=\"http:\/\/szss-nitra.sk\/?page_id=3219\">Kontakt<\/a><\/p>\n<p><a href=\"http:\/\/szss-nitra.sk\/?page_id=3222\">Ako vybavi\u0165<\/a><\/p>\n<p><a href=\"http:\/\/szss-nitra.sk\/?page_id=3224\">\u00dakony opatrovate\u013eskej slu\u017eby<\/a><\/p>\n<p><a href=\"http:\/\/szss-nitra.sk\/?page_id=4191\">Legislat\u00edva<\/a><\/p>\n<p><a href=\"http:\/\/szss-nitra.sk\/?page_id=3226\">\u010cas poskytovania slu\u017eby<\/a><\/p>\n<p><a href=\"http:\/\/szss-nitra.sk\/?page_id=9022\">Evidencia \u017eiadate\u013eov<\/a><\/p>\n<p><a href=\"http:\/\/szss-nitra.sk\/?page_id=3228\">Cenn\u00edk<\/a><\/p>\n<p><a href=\"http:\/\/szss-nitra.sk\/?page_id=3230\">Domy s opatrovate\u013eskou slu\u017ebou<\/a><\/p>\n<p><a href=\"http:\/\/szss-nitra.sk\/?page_id=3232\">Sp\u00e4tn\u00e1 v\u00e4zba<\/a><\/p>\n<p><a href=\"http:\/\/szss-nitra.sk\/?page_id=10873\">Podpora zamestnancov<\/a><\/p>\n<p><img loading=\"lazy\" decoding=\"async\" class=\"alignnone size-full wp-image-10642\" src=\"http:\/\/szss-nitra.sk\/wp-content\/uploads\/2023\/11\/menu_ico_TOS4.png\" alt=\"\" width=\"160\" height=\"130\" \/><\/td>\n<td><em>Str\u00e1nkov\u00e9 hodiny pre verejnos\u0165:<\/em><br \/>\nPondelok &#8211; \u0160tvrtok &#8211; 8:00 &#8211; 15:00<br \/>\nPiatok &#8211; 8:00 &#8211; 14:00<\/p>\n<p><em>Ved\u00faca \u00faseku soci\u00e1lnych slu\u017eieb Bani\u010dova a Olympia:<\/em><br \/>\n<span style=\"color: #ffffff;\">.<\/span><br \/>\nPhDr. Silvia <strong>Lu\u017e\u00e1kov\u00e1<\/strong><br \/>\nSpr\u00e1va zariaden\u00ed soci\u00e1lnych slu\u017eieb<br \/>\nBani\u010dova 522\/12, Nitra<br \/>\nTel.\u010d.: 037\/69 255 27<br \/>\nMobil: 0911 665 117<br \/>\nMail: luzakova<img decoding=\"async\" src=\"http:\/\/szss-nitra.sk\/wp-content\/images\/zavinac.png\" \/>szss-nitra.sk<br \/>\n<span style=\"color: #ffffff;\">.<\/span><br \/>\n<em>Soci\u00e1lny pracovn\u00edk:<\/em><br \/>\n<span style=\"color: #ffffff;\">.<\/span><br \/>\nMgr. Silvia <strong>G\u00e1borov\u00e1<\/strong><br \/>\n<span style=\"color: #003366;\">prev\u00e1dzka Bytov\u00fd dom Senior, Kr\u010dm\u00e9ryho 2953\/2C, Nitra<\/span><br \/>\nKoordinuje poskytovanie opatrovate\u013eskej slu\u017eby v mestskej \u010dasti: Chrenov\u00e1, Zobor<br \/>\nTel. \u010d\u00edslo: 037\/69 255 24<br \/>\nMobil: 0911 815 719<br \/>\nMobil: 0902 044 654 &#8211; opatrovate\u013eky<br \/>\nMail:\u00a0 gaborova<img decoding=\"async\" class=\"\" src=\"http:\/\/szss-nitra.sk\/wp-content\/images\/zavinac.png\" \/>szss-nitra.sk<br \/>\n<span style=\"color: #ffffff;\">.<\/span><br \/>\nMgr. Em\u00edlia\u00a0<strong>Svetl\u00edkov\u00e1<\/strong><br \/>\n<span style=\"color: #003366;\">prev\u00e1dzka Dom s opatrovate\u013eskou slu\u017ebou, J. Kr\u00e1\u013ea 1046\/2, Nitra<\/span><br \/>\n<span style=\"color: #003366;\">prev\u00e1dzka Dom s opatrovate\u013eskou slu\u017ebou, Bernol\u00e1kova 1490\/16, Nitra<\/span><br \/>\nKoordinuje poskytovanie opatrovate\u013eskej slu\u017eby v domoch s opatrovate\u013ekou slu\u017ebou.<br \/>\nTel. \u010d\u00edslo: 037\/69 255 24<br \/>\nMobil: 0951 792 912<br \/>\nMail: svetlikova<img decoding=\"async\" class=\"\" src=\"http:\/\/szss-nitra.sk\/wp-content\/images\/zavinac.png\" \/>szss-nitra.sk<br \/>\n<span style=\"color: #ffffff;\">.<\/span><br \/>\nMgr. Michaela <strong>Tur\u00e1nyiov\u00e1<\/strong><br \/>\nKoordinuje poskytovanie opatrovate\u013eskej slu\u017eby v mestskej \u010dasti: Kloko\u010dina, \u010cerm\u00e1\u0148, Kalv\u00e1ria, Star\u00e9 mesto, Jan\u00edkovce, Kr\u0161kany, Dra\u017eovce, Kynek, P\u00e1rovsk\u00e9 h\u00e1je<br \/>\nTel. \u010d\u00edslo: 037\/69 255 26<br \/>\nMobil: 0904 070 527<br \/>\nMobil: 0902 046 876 &#8211; opatrovate\u013eky, Bytov\u00fd dom Senior<br \/>\nMail: turanyiova<img decoding=\"async\" class=\"\" src=\"http:\/\/szss-nitra.sk\/wp-content\/images\/zavinac.png\" \/>szss-nitra.sk<br \/>\n<span style=\"color: #ffffff;\">.<\/span><br \/>\n<em>Asistent b\u00fdvania:<\/em><br \/>\n<span style=\"color: #ffffff;\">.<\/span><br \/>\nMgr. Be\u00e1ta <strong>Hriadelov\u00e1<\/strong><br \/>\n<span style=\"color: #003366;\">prev\u00e1dzka Dom s opatrovate\u013ekou slu\u017ebou, J. Kr\u00e1\u013ea 1046\/2, Nitra<\/span><br \/>\nTel. \u010d\u00edslo: 037\/77 21 779<br \/>\nMobil: 0902 403 851<br \/>\nMail: hriadelova<img decoding=\"async\" class=\"\" src=\"http:\/\/szss-nitra.sk\/wp-content\/images\/zavinac.png\" \/>szss-nitra.sk<br \/>\n<span style=\"color: #ffffff;\">.<\/span><br \/>\n<span style=\"color: #ffffff;\">.<\/span><\/td>\n<\/tr>\n<\/tbody>\n<\/table>\n","protected":false},"excerpt":{"rendered":"<p>Poslanie, hodnoty a v\u00edzia Kontakt Ako vybavi\u0165 \u00dakony opatrovate\u013eskej slu\u017eby Legislat\u00edva \u010cas poskytovania slu\u017eby Evidencia \u017eiadate\u013eov Cenn\u00edk Domy s opatrovate\u013eskou slu\u017ebou Sp\u00e4tn\u00e1 v\u00e4zba Podpora zamestnancov Str\u00e1nkov\u00e9 hodiny pre verejnos\u0165: Pondelok &#8211; \u0160tvrtok &#8211; 8:00 &#8211; 15:00 Piatok &#8211; 8:00 &#8211; 14:00 Ved\u00faca \u00faseku soci\u00e1lnych slu\u017eieb Bani\u010dova a Olympia: . PhDr. Silvia Lu\u017e\u00e1kov\u00e1 Spr\u00e1va zariaden\u00ed soci\u00e1lnych [&hellip;]<\/p>\n","protected":false},"author":1,"featured_media":0,"parent":3203,"menu_order":0,"comment_status":"closed","ping_status":"closed","template":"","meta":{"footnotes":""},"class_list":["post-3219","page","type-page","status-publish","hentry"],"_links":{"self":[{"href":"http:\/\/szss-nitra.sk\/index.php?rest_route=\/wp\/v2\/pages\/3219","targetHints":{"allow":["GET"]}}],"collection":[{"href":"http:\/\/szss-nitra.sk\/index.php?rest_route=\/wp\/v2\/pages"}],"about":[{"href":"http:\/\/szss-nitra.sk\/index.php?rest_route=\/wp\/v2\/types\/page"}],"author":[{"embeddable":true,"href":"http:\/\/szss-nitra.sk\/index.php?rest_route=\/wp\/v2\/users\/1"}],"replies":[{"embeddable":true,"href":"http:\/\/szss-nitra.sk\/index.php?rest_route=%2Fwp%2Fv2%2Fcomments&post=3219"}],"version-history":[{"count":45,"href":"http:\/\/szss-nitra.sk\/index.php?rest_route=\/wp\/v2\/pages\/3219\/revisions"}],"predecessor-version":[{"id":15919,"href":"http:\/\/szss-nitra.sk\/index.php?rest_route=\/wp\/v2\/pages\/3219\/revisions\/15919"}],"up":[{"embeddable":true,"href":"http:\/\/szss-nitra.sk\/index.php?rest_route=\/wp\/v2\/pages\/3203"}],"wp:attachment":[{"href":"http:\/\/szss-nitra.sk\/index.php?rest_route=%2Fwp%2Fv2%2Fmedia&parent=3219"}],"curies":[{"name":"wp","href":"https:\/\/api.w.org\/{rel}","templated":true}]}}