{"id":174,"date":"2013-07-01T11:09:30","date_gmt":"2013-07-01T09:09:30","guid":{"rendered":"http:\/\/szss-nitra.sk\/?page_id=174"},"modified":"2022-11-21T13:19:22","modified_gmt":"2022-11-21T11:19:22","slug":"profil-verejneho-obstaravatela-4","status":"publish","type":"page","link":"http:\/\/szss-nitra.sk\/?page_id=174","title":{"rendered":"Verejn\u00e9 obstar\u00e1vanie"},"content":{"rendered":"<p><strong>Identifika\u010dn\u00e9 \u00fadaje:<\/strong><\/p>\n<p>N\u00e1zov organiz\u00e1cie : Spr\u00e1va zariaden\u00ed soci\u00e1lnych slu\u017eieb<br \/>\nS\u00eddlo: Jansk\u00e9ho 7, 949 01 Nitra<br \/>\nI\u010cO: 37 966 456<br \/>\n\u0160tatut\u00e1rny z\u00e1stupca: PhDr. Libu\u0161a Mu\u0161\u00e1kov\u00e1<br \/>\nWeb: www.szss-nitra.sk<\/p>\n<p><strong>Profil:<\/strong><\/p>\n<p style=\"text-align: justify;\">Spr\u00e1va zariaden\u00ed soci\u00e1lnych slu\u017eieb Nitra je verejn\u00fdm obstar\u00e1vate\u013eom pod\u013ea \u00a7 6 ods. 1 p\u00edsm. d) z\u00e1kona \u010d. 25\/2006 Z.z. o verejnom obstar\u00e1van\u00ed a o zmene a doplnen\u00ed niektor\u00fdch z\u00e1konov v znen\u00ed neskor\u0161\u00edch predpisov (\u010falej len \u201ez\u00e1kon o verejnom obstar\u00e1van\u00ed\u201c).<\/p>\n<p style=\"text-align: justify;\">Zad\u00e1vanie z\u00e1kaziek na dodanie tovarov, poskytovanie slu\u017eieb, uskuto\u010dnenie stavebn\u00fdch pr\u00e1c realizuje verejn\u00fd obstar\u00e1vate\u013e v s\u00falade s platn\u00fdm z\u00e1konom o verejnom obstar\u00e1van\u00ed.<\/p>\n<p style=\"text-align: justify;\">Verejn\u00e9 obstar\u00e1vanie pod\u013ea schv\u00e1len\u00e9ho harmonogramu verejn\u00e9ho obstar\u00e1vania na pr\u00edslu\u0161n\u00fd kalend\u00e1rny rok, pr\u00edpadne pod\u013ea opodstatnen\u00fdch po\u017eiadaviek zabezpe\u010duj\u00fa odborne sp\u00f4sobil\u00e9 osoby na verejn\u00e9 obstar\u00e1vanie v spolupr\u00e1ci s jednotliv\u00fdmi\u00a0 \u00fatvarmi pod\u013ea vn\u00fatornej Smernice upravuj\u00facej jednotn\u00fd postup pri verejnom obstar\u00e1van\u00ed z\u00e1kaziek na dodanie tovarov, z\u00e1kaziek na uskuto\u010dnenie stavebn\u00fdch pr\u00e1c.<\/p>\n<p style=\"text-align: justify;\">Verejn\u00fd obstar\u00e1vate\u013e zabezpe\u010duje zad\u00e1vanie z\u00e1kaziek na dodanie tovarov, slu\u017eieb a stavebn\u00fdch pr\u00e1c aj s vyu\u017eit\u00edm elektronickej aukcie. V\u0161etky ozn\u00e1menia pou\u017e\u00edvan\u00e9 vo verejnom obstar\u00e1van\u00ed s\u00fa zverej\u0148ovan\u00e9 v \u00daradnom vestn\u00edku Eur\u00f3pskej \u00fanie, vo Vestn\u00edku verejn\u00e9ho obstar\u00e1vania a vo svojom\u00a0\u00a0 \u201eProfile verejn\u00e9ho obstar\u00e1vate\u013ea\u201c.<\/p>\n<p style=\"text-align: justify;\">\n<p><span style=\"color: #0000ff;\"><strong>Vyhodnotenie VO : <\/strong><\/span><\/p>\n<p><span style=\"color: #0000ff;\">\u00a0<\/span><\/p>\n<p><span style=\"color: #0000ff;\"><strong>V\u00fdzvy:<\/strong><\/span><\/p>\n","protected":false},"excerpt":{"rendered":"<p>Identifika\u010dn\u00e9 \u00fadaje: N\u00e1zov organiz\u00e1cie : Spr\u00e1va zariaden\u00ed soci\u00e1lnych slu\u017eieb S\u00eddlo: Jansk\u00e9ho 7, 949 01 Nitra I\u010cO: 37 966 456 \u0160tatut\u00e1rny z\u00e1stupca: PhDr. Libu\u0161a Mu\u0161\u00e1kov\u00e1 Web: www.szss-nitra.sk Profil: Spr\u00e1va zariaden\u00ed soci\u00e1lnych slu\u017eieb Nitra je verejn\u00fdm obstar\u00e1vate\u013eom pod\u013ea \u00a7 6 ods. 1 p\u00edsm. d) z\u00e1kona \u010d. 25\/2006 Z.z. o verejnom obstar\u00e1van\u00ed a o zmene a doplnen\u00ed niektor\u00fdch [&hellip;]<\/p>\n","protected":false},"author":1,"featured_media":0,"parent":609,"menu_order":0,"comment_status":"closed","ping_status":"closed","template":"","meta":{"footnotes":""},"class_list":["post-174","page","type-page","status-publish","hentry"],"_links":{"self":[{"href":"http:\/\/szss-nitra.sk\/index.php?rest_route=\/wp\/v2\/pages\/174","targetHints":{"allow":["GET"]}}],"collection":[{"href":"http:\/\/szss-nitra.sk\/index.php?rest_route=\/wp\/v2\/pages"}],"about":[{"href":"http:\/\/szss-nitra.sk\/index.php?rest_route=\/wp\/v2\/types\/page"}],"author":[{"embeddable":true,"href":"http:\/\/szss-nitra.sk\/index.php?rest_route=\/wp\/v2\/users\/1"}],"replies":[{"embeddable":true,"href":"http:\/\/szss-nitra.sk\/index.php?rest_route=%2Fwp%2Fv2%2Fcomments&post=174"}],"version-history":[{"count":57,"href":"http:\/\/szss-nitra.sk\/index.php?rest_route=\/wp\/v2\/pages\/174\/revisions"}],"predecessor-version":[{"id":9017,"href":"http:\/\/szss-nitra.sk\/index.php?rest_route=\/wp\/v2\/pages\/174\/revisions\/9017"}],"up":[{"embeddable":true,"href":"http:\/\/szss-nitra.sk\/index.php?rest_route=\/wp\/v2\/pages\/609"}],"wp:attachment":[{"href":"http:\/\/szss-nitra.sk\/index.php?rest_route=%2Fwp%2Fv2%2Fmedia&parent=174"}],"curies":[{"name":"wp","href":"https:\/\/api.w.org\/{rel}","templated":true}]}}