{"id":16000,"date":"2026-02-27T16:25:32","date_gmt":"2026-02-27T14:25:32","guid":{"rendered":"https:\/\/szss-nitra.sk\/?page_id=16000"},"modified":"2026-02-27T16:25:32","modified_gmt":"2026-02-27T14:25:32","slug":"dobra-prax-denny-stacionar-2","status":"publish","type":"page","link":"http:\/\/szss-nitra.sk\/?page_id=16000","title":{"rendered":"Dobr\u00e1 prax \u2013 denn\u00fd stacion\u00e1r"},"content":{"rendered":"<table style=\"border: none;\">\n<tbody>\n<tr>\n<td style=\"width: 30%; vertical-align: top;\"><a href=\"http:\/\/szss-nitra.sk\/?page_id=10888\">Rozvoj odborn\u00fdch \u010dinnost\u00ed<\/a><\/p>\n<p><a href=\"http:\/\/szss-nitra.sk\/?page_id=11948\">Flexibiln\u00fd pr\u00edstup v soci\u00e1lnych slu\u017eb\u00e1ch<\/a><\/p>\n<p><a href=\"http:\/\/szss-nitra.sk\/?page_id=11200\">Prep\u00e1janie soci\u00e1lnych slu\u017eieb<\/a><\/p>\n<p><a href=\"http:\/\/szss-nitra.sk\/?page_id=15065\">Rozv\u00edjanie partnerstiev<\/a><\/p>\n<p><strong><a href=\"http:\/\/szss-nitra.sk\/?page_id=16000\">Prax \u0161tudentov<\/a><\/strong><\/p>\n<p><a href=\"http:\/\/szss-nitra.sk\/?page_id=12119\">Dobrovo\u013en\u00edcka \u010dinnos\u0165<\/a><\/p>\n<p><a href=\"http:\/\/szss-nitra.sk\/?page_id=10891\">Povedali o n\u00e1s<\/a><br \/>\n<img loading=\"lazy\" decoding=\"async\" class=\"alignnone size-full wp-image-13260\" src=\"http:\/\/szss-nitra.sk\/wp-content\/uploads\/2024\/11\/dobra_prax_mini.png\" alt=\"\" width=\"150\" height=\"220\" \/><\/td>\n<td><span style=\"color: #ffffff;\">.<\/span><\/td>\n<td style=\"vertical-align: top; text-align: justify;\">\n<p style=\"text-align: justify;\"><strong>\u0160tudentsk\u00e1 prax<\/strong><\/p>\n<p style=\"text-align: justify;\">Denn\u00fd stacion\u00e1r pre osoby s \u0165a\u017ek\u00fdm zdravotn\u00fdm postihnut\u00edm je u\u017e neodmyslite\u013enou s\u00fa\u010das\u0165ou \u017eivotov na\u0161ich prij\u00edmate\u013eov soci\u00e1lnej slu\u017eby. V\u010faka komunite, ktor\u00fa prij\u00edmatelia soci\u00e1lnej slu\u017eby spolu tvoria, m\u00f4\u017eu za\u017e\u00edva\u0165 pocit socializ\u00e1cie, priate\u013estva, radosti, splnen\u00fdch prian\u00ed a v neposlednom rade pocit bezpe\u010dia. Tomuto prispievaj\u00fa aj na\u0161e dlhoro\u010dn\u00e9 spolupr\u00e1ce a jednou z nich je spolupr\u00e1ca s Univerzitou Kon\u0161tant\u00edna Filozofa, v\u010faka ktorej sa posil\u0148uj\u00fa nielen medzi\u013eudsk\u00e9 vz\u0165ahy, ale taktie\u017e pom\u00e1ha prep\u00e1ja\u0165 akademick\u00fa p\u00f4du s praxou a bud\u00facim profesion\u00e1lnym \u017eivotom \u0161tudentov.<\/p>\n<p style=\"text-align: justify;\">Priama prax \u0161tudentov je pr\u00ednosn\u00e1 nielen pre \u0161tudentov, ale aj pre samotn\u00fdch prij\u00edmate\u013eov soci\u00e1lnej slu\u017eby, nako\u013eko pr\u00edtomnos\u0165 \u0161tudentov, ktor\u00ed sa akt\u00edvne zap\u00e1jaj\u00fa do ka\u017edodenn\u00e9ho chodu denn\u00e9ho stacion\u00e1ra prin\u00e1\u0161a nov\u00fd impulz, energiu, ale aj nov\u00e9 kreat\u00edvne n\u00e1pady.<\/p>\n<p style=\"text-align: justify;\">Jedn\u00fdm z najd\u00f4le\u017eitej\u0161\u00edch aspektov praxe \u0161tudentov je ich pr\u00edprava pre bud\u00face povolanie, ktor\u00e9 sa st\u00e1va pre mnoh\u00fdch soci\u00e1lnych pracovn\u00edkov u\u017e sk\u00f4r poslan\u00edm. Praktick\u00e1 sk\u00fasenos\u0165 v dennom stacion\u00e1ri preto vytv\u00e1ra priestor pre vz\u00e1jomn\u00e9 obohatenie, rozvoj odborn\u00fdch kompetenci\u00ed, ale najm\u00e4 posil\u0148ovanie soci\u00e1lnych zru\u010dnost\u00ed.<\/p>\n<p style=\"text-align: justify;\">P\u00f4sobenie \u0161tudentov v dennom stacion\u00e1ri pre osoby s \u0165a\u017ek\u00fdm zdravotn\u00fdm postihnut\u00edm pom\u00e1ha prepoji\u0165 teoretick\u00e9 poznatky z\u00edskavan\u00e9 po\u010das \u0161t\u00fadia s re\u00e1lnymi situ\u00e1ciami, s ktor\u00fdmi sa \u0161tudenti bud\u00fa stret\u00e1va\u0165 aj vo svojom pracovnom \u017eivote. \u0160tudenti si tak m\u00f4\u017eu pribl\u00ed\u017ei\u0165 v\u0161etky oblasti nadch\u00e1dzaj\u00faceho povolania v soci\u00e1lnej a pom\u00e1haj\u00facej oblasti. Osvojuj\u00fa si n\u00e1ro\u010dnos\u0165 pr\u00e1ce, postupne sa u\u010dia zodpovednosti, rozv\u00edjaj\u00fa svoj profesion\u00e1lny postoj k prij\u00edmate\u013eom soci\u00e1lnej slu\u017eby, z\u00edskavaj\u00fa nov\u00e9 sk\u00fasenosti v komunik\u00e1cii, v porozumen\u00ed ich individu\u00e1lnych potrieb, no u\u010dia sa aj re\u0161pektu a vn\u00edmaniu ka\u017ed\u00e9ho prij\u00edmate\u013ea soci\u00e1lnej slu\u017eby ako jedine\u010dn\u00fa osobnos\u0165.<\/p>\n<p style=\"text-align: justify;\">Neodmyslite\u013enou s\u00fa\u010das\u0165ou praxe je mo\u017enos\u0165 osvoji\u0165 si z\u00e1kladn\u00e9, ale aj \u0161pecifick\u00e9 pracovn\u00e9 n\u00e1vyky, s ktor\u00fdmi sa bud\u00faci soci\u00e1lni pracovn\u00edci bud\u00fa stret\u00e1va\u0165 v be\u017enom \u017eivote. \u010eal\u0161\u00edm d\u00f4le\u017eit\u00fdm aspektom b\u00fdva osvoji\u0165 si pravidelnos\u0165, dochv\u00ed\u013enos\u0165, spolupr\u00e1cu v t\u00edme, dodr\u017eiavanie stanoven\u00fdch pravidiel, ale aj s\u00fadr\u017enos\u0165. V neposlednom rade je to dodr\u017eiavanie etick\u00fdch z\u00e1sad pr\u00e1ce s osobami s \u0165a\u017ek\u00fdm zdravotn\u00fdm postihnut\u00edm.<\/p>\n<p style=\"text-align: justify;\">Pre \u0161tudentov je pobyt priamo v praxi nenahradite\u013en\u00fdm, nako\u013eko maj\u00fa mo\u017enos\u0165 nahliadnu\u0165 a pribl\u00ed\u017ei\u0165 si autentick\u00fd obraz fungovania n\u00e1\u0161ho zariadenia. Ka\u017edodenn\u00fd kontakt s prij\u00edmate\u013emi soci\u00e1lnej slu\u017eby a odborn\u00fdm person\u00e1lom po\u010das praxe, pon\u00faka \u0161tudentom mo\u017enos\u0165 pozorova\u0165 pracovn\u00e9 postupy a zap\u00e1ja\u0165 sa do vo\u013eno\u010dasov\u00fdch, eduka\u010dn\u00fdch, relaxa\u010dn\u00fdch a rehabilita\u010dn\u00fdch aktiv\u00edt, \u010do pozit\u00edvne prispieva k zlep\u0161ovaniu kvality a bezpe\u010dnosti prij\u00edmate\u013eov soci\u00e1lnej slu\u017eby v dennom stacion\u00e1ri pre osoby s \u0165a\u017ek\u00fdm zdravotn\u00fdm postihnut\u00edm.<\/p>\n<p style=\"text-align: justify;\">Mgr. Radka Z\u00e1vodn\u00e1, soci\u00e1lna pracovn\u00ed\u010dka<\/p>\n<\/td>\n<\/tr>\n<\/tbody>\n<\/table>\n","protected":false},"excerpt":{"rendered":"<p>Rozvoj odborn\u00fdch \u010dinnost\u00ed Flexibiln\u00fd pr\u00edstup v soci\u00e1lnych slu\u017eb\u00e1ch Prep\u00e1janie soci\u00e1lnych slu\u017eieb Rozv\u00edjanie partnerstiev Prax \u0161tudentov Dobrovo\u013en\u00edcka \u010dinnos\u0165 Povedali o n\u00e1s . \u0160tudentsk\u00e1 prax Denn\u00fd stacion\u00e1r pre osoby s \u0165a\u017ek\u00fdm zdravotn\u00fdm postihnut\u00edm je u\u017e neodmyslite\u013enou s\u00fa\u010das\u0165ou \u017eivotov na\u0161ich prij\u00edmate\u013eov soci\u00e1lnej slu\u017eby. V\u010faka komunite, ktor\u00fa prij\u00edmatelia soci\u00e1lnej slu\u017eby spolu tvoria, m\u00f4\u017eu za\u017e\u00edva\u0165 pocit socializ\u00e1cie, priate\u013estva, radosti, splnen\u00fdch [&hellip;]<\/p>\n","protected":false},"author":1,"featured_media":0,"parent":0,"menu_order":0,"comment_status":"closed","ping_status":"closed","template":"","meta":{"footnotes":""},"class_list":["post-16000","page","type-page","status-publish","hentry"],"_links":{"self":[{"href":"http:\/\/szss-nitra.sk\/index.php?rest_route=\/wp\/v2\/pages\/16000","targetHints":{"allow":["GET"]}}],"collection":[{"href":"http:\/\/szss-nitra.sk\/index.php?rest_route=\/wp\/v2\/pages"}],"about":[{"href":"http:\/\/szss-nitra.sk\/index.php?rest_route=\/wp\/v2\/types\/page"}],"author":[{"embeddable":true,"href":"http:\/\/szss-nitra.sk\/index.php?rest_route=\/wp\/v2\/users\/1"}],"replies":[{"embeddable":true,"href":"http:\/\/szss-nitra.sk\/index.php?rest_route=%2Fwp%2Fv2%2Fcomments&post=16000"}],"version-history":[{"count":1,"href":"http:\/\/szss-nitra.sk\/index.php?rest_route=\/wp\/v2\/pages\/16000\/revisions"}],"predecessor-version":[{"id":16001,"href":"http:\/\/szss-nitra.sk\/index.php?rest_route=\/wp\/v2\/pages\/16000\/revisions\/16001"}],"wp:attachment":[{"href":"http:\/\/szss-nitra.sk\/index.php?rest_route=%2Fwp%2Fv2%2Fmedia&parent=16000"}],"curies":[{"name":"wp","href":"https:\/\/api.w.org\/{rel}","templated":true}]}}