{"id":15065,"date":"2025-09-11T02:08:12","date_gmt":"2025-09-11T00:08:12","guid":{"rendered":"https:\/\/szss-nitra.sk\/?page_id=15065"},"modified":"2026-03-12T15:38:50","modified_gmt":"2026-03-12T13:38:50","slug":"dobra-prax-denny-stacionar","status":"publish","type":"page","link":"http:\/\/szss-nitra.sk\/?page_id=15065","title":{"rendered":"Dobr\u00e1 prax \u2013 denn\u00fd stacion\u00e1r"},"content":{"rendered":"<table style=\"border: none;\">\n<tbody>\n<tr>\n<td style=\"width: 30%; vertical-align: top;\"><a href=\"http:\/\/szss-nitra.sk\/?page_id=10888\">Rozvoj odborn\u00fdch \u010dinnost\u00ed<\/a><\/p>\n<p><a href=\"http:\/\/szss-nitra.sk\/?page_id=11948\">Flexibiln\u00fd pr\u00edstup v soci\u00e1lnych slu\u017eb\u00e1ch<\/a><\/p>\n<p><a href=\"http:\/\/szss-nitra.sk\/?page_id=11200\">Prep\u00e1janie soci\u00e1lnych slu\u017eieb<\/a><\/p>\n<p><a href=\"http:\/\/szss-nitra.sk\/?page_id=15065\"><strong>Rozv\u00edjanie partnerstiev<\/strong><\/a><\/p>\n<p><a href=\"http:\/\/szss-nitra.sk\/?page_id=16000\">Prax \u0161tudentov<\/a><\/p>\n<p><a href=\"http:\/\/szss-nitra.sk\/?page_id=12119\">Dobrovo\u013en\u00edcka \u010dinnos\u0165<\/a><\/p>\n<p><a href=\"http:\/\/szss-nitra.sk\/?page_id=10891\">Povedali o n\u00e1s<\/a><br \/>\n<img loading=\"lazy\" decoding=\"async\" class=\"alignnone size-full wp-image-13260\" src=\"http:\/\/szss-nitra.sk\/wp-content\/uploads\/2024\/11\/dobra_prax_mini.png\" alt=\"\" width=\"150\" height=\"220\" \/><\/td>\n<td><span style=\"color: #ffffff;\">.<\/span><\/td>\n<td style=\"vertical-align: top; text-align: justify;\"><strong>Rozv\u00edjanie partnerstiev ako pr\u00edklad\u00a0 dobrej praxe<\/strong><\/p>\n<p><strong>Ment\u00e1lna aritmetika v dennom stacion\u00e1ri<\/strong><br \/>\nV dennom stacion\u00e1ri pre osoby s \u0165a\u017ek\u00fdm zdravotn\u00fdm postihnut\u00edm rozv\u00edjame r\u00f4zne obohacuj\u00face a pr\u00ednosn\u00e9 spolupr\u00e1ce a jednou z tak\u00fdchto spolupr\u00e1c bola aj spolupr\u00e1ca s AMAKIDS &#8211; akad\u00e9miou pre rozvoj intelektu. Pod jej z\u00e1\u0161titou sme do harmonogramu na\u0161ich be\u017en\u00fdch dn\u00ed zaradili inovat\u00edvny prvok: ment\u00e1lnu aritmetiku. T\u00e1to met\u00f3da, realizovan\u00e1 raz t\u00fd\u017edenne, priniesla do \u017eivota na\u0161ich prij\u00edmate\u013eov soci\u00e1lnej slu\u017eby ne\u010dakan\u00e9 stimuly a otvorila dvere k schopnostiam, o ktor\u00fdch mnoh\u00ed predt\u00fdm ani netu\u0161ili.<\/p>\n<p>Z\u00e1kladn\u00fdm n\u00e1strojom ment\u00e1lnej aritmetiky bol <strong>abakus<\/strong> \u2013 starod\u00e1vne po\u010d\u00edtadlo, z\u00a0ktor\u00e9ho sa v ruk\u00e1ch na\u0161ich prij\u00edmate\u013eov soci\u00e1lnej slu\u017eby stala modern\u00e1 terapeutick\u00e1 pom\u00f4cka. Pr\u00e1ca s n\u00edm nebola len o matematike; bol to komplexn\u00fd tr\u00e9ning mozgu.<\/p>\n<p style=\"text-align: center;\"><a href=\"http:\/\/szss-nitra.sk\/wp-content\/uploads\/2026\/03\/01.jpg\"><img loading=\"lazy\" decoding=\"async\" class=\"alignnone size-thumbnail wp-image-16042\" src=\"http:\/\/szss-nitra.sk\/wp-content\/uploads\/2026\/03\/01-100x100.jpg\" alt=\"\" width=\"100\" height=\"100\" \/><\/a> <a href=\"http:\/\/szss-nitra.sk\/wp-content\/uploads\/2026\/03\/02.jpg\"><img loading=\"lazy\" decoding=\"async\" class=\"alignnone size-thumbnail wp-image-16040\" src=\"http:\/\/szss-nitra.sk\/wp-content\/uploads\/2026\/03\/02-100x100.jpg\" alt=\"\" width=\"100\" height=\"100\" \/><\/a> <a href=\"http:\/\/szss-nitra.sk\/wp-content\/uploads\/2026\/03\/03.jpg\"><img loading=\"lazy\" decoding=\"async\" class=\"alignnone size-thumbnail wp-image-16041\" src=\"http:\/\/szss-nitra.sk\/wp-content\/uploads\/2026\/03\/03-100x100.jpg\" alt=\"\" width=\"100\" height=\"100\" \/><\/a><\/p>\n<p><em>Cel\u00fd \u010dl\u00e1nok o spolupr\u00e1ci s AMAKIDS si m\u00f4\u017eete pre\u010d\u00edta\u0165 tu:<\/em> <a href=\"http:\/\/szss-nitra.sk\/wp-content\/uploads\/2026\/03\/Mentalna-aritmetika-2-dobra-prax-DS.pdf\" target=\"_blank\" rel=\"noopener\">ment\u00e1lna aritmetika v na\u0161om dennom stacion\u00e1ri<\/a><\/p>\n<hr \/>\n<p>Spr\u00e1va zariaden\u00ed soci\u00e1lnych slu\u017eieb m\u00e1 rozvinut\u00fa \u00faspe\u0161n\u00fa a dlhoro\u010dn\u00fa spolupr\u00e1cu s ob\u010dianskym zdru\u017een\u00edm KRAD \u2013 Klub rodi\u010dov autistick\u00fdch det\u00ed a SPONA \u2013 Spolo\u010dnos\u0165 n\u00e1pomocn\u00e1 autistom. Nako\u013eko rodi\u010dia det\u00ed s poruchami autistick\u00e9ho spektra organizovan\u00ed v uveden\u00fdch ob\u010dianskych zdru\u017eeniach poznaj\u00fa potreby svojich det\u00ed nav\u0161tevuj\u00facich nami poskytovan\u00fa soci\u00e1lnu slu\u017ebu, za\u017e\u00edvaj\u00fa n\u00e1ro\u010dnos\u0165 zvl\u00e1dania \u0161pecifick\u00fdch foriem ich reagovania a usiluj\u00fa sa denne o ich prosperovanie a soci\u00e1lne za\u010dlenenie, je spolupr\u00e1ca s nimi pre n\u00e1s v\u00fdznamn\u00e1. Jednak z h\u013eadiska odbornej pr\u00e1ce s prij\u00edmate\u013emi soci\u00e1lnej slu\u017eby, vz\u00e1jomnej spolupr\u00e1ce na projektoch podporuj\u00facich soci\u00e1lne za\u010dlenenie a pod., a jednak v z\u00e1ujme dosahovania spolo\u010dn\u00e9ho cie\u013ea, ktor\u00fdm je naplnen\u00fd a spokojn\u00fd \u017eivot ich det\u00ed, a to aj napriek zdravotn\u00e9mu znev\u00fdhodneniu.<\/p>\n<p style=\"text-align: center;\"><img loading=\"lazy\" decoding=\"async\" class=\"alignnone size-medium wp-image-15067\" src=\"http:\/\/szss-nitra.sk\/wp-content\/uploads\/2025\/09\/Obrazok1KRAD-removebg-preview-300x274.png\" alt=\"\" width=\"200\" height=\"183\" srcset=\"http:\/\/szss-nitra.sk\/wp-content\/uploads\/2025\/09\/Obrazok1KRAD-removebg-preview-300x274.png 300w, http:\/\/szss-nitra.sk\/wp-content\/uploads\/2025\/09\/Obrazok1KRAD-removebg-preview.png 523w\" sizes=\"auto, (max-width: 200px) 100vw, 200px\" \/> <img loading=\"lazy\" decoding=\"async\" class=\"alignnone size-medium wp-image-15066\" src=\"http:\/\/szss-nitra.sk\/wp-content\/uploads\/2025\/09\/Obrazok2SPONA-removebg-preview-300x300.png\" alt=\"\" width=\"200\" height=\"200\" srcset=\"http:\/\/szss-nitra.sk\/wp-content\/uploads\/2025\/09\/Obrazok2SPONA-removebg-preview-300x300.png 300w, http:\/\/szss-nitra.sk\/wp-content\/uploads\/2025\/09\/Obrazok2SPONA-removebg-preview-100x100.png 100w, http:\/\/szss-nitra.sk\/wp-content\/uploads\/2025\/09\/Obrazok2SPONA-removebg-preview.png 354w\" sizes=\"auto, (max-width: 200px) 100vw, 200px\" \/><\/p>\n<p><em>PhDr. Silvia Lu\u017e\u00e1kov\u00e1, ved\u00faca \u00faseku soci\u00e1lnych slu\u017eieb Bani\u010dova a Olympia<\/em><\/td>\n<\/tr>\n<\/tbody>\n<\/table>\n","protected":false},"excerpt":{"rendered":"<p>Rozvoj odborn\u00fdch \u010dinnost\u00ed Flexibiln\u00fd pr\u00edstup v soci\u00e1lnych slu\u017eb\u00e1ch Prep\u00e1janie soci\u00e1lnych slu\u017eieb Rozv\u00edjanie partnerstiev Prax \u0161tudentov Dobrovo\u013en\u00edcka \u010dinnos\u0165 Povedali o n\u00e1s . Rozv\u00edjanie partnerstiev ako pr\u00edklad\u00a0 dobrej praxe Ment\u00e1lna aritmetika v dennom stacion\u00e1ri V dennom stacion\u00e1ri pre osoby s \u0165a\u017ek\u00fdm zdravotn\u00fdm postihnut\u00edm rozv\u00edjame r\u00f4zne obohacuj\u00face a pr\u00ednosn\u00e9 spolupr\u00e1ce a jednou z tak\u00fdchto spolupr\u00e1c bola aj spolupr\u00e1ca [&hellip;]<\/p>\n","protected":false},"author":1,"featured_media":0,"parent":0,"menu_order":0,"comment_status":"closed","ping_status":"closed","template":"","meta":{"footnotes":""},"class_list":["post-15065","page","type-page","status-publish","hentry"],"_links":{"self":[{"href":"http:\/\/szss-nitra.sk\/index.php?rest_route=\/wp\/v2\/pages\/15065","targetHints":{"allow":["GET"]}}],"collection":[{"href":"http:\/\/szss-nitra.sk\/index.php?rest_route=\/wp\/v2\/pages"}],"about":[{"href":"http:\/\/szss-nitra.sk\/index.php?rest_route=\/wp\/v2\/types\/page"}],"author":[{"embeddable":true,"href":"http:\/\/szss-nitra.sk\/index.php?rest_route=\/wp\/v2\/users\/1"}],"replies":[{"embeddable":true,"href":"http:\/\/szss-nitra.sk\/index.php?rest_route=%2Fwp%2Fv2%2Fcomments&post=15065"}],"version-history":[{"count":5,"href":"http:\/\/szss-nitra.sk\/index.php?rest_route=\/wp\/v2\/pages\/15065\/revisions"}],"predecessor-version":[{"id":16046,"href":"http:\/\/szss-nitra.sk\/index.php?rest_route=\/wp\/v2\/pages\/15065\/revisions\/16046"}],"wp:attachment":[{"href":"http:\/\/szss-nitra.sk\/index.php?rest_route=%2Fwp%2Fv2%2Fmedia&parent=15065"}],"curies":[{"name":"wp","href":"https:\/\/api.w.org\/{rel}","templated":true}]}}