{"id":14943,"date":"2025-08-28T08:52:26","date_gmt":"2025-08-28T06:52:26","guid":{"rendered":"https:\/\/szss-nitra.sk\/?page_id=14943"},"modified":"2025-08-28T08:58:00","modified_gmt":"2025-08-28T06:58:00","slug":"dobra-prax-denne-centrum-3","status":"publish","type":"page","link":"http:\/\/szss-nitra.sk\/?page_id=14943","title":{"rendered":"Dobr\u00e1 prax \u2013 denn\u00e9 centrum"},"content":{"rendered":"<table style=\"border: none;\">\n<tbody>\n<tr>\n<td style=\"width: 30%; vertical-align: top;\"><a href=\"http:\/\/szss-nitra.sk\/?page_id=11211\">Prep\u00e1janie soci\u00e1lnych slu\u017eieb<\/a><\/p>\n<p><a href=\"http:\/\/szss-nitra.sk\/?page_id=14943\"><strong>Sp\u00e4tn\u00e1 v\u00e4zba<\/strong><\/a><\/p>\n<p><a href=\"http:\/\/szss-nitra.sk\/?page_id=11954\">Dobrovo\u013en\u00edcka \u010dinnos\u0165<\/a><\/td>\n<td><span style=\"color: #ffffff;\">.<\/span><\/td>\n<td style=\"vertical-align: top; text-align: justify;\"><strong>Spr\u00e1va pre pani ved\u00facu<\/strong><\/p>\n<p><em>PhDr. Silvia Lu\u017e\u00e1kov\u00e1<\/em><br \/>\n<em>Ved\u00faca \u00faseku soci\u00e1lnych slu\u017eieb Bani\u010dova a Olympia<\/em><\/p>\n<p>Svoje pracovn\u00e9 p\u00f4sobenie v dennom centre Bani\u010dova a Olympia som od\u0161tartovala 15.12.2022 s ve\u013ek\u00fdmi o\u010dak\u00e1vaniami a odhodlan\u00edm. V\u00e4\u010d\u0161ina mojich o\u010dak\u00e1van\u00ed sa aj naplnila, men\u0161ie sklamanie nastalo zo strany prij\u00edmate\u013eov soci\u00e1lnej slu\u017eby, a to z d\u00f4vodu n\u00edzkej \u00fa\u010dasti a z\u00e1ujmu o r\u00f4zne podujatia. Av\u0161ak, \u010do sa t\u00fdka spolo\u010dn\u00e9ho vych\u00e1dzania a fungovania, mysl\u00edm, \u017ee sme nemali najmen\u0161\u00ed probl\u00e9m alebo len zanedbate\u013en\u00fd. Svoje p\u00f4sobenie na poz\u00edci\u00ed Soci\u00e1lna pracovn\u00ed\u010dka denn\u00e9ho centra hodnot\u00edm ako ve\u013emi pr\u00ednosn\u00e9 do m\u00f4jho \u017eivota.<\/p>\n<p><img loading=\"lazy\" decoding=\"async\" class=\"alignnone size-full wp-image-3164\" src=\"http:\/\/szss-nitra.sk\/wp-content\/uploads\/2013\/10\/pdf_mini.png\" alt=\"\" width=\"30\" height=\"30\" srcset=\"http:\/\/szss-nitra.sk\/wp-content\/uploads\/2013\/10\/pdf_mini.png 30w, http:\/\/szss-nitra.sk\/wp-content\/uploads\/2013\/10\/pdf_mini-24x24.png 24w\" sizes=\"auto, (max-width: 30px) 100vw, 30px\" \/> <a href=\"http:\/\/szss-nitra.sk\/wp-content\/uploads\/2025\/08\/Sprava-pre-p.veducu_.pdf\" target=\"_blank\" rel=\"noopener\">Pre\u010d\u00edtajte si cel\u00fd \u010dl\u00e1nok<\/a><\/td>\n<\/tr>\n<\/tbody>\n<\/table>\n","protected":false},"excerpt":{"rendered":"<p>Prep\u00e1janie soci\u00e1lnych slu\u017eieb Sp\u00e4tn\u00e1 v\u00e4zba Dobrovo\u013en\u00edcka \u010dinnos\u0165 . Spr\u00e1va pre pani ved\u00facu PhDr. Silvia Lu\u017e\u00e1kov\u00e1 Ved\u00faca \u00faseku soci\u00e1lnych slu\u017eieb Bani\u010dova a Olympia Svoje pracovn\u00e9 p\u00f4sobenie v dennom centre Bani\u010dova a Olympia som od\u0161tartovala 15.12.2022 s ve\u013ek\u00fdmi o\u010dak\u00e1vaniami a odhodlan\u00edm. V\u00e4\u010d\u0161ina mojich o\u010dak\u00e1van\u00ed sa aj naplnila, men\u0161ie sklamanie nastalo zo strany prij\u00edmate\u013eov soci\u00e1lnej slu\u017eby, a to [&hellip;]<\/p>\n","protected":false},"author":1,"featured_media":0,"parent":10477,"menu_order":0,"comment_status":"closed","ping_status":"closed","template":"","meta":{"footnotes":""},"class_list":["post-14943","page","type-page","status-publish","hentry"],"_links":{"self":[{"href":"http:\/\/szss-nitra.sk\/index.php?rest_route=\/wp\/v2\/pages\/14943","targetHints":{"allow":["GET"]}}],"collection":[{"href":"http:\/\/szss-nitra.sk\/index.php?rest_route=\/wp\/v2\/pages"}],"about":[{"href":"http:\/\/szss-nitra.sk\/index.php?rest_route=\/wp\/v2\/types\/page"}],"author":[{"embeddable":true,"href":"http:\/\/szss-nitra.sk\/index.php?rest_route=\/wp\/v2\/users\/1"}],"replies":[{"embeddable":true,"href":"http:\/\/szss-nitra.sk\/index.php?rest_route=%2Fwp%2Fv2%2Fcomments&post=14943"}],"version-history":[{"count":6,"href":"http:\/\/szss-nitra.sk\/index.php?rest_route=\/wp\/v2\/pages\/14943\/revisions"}],"predecessor-version":[{"id":14952,"href":"http:\/\/szss-nitra.sk\/index.php?rest_route=\/wp\/v2\/pages\/14943\/revisions\/14952"}],"up":[{"embeddable":true,"href":"http:\/\/szss-nitra.sk\/index.php?rest_route=\/wp\/v2\/pages\/10477"}],"wp:attachment":[{"href":"http:\/\/szss-nitra.sk\/index.php?rest_route=%2Fwp%2Fv2%2Fmedia&parent=14943"}],"curies":[{"name":"wp","href":"https:\/\/api.w.org\/{rel}","templated":true}]}}