{"id":14530,"date":"2025-07-04T14:20:25","date_gmt":"2025-07-04T12:20:25","guid":{"rendered":"https:\/\/szss-nitra.sk\/?page_id=14530"},"modified":"2025-07-04T14:20:40","modified_gmt":"2025-07-04T12:20:40","slug":"dobra-prax-prepravna-sluzba-3","status":"publish","type":"page","link":"http:\/\/szss-nitra.sk\/?page_id=14530","title":{"rendered":"Dobr\u00e1 prax &#8211; prepravn\u00e1 slu\u017eba"},"content":{"rendered":"<table style=\"border: none;\">\n<tbody>\n<tr>\n<td style=\"width: 30%; vertical-align: top;\"><a href=\"http:\/\/szss-nitra.sk\/?page_id=11915\">Komfortnej\u0161ia a pr\u00edjemnej\u0161ia preprava<\/a><\/p>\n<p><a href=\"http:\/\/szss-nitra.sk\/?page_id=11921\">Pom\u00e1hame prekon\u00e1va\u0165 vzdialenosti<\/a><\/p>\n<p><strong><a href=\"http:\/\/szss-nitra.sk\/?page_id=14530\">Povedali o n\u00e1s<\/a><\/strong><\/td>\n<td><span style=\"color: #ffffff;\">.<\/span><\/td>\n<td style=\"vertical-align: top; text-align: justify;\">\n<p style=\"text-align: justify;\"><a href=\"http:\/\/szss-nitra.sk\/wp-content\/uploads\/2024\/02\/sipka_mini2.png\"><img loading=\"lazy\" decoding=\"async\" class=\"alignnone size-full wp-image-11770\" src=\"http:\/\/szss-nitra.sk\/wp-content\/uploads\/2024\/02\/sipka_mini2.png\" alt=\"\" width=\"40\" height=\"25\" \/><\/a><a href=\"https:\/\/szss-nitra.sk\/?p=14510\"> Po\u010fakovanie &#8211; p\u00e1n Roman \u0160vihor\u00edk<\/a><\/p>\n<\/td>\n<\/tr>\n<\/tbody>\n<\/table>\n","protected":false},"excerpt":{"rendered":"<p>Komfortnej\u0161ia a pr\u00edjemnej\u0161ia preprava Pom\u00e1hame prekon\u00e1va\u0165 vzdialenosti Povedali o n\u00e1s . Po\u010fakovanie &#8211; p\u00e1n Roman \u0160vihor\u00edk<\/p>\n","protected":false},"author":1,"featured_media":0,"parent":10477,"menu_order":0,"comment_status":"closed","ping_status":"closed","template":"","meta":{"footnotes":""},"class_list":["post-14530","page","type-page","status-publish","hentry"],"_links":{"self":[{"href":"http:\/\/szss-nitra.sk\/index.php?rest_route=\/wp\/v2\/pages\/14530","targetHints":{"allow":["GET"]}}],"collection":[{"href":"http:\/\/szss-nitra.sk\/index.php?rest_route=\/wp\/v2\/pages"}],"about":[{"href":"http:\/\/szss-nitra.sk\/index.php?rest_route=\/wp\/v2\/types\/page"}],"author":[{"embeddable":true,"href":"http:\/\/szss-nitra.sk\/index.php?rest_route=\/wp\/v2\/users\/1"}],"replies":[{"embeddable":true,"href":"http:\/\/szss-nitra.sk\/index.php?rest_route=%2Fwp%2Fv2%2Fcomments&post=14530"}],"version-history":[{"count":2,"href":"http:\/\/szss-nitra.sk\/index.php?rest_route=\/wp\/v2\/pages\/14530\/revisions"}],"predecessor-version":[{"id":14533,"href":"http:\/\/szss-nitra.sk\/index.php?rest_route=\/wp\/v2\/pages\/14530\/revisions\/14533"}],"up":[{"embeddable":true,"href":"http:\/\/szss-nitra.sk\/index.php?rest_route=\/wp\/v2\/pages\/10477"}],"wp:attachment":[{"href":"http:\/\/szss-nitra.sk\/index.php?rest_route=%2Fwp%2Fv2%2Fmedia&parent=14530"}],"curies":[{"name":"wp","href":"https:\/\/api.w.org\/{rel}","templated":true}]}}