{"id":14307,"date":"2025-06-02T10:23:13","date_gmt":"2025-06-02T08:23:13","guid":{"rendered":"https:\/\/szss-nitra.sk\/?page_id=14307"},"modified":"2025-06-11T10:37:38","modified_gmt":"2025-06-11T08:37:38","slug":"dobrovolnici","status":"publish","type":"page","link":"http:\/\/szss-nitra.sk\/?page_id=14307","title":{"rendered":"Dobrovo\u013en\u00edci"},"content":{"rendered":"<table style=\"border: none;\">\n<tbody>\n<tr>\n<td style=\"width: 30%; vertical-align: top;\">\n<p><a href=\"https:\/\/szss-nitra.sk\/?cat=41\">Dobrovo\u013en\u00edctvo ZSS Zobor<\/a><\/p>\n<p><a href=\"https:\/\/szss-nitra.sk\/?cat=42\">Dobrovo\u013en\u00edctvo v denn\u00fdch stacion\u00e1roch<\/a><\/p>\n<p><a href=\"https:\/\/szss-nitra.sk\/?cat=43\">Dobrovo\u013en\u00edctvo v denn\u00fdch centr\u00e1ch<\/a><\/p>\n<p><a href=\"https:\/\/szss-nitra.sk\/?cat=44\">Dobrovo\u013en\u00edctvo v domoch s opatrovate\u013eskou slu\u017ebou<\/a><\/p>\n<\/td>\n<td><span style=\"color: #ffffff;\">.<\/span><\/td>\n<td style=\"vertical-align: top; text-align: justify;\">\n<article class=\"text-token-text-primary w-full\" dir=\"auto\" data-testid=\"conversation-turn-8\" data-scroll-anchor=\"true\">\n<div class=\"text-base my-auto mx-auto py-5 [--thread-content-margin:--spacing(4)] @[37rem]:[--thread-content-margin:--spacing(6)] @[72rem]:[--thread-content-margin:--spacing(16)] px-(--thread-content-margin)\">\n<div class=\"[--thread-content-max-width:32rem] @[34rem]:[--thread-content-max-width:40rem] @[64rem]:[--thread-content-max-width:48rem] mx-auto flex max-w-(--thread-content-max-width) flex-1 text-base gap-4 md:gap-5 lg:gap-6 group\/turn-messages focus-visible:outline-hidden\" tabindex=\"-1\">\n<div class=\"group\/conversation-turn relative flex w-full min-w-0 flex-col agent-turn\">\n<div class=\"relative flex-col gap-1 md:gap-3\">\n<div class=\"flex max-w-full flex-col grow\">\n<div class=\"min-h-8 text-message relative flex w-full flex-col items-end gap-2 text-start break-words whitespace-normal [.text-message+&amp;]:mt-5\" dir=\"auto\" data-message-author-role=\"assistant\" data-message-id=\"547c4523-8be3-4bd8-ac41-238cd41dffdb\" data-message-model-slug=\"gpt-4o\">\n<div class=\"flex w-full flex-col gap-1 empty:hidden first:pt-[3px]\">\n<div class=\"markdown prose dark:prose-invert w-full break-words light\">\n<p data-start=\"0\" data-end=\"420\">Dobrovo\u013en\u00edci s\u00fa neoddelite\u013enou s\u00fa\u010das\u0165ou \u017eivota v na\u0161ich zariadeniach. Ve\u013emi si v\u00e1\u017eime ich pomoc pri \u00faprave a skr\u00e1\u0161\u013eovan\u00ed prostredia, v ktorom na\u0161i prij\u00edmatelia soci\u00e1lnych slu\u017eieb tr\u00e1via ka\u017ed\u00fd de\u0148. Pravidelne sa zap\u00e1jaj\u00fa do \u00fadr\u017eby z\u00e1hrad, sadia kvety a \u010distia spolo\u010dn\u00e9 priestory \u010di pom\u00e1haj\u00fa pri sez\u00f3nnych \u00faprav\u00e1ch exteri\u00e9ru. V\u010faka nim sa na\u0161e zariadenia menia na \u00fatuln\u00e9 a podnetn\u00e9 miesta, kde sa klienti aj person\u00e1l c\u00edtia pr\u00edjemne.<\/p>\n<p data-start=\"422\" data-end=\"866\" data-is-last-node=\"\" data-is-only-node=\"\">Okrem \u00faprav prostredia sa niektor\u00ed na\u0161i dobrovo\u013en\u00edci venuj\u00fa aj priamym aktivit\u00e1m s klientami. Spolo\u010dne tr\u00e1via vo\u013en\u00fd \u010das rozhovormi, \u010d\u00edtan\u00edm, tvoriv\u00fdmi diel\u0148ami, spolo\u010densk\u00fdmi hrami \u010di pri hudbe. Pom\u00e1haj\u00fa pri organiz\u00e1cii podujat\u00ed a \u010dasto prin\u00e1\u0161aj\u00fa nov\u00e9 n\u00e1pady, ktor\u00e9 obohacuj\u00fa ka\u017edodenn\u00fd \u017eivot v na\u0161ich zariadeniach.<\/p>\n<p data-start=\"422\" data-end=\"866\" data-is-last-node=\"\" data-is-only-node=\"\">Pr\u00edtomnos\u0165 dobrovo\u013en\u00edkov prin\u00e1\u0161a do na\u0161ich zariaden\u00ed rados\u0165, nov\u00e9 podnety a posil\u0148uje medzi\u013eudsk\u00e9 vz\u0165ahy.<\/p>\n<p data-start=\"422\" data-end=\"866\" data-is-last-node=\"\" data-is-only-node=\"\"><strong>Sme im za to nesmierne v\u010fa\u010dn\u00ed &#x2764;<\/strong><\/p>\n<\/div>\n<\/div>\n<\/div>\n<\/div>\n<div class=\"flex justify-start\">\n<div class=\"touch:-me-2 touch:-ms-3.5 -ms-2.5 -me-1 flex items-center p-1 select-none -mt-1 duration-[1.5s] focus-within:transition-none hover:transition-none pointer-events-none [mask-image:linear-gradient(to_right,black_33%,transparent_66%)] [mask-size:300%_100%] [mask-position:100%_0%] motion-safe:transition-[mask-position] group-hover\/turn-messages:pointer-events-auto group-hover\/turn-messages:[mask-position:0_0] group-focus-within\/turn-messages:pointer-events-auto group-focus-within\/turn-messages:[mask-position:0_0] has-data-[state=open]:pointer-events-auto has-data-[state=open]:[mask-position:0_0]\"><\/div>\n<\/div>\n<\/div>\n<\/div>\n<\/div>\n<\/div>\n<\/article>\n<\/td>\n<\/tr>\n<\/tbody>\n<\/table>\n","protected":false},"excerpt":{"rendered":"<p>Dobrovo\u013en\u00edctvo ZSS Zobor Dobrovo\u013en\u00edctvo v denn\u00fdch stacion\u00e1roch Dobrovo\u013en\u00edctvo v denn\u00fdch centr\u00e1ch Dobrovo\u013en\u00edctvo v domoch s opatrovate\u013eskou slu\u017ebou . Dobrovo\u013en\u00edci s\u00fa neoddelite\u013enou s\u00fa\u010das\u0165ou \u017eivota v na\u0161ich zariadeniach. Ve\u013emi si v\u00e1\u017eime ich pomoc pri \u00faprave a skr\u00e1\u0161\u013eovan\u00ed prostredia, v ktorom na\u0161i prij\u00edmatelia soci\u00e1lnych slu\u017eieb tr\u00e1via ka\u017ed\u00fd de\u0148. Pravidelne sa zap\u00e1jaj\u00fa do \u00fadr\u017eby z\u00e1hrad, sadia kvety a \u010distia [&hellip;]<\/p>\n","protected":false},"author":1,"featured_media":0,"parent":0,"menu_order":0,"comment_status":"closed","ping_status":"closed","template":"","meta":{"footnotes":""},"class_list":["post-14307","page","type-page","status-publish","hentry"],"_links":{"self":[{"href":"http:\/\/szss-nitra.sk\/index.php?rest_route=\/wp\/v2\/pages\/14307","targetHints":{"allow":["GET"]}}],"collection":[{"href":"http:\/\/szss-nitra.sk\/index.php?rest_route=\/wp\/v2\/pages"}],"about":[{"href":"http:\/\/szss-nitra.sk\/index.php?rest_route=\/wp\/v2\/types\/page"}],"author":[{"embeddable":true,"href":"http:\/\/szss-nitra.sk\/index.php?rest_route=\/wp\/v2\/users\/1"}],"replies":[{"embeddable":true,"href":"http:\/\/szss-nitra.sk\/index.php?rest_route=%2Fwp%2Fv2%2Fcomments&post=14307"}],"version-history":[{"count":3,"href":"http:\/\/szss-nitra.sk\/index.php?rest_route=\/wp\/v2\/pages\/14307\/revisions"}],"predecessor-version":[{"id":14358,"href":"http:\/\/szss-nitra.sk\/index.php?rest_route=\/wp\/v2\/pages\/14307\/revisions\/14358"}],"wp:attachment":[{"href":"http:\/\/szss-nitra.sk\/index.php?rest_route=%2Fwp%2Fv2%2Fmedia&parent=14307"}],"curies":[{"name":"wp","href":"https:\/\/api.w.org\/{rel}","templated":true}]}}