{"id":12991,"date":"2024-08-23T13:17:19","date_gmt":"2024-08-23T11:17:19","guid":{"rendered":"https:\/\/szss-nitra.sk\/?page_id=12991"},"modified":"2026-03-12T17:01:24","modified_gmt":"2026-03-12T15:01:24","slug":"jedalen-2","status":"publish","type":"page","link":"http:\/\/szss-nitra.sk\/?page_id=12991","title":{"rendered":"Jed\u00e1le\u0148"},"content":{"rendered":"<table style=\"border: none;\">\n<tbody>\n<tr>\n<td style=\"width: 30%; vertical-align: top;\"><a href=\"http:\/\/szss-nitra.sk\/?page_id=3397\">Komu je ur\u010den\u00e1<\/a><\/p>\n<p><a href=\"http:\/\/szss-nitra.sk\/?page_id=3402\">Ako vybavi\u0165<\/a><\/p>\n<p><a href=\"http:\/\/szss-nitra.sk\/?page_id=3408\">\u010cas poskytovania slu\u017eby<\/a><\/p>\n<p><a href=\"http:\/\/szss-nitra.sk\/?page_id=3414\">Aktu\u00e1lne oznamy<\/a><\/p>\n<p><a href=\"http:\/\/szss-nitra.sk\/?page_id=3417\">Jed\u00e1lny l\u00edstok<\/a><\/p>\n<p><a href=\"http:\/\/szss-nitra.sk\/?page_id=16068\">Sp\u00e4tn\u00e1 v\u00e4zba<\/a><\/p>\n<p><a href=\"http:\/\/szss-nitra.sk\/?page_id=3419\">Legislat\u00edva<\/a><\/p>\n<p><a href=\"http:\/\/szss-nitra.sk\/?page_id=3421\">Cenn\u00edk<\/a><\/p>\n<p><span style=\"color: #000000;\"><strong><a style=\"color: #000000;\" href=\"http:\/\/szss-nitra.sk\/?page_id=12991\">Sl\u00e1vnostn\u00e9 menu na akcie &#8211; re\u0161taur\u00e1cia Olympia cenn\u00edk<\/a><\/strong><\/span><\/p>\n<p><a href=\"http:\/\/szss-nitra.sk\/?page_id=3426\">Kontakt<\/a><\/p>\n<p><a href=\"http:\/\/szss-nitra.sk\/?page_id=3429\">Fotogal\u00e9ria<\/a><\/p>\n<p><img loading=\"lazy\" decoding=\"async\" class=\"alignnone size-full wp-image-10673\" src=\"http:\/\/szss-nitra.sk\/wp-content\/uploads\/2023\/10\/menu_ico_obedy.png\" alt=\"\" width=\"125\" height=\"130\" \/><\/td>\n<td><span style=\"color: #ffffff;\">.<\/span><\/td>\n<td style=\"vertical-align: top; text-align: jusify;\">\n<p style=\"text-align: center;\"><a href=\"http:\/\/szss-nitra.sk\/wp-content\/uploads\/2024\/08\/Slavnostne-menu-Olympia-platne-od-1.7.2024.pdf\" target=\"_blank\" rel=\"noopener\"><strong>Sl\u00e1vnostn\u00e9 menu na akcie &#8211; re\u0161taur\u00e1cia Olympia &#8211; aktu\u00e1lny cenn\u00edk<\/strong><\/a><\/p>\n<p><a href=\"https:\/\/szss-nitra.sk\/wp-content\/uploads\/2024\/08\/Slavnostne-menu-Olympia-platne-od-1.7.2024.pdf\" target=\"_blank\" rel=\"noopener\"><img loading=\"lazy\" decoding=\"async\" class=\"aligncenter wp-image-12997 size-full\" src=\"http:\/\/szss-nitra.sk\/wp-content\/uploads\/2024\/08\/Slavnostne-menu-Olympia-platne-od-1.7.2024_page-0001-1.jpg\" alt=\"\" width=\"512\" height=\"727\" srcset=\"http:\/\/szss-nitra.sk\/wp-content\/uploads\/2024\/08\/Slavnostne-menu-Olympia-platne-od-1.7.2024_page-0001-1.jpg 512w, http:\/\/szss-nitra.sk\/wp-content\/uploads\/2024\/08\/Slavnostne-menu-Olympia-platne-od-1.7.2024_page-0001-1-211x300.jpg 211w\" sizes=\"auto, (max-width: 512px) 100vw, 512px\" \/><\/a><\/td>\n<\/tr>\n<\/tbody>\n<\/table>\n","protected":false},"excerpt":{"rendered":"<p>Komu je ur\u010den\u00e1 Ako vybavi\u0165 \u010cas poskytovania slu\u017eby Aktu\u00e1lne oznamy Jed\u00e1lny l\u00edstok Sp\u00e4tn\u00e1 v\u00e4zba Legislat\u00edva Cenn\u00edk Sl\u00e1vnostn\u00e9 menu na akcie &#8211; re\u0161taur\u00e1cia Olympia cenn\u00edk Kontakt Fotogal\u00e9ria . Sl\u00e1vnostn\u00e9 menu na akcie &#8211; re\u0161taur\u00e1cia Olympia &#8211; aktu\u00e1lny cenn\u00edk<\/p>\n","protected":false},"author":1,"featured_media":0,"parent":0,"menu_order":0,"comment_status":"closed","ping_status":"closed","template":"","meta":{"footnotes":""},"class_list":["post-12991","page","type-page","status-publish","hentry"],"_links":{"self":[{"href":"http:\/\/szss-nitra.sk\/index.php?rest_route=\/wp\/v2\/pages\/12991","targetHints":{"allow":["GET"]}}],"collection":[{"href":"http:\/\/szss-nitra.sk\/index.php?rest_route=\/wp\/v2\/pages"}],"about":[{"href":"http:\/\/szss-nitra.sk\/index.php?rest_route=\/wp\/v2\/types\/page"}],"author":[{"embeddable":true,"href":"http:\/\/szss-nitra.sk\/index.php?rest_route=\/wp\/v2\/users\/1"}],"replies":[{"embeddable":true,"href":"http:\/\/szss-nitra.sk\/index.php?rest_route=%2Fwp%2Fv2%2Fcomments&post=12991"}],"version-history":[{"count":6,"href":"http:\/\/szss-nitra.sk\/index.php?rest_route=\/wp\/v2\/pages\/12991\/revisions"}],"predecessor-version":[{"id":16080,"href":"http:\/\/szss-nitra.sk\/index.php?rest_route=\/wp\/v2\/pages\/12991\/revisions\/16080"}],"wp:attachment":[{"href":"http:\/\/szss-nitra.sk\/index.php?rest_route=%2Fwp%2Fv2%2Fmedia&parent=12991"}],"curies":[{"name":"wp","href":"https:\/\/api.w.org\/{rel}","templated":true}]}}