{"id":12374,"date":"2024-05-21T10:03:18","date_gmt":"2024-05-21T08:03:18","guid":{"rendered":"https:\/\/szss-nitra.sk\/?page_id=12374"},"modified":"2025-12-04T03:38:43","modified_gmt":"2025-12-04T01:38:43","slug":"dobra-prax-zariadenie-socialnych-sluzieb-zobor-5","status":"publish","type":"page","link":"http:\/\/szss-nitra.sk\/?page_id=12374","title":{"rendered":"Dobr\u00e1 prax \u2013 Zariadenie soci\u00e1lnych slu\u017eieb Zobor"},"content":{"rendered":"<table style=\"border: none;\">\n<tbody>\n<tr>\n<td style=\"width: 30%; vertical-align: top;\"><a href=\"http:\/\/szss-nitra.sk\/?page_id=12336\">\u010co sa n\u00e1m podarilo &#8211; Kazuistiky<\/a><a href=\"http:\/\/szss-nitra.sk\/?page_id=12341\">V\u00fdbor klientov<\/a><\/p>\n<p><a href=\"http:\/\/szss-nitra.sk\/?page_id=12346\">Predn\u00e1\u0161ky extern\u00fdch odborn\u00edkov<\/a><\/p>\n<p><a href=\"http:\/\/szss-nitra.sk\/?page_id=12360\">Dobrovo\u013en\u00edcka \u010dinnos\u0165<\/a><\/p>\n<p><a href=\"http:\/\/szss-nitra.sk\/?page_id=12372\">Prax \u0161tudentov<\/a><\/p>\n<p><strong><a href=\"http:\/\/szss-nitra.sk\/?page_id=12374\">Povedali o n\u00e1s<\/a><\/strong><\/td>\n<td><span style=\"color: #ffffff;\">.<\/span><\/td>\n<td style=\"vertical-align: top; text-align: justify;\">\n<p style=\"text-align: center;\"><strong>Po\u010fakovania<\/strong><\/p>\n<p><a href=\"http:\/\/szss-nitra.sk\/wp-content\/uploads\/2024\/05\/426145976_394007726503293_4370184230264086781_n.jpg\"><img loading=\"lazy\" decoding=\"async\" class=\"alignnone wp-image-12379\" src=\"http:\/\/szss-nitra.sk\/wp-content\/uploads\/2024\/05\/426145976_394007726503293_4370184230264086781_n-300x264.jpg\" alt=\"\" width=\"205\" height=\"180\" srcset=\"http:\/\/szss-nitra.sk\/wp-content\/uploads\/2024\/05\/426145976_394007726503293_4370184230264086781_n-300x264.jpg 300w, http:\/\/szss-nitra.sk\/wp-content\/uploads\/2024\/05\/426145976_394007726503293_4370184230264086781_n-1024x901.jpg 1024w, http:\/\/szss-nitra.sk\/wp-content\/uploads\/2024\/05\/426145976_394007726503293_4370184230264086781_n-768x676.jpg 768w, http:\/\/szss-nitra.sk\/wp-content\/uploads\/2024\/05\/426145976_394007726503293_4370184230264086781_n-1536x1352.jpg 1536w, http:\/\/szss-nitra.sk\/wp-content\/uploads\/2024\/05\/426145976_394007726503293_4370184230264086781_n.jpg 2048w\" sizes=\"auto, (max-width: 205px) 100vw, 205px\" \/><\/a> <a href=\"http:\/\/szss-nitra.sk\/wp-content\/uploads\/2024\/05\/20240326_122353-scaled.jpg\"><img loading=\"lazy\" decoding=\"async\" class=\"alignnone wp-image-12377\" src=\"http:\/\/szss-nitra.sk\/wp-content\/uploads\/2024\/05\/20240326_122353-300x169.jpg\" alt=\"\" width=\"256\" height=\"144\" srcset=\"http:\/\/szss-nitra.sk\/wp-content\/uploads\/2024\/05\/20240326_122353-300x169.jpg 300w, http:\/\/szss-nitra.sk\/wp-content\/uploads\/2024\/05\/20240326_122353-1024x576.jpg 1024w, http:\/\/szss-nitra.sk\/wp-content\/uploads\/2024\/05\/20240326_122353-768x432.jpg 768w, http:\/\/szss-nitra.sk\/wp-content\/uploads\/2024\/05\/20240326_122353-1536x864.jpg 1536w, http:\/\/szss-nitra.sk\/wp-content\/uploads\/2024\/05\/20240326_122353-2048x1152.jpg 2048w\" sizes=\"auto, (max-width: 256px) 100vw, 256px\" \/><\/a><\/p>\n<p><a href=\"http:\/\/szss-nitra.sk\/wp-content\/uploads\/2024\/05\/333070493_439335831689495_7463088732879633894_n.jpg\"><img loading=\"lazy\" decoding=\"async\" class=\"alignnone wp-image-12378\" src=\"http:\/\/szss-nitra.sk\/wp-content\/uploads\/2024\/05\/333070493_439335831689495_7463088732879633894_n-300x212.jpg\" alt=\"\" width=\"205\" height=\"145\" srcset=\"http:\/\/szss-nitra.sk\/wp-content\/uploads\/2024\/05\/333070493_439335831689495_7463088732879633894_n-300x212.jpg 300w, http:\/\/szss-nitra.sk\/wp-content\/uploads\/2024\/05\/333070493_439335831689495_7463088732879633894_n-768x543.jpg 768w, http:\/\/szss-nitra.sk\/wp-content\/uploads\/2024\/05\/333070493_439335831689495_7463088732879633894_n.jpg 931w\" sizes=\"auto, (max-width: 205px) 100vw, 205px\" \/> <\/a><a href=\"http:\/\/szss-nitra.sk\/wp-content\/uploads\/2024\/05\/20231122_121930-scaled.jpg\"><img loading=\"lazy\" decoding=\"async\" class=\"alignnone wp-image-12376\" src=\"http:\/\/szss-nitra.sk\/wp-content\/uploads\/2024\/05\/20231122_121930-300x169.jpg\" alt=\"\" width=\"256\" height=\"144\" srcset=\"http:\/\/szss-nitra.sk\/wp-content\/uploads\/2024\/05\/20231122_121930-300x169.jpg 300w, http:\/\/szss-nitra.sk\/wp-content\/uploads\/2024\/05\/20231122_121930-1024x576.jpg 1024w, http:\/\/szss-nitra.sk\/wp-content\/uploads\/2024\/05\/20231122_121930-768x432.jpg 768w, http:\/\/szss-nitra.sk\/wp-content\/uploads\/2024\/05\/20231122_121930-1536x864.jpg 1536w, http:\/\/szss-nitra.sk\/wp-content\/uploads\/2024\/05\/20231122_121930-2048x1152.jpg 2048w\" sizes=\"auto, (max-width: 256px) 100vw, 256px\" \/><\/a><\/p>\n<p><a href=\"http:\/\/szss-nitra.sk\/wp-content\/uploads\/2024\/05\/CCF_000065_pages-to-jpg-0001-768x787-1.jpg\"><img loading=\"lazy\" decoding=\"async\" class=\"alignnone wp-image-12375\" src=\"http:\/\/szss-nitra.sk\/wp-content\/uploads\/2024\/05\/CCF_000065_pages-to-jpg-0001-768x787-1-293x300.jpg\" alt=\"\" width=\"205\" height=\"210\" srcset=\"http:\/\/szss-nitra.sk\/wp-content\/uploads\/2024\/05\/CCF_000065_pages-to-jpg-0001-768x787-1-293x300.jpg 293w, http:\/\/szss-nitra.sk\/wp-content\/uploads\/2024\/05\/CCF_000065_pages-to-jpg-0001-768x787-1.jpg 768w\" sizes=\"auto, (max-width: 205px) 100vw, 205px\" \/> <\/a><a href=\"http:\/\/szss-nitra.sk\/wp-content\/uploads\/2024\/07\/450646849_7834025956724026_625707073593478447_n.jpg\"><img loading=\"lazy\" decoding=\"async\" class=\"alignnone size-medium wp-image-12771\" src=\"http:\/\/szss-nitra.sk\/wp-content\/uploads\/2024\/07\/450646849_7834025956724026_625707073593478447_n-292x300.jpg\" alt=\"\" width=\"262\" height=\"270\" srcset=\"http:\/\/szss-nitra.sk\/wp-content\/uploads\/2024\/07\/450646849_7834025956724026_625707073593478447_n-292x300.jpg 292w, http:\/\/szss-nitra.sk\/wp-content\/uploads\/2024\/07\/450646849_7834025956724026_625707073593478447_n-997x1024.jpg 997w, http:\/\/szss-nitra.sk\/wp-content\/uploads\/2024\/07\/450646849_7834025956724026_625707073593478447_n-768x789.jpg 768w, http:\/\/szss-nitra.sk\/wp-content\/uploads\/2024\/07\/450646849_7834025956724026_625707073593478447_n-1496x1536.jpg 1496w, http:\/\/szss-nitra.sk\/wp-content\/uploads\/2024\/07\/450646849_7834025956724026_625707073593478447_n.jpg 1960w\" sizes=\"auto, (max-width: 262px) 100vw, 262px\" \/><\/a><\/p>\n<p><a href=\"http:\/\/szss-nitra.sk\/wp-content\/uploads\/2025\/04\/Podakovanie-Melania-Kovacova.jpg\"><img loading=\"lazy\" decoding=\"async\" class=\"alignnone size-medium wp-image-14128\" src=\"http:\/\/szss-nitra.sk\/wp-content\/uploads\/2025\/04\/Podakovanie-Melania-Kovacova-225x300.jpg\" alt=\"\" width=\"150\" height=\"200\" srcset=\"http:\/\/szss-nitra.sk\/wp-content\/uploads\/2025\/04\/Podakovanie-Melania-Kovacova-225x300.jpg 225w, http:\/\/szss-nitra.sk\/wp-content\/uploads\/2025\/04\/Podakovanie-Melania-Kovacova-768x1024.jpg 768w, http:\/\/szss-nitra.sk\/wp-content\/uploads\/2025\/04\/Podakovanie-Melania-Kovacova-1152x1536.jpg 1152w, http:\/\/szss-nitra.sk\/wp-content\/uploads\/2025\/04\/Podakovanie-Melania-Kovacova.jpg 1536w\" sizes=\"auto, (max-width: 150px) 100vw, 150px\" \/> <\/a><a href=\"http:\/\/szss-nitra.sk\/wp-content\/uploads\/2025\/10\/podakovanie-Trubiniova_fb.jpg\"><img loading=\"lazy\" decoding=\"async\" class=\"alignnone size-medium wp-image-15279\" src=\"http:\/\/szss-nitra.sk\/wp-content\/uploads\/2025\/10\/podakovanie-Trubiniova_fb-300x143.jpg\" alt=\"\" width=\"200\" height=\"95\" srcset=\"http:\/\/szss-nitra.sk\/wp-content\/uploads\/2025\/10\/podakovanie-Trubiniova_fb-300x143.jpg 300w, http:\/\/szss-nitra.sk\/wp-content\/uploads\/2025\/10\/podakovanie-Trubiniova_fb-1024x487.jpg 1024w, http:\/\/szss-nitra.sk\/wp-content\/uploads\/2025\/10\/podakovanie-Trubiniova_fb-768x365.jpg 768w, http:\/\/szss-nitra.sk\/wp-content\/uploads\/2025\/10\/podakovanie-Trubiniova_fb.jpg 1241w\" sizes=\"auto, (max-width: 200px) 100vw, 200px\" \/> <\/a><a href=\"http:\/\/szss-nitra.sk\/wp-content\/uploads\/2025\/12\/podakovanie-machatova.png\"><img loading=\"lazy\" decoding=\"async\" class=\"alignnone size-medium wp-image-15561\" src=\"http:\/\/szss-nitra.sk\/wp-content\/uploads\/2025\/12\/podakovanie-machatova-300x83.png\" alt=\"\" width=\"200\" height=\"55\" srcset=\"http:\/\/szss-nitra.sk\/wp-content\/uploads\/2025\/12\/podakovanie-machatova-300x83.png 300w, http:\/\/szss-nitra.sk\/wp-content\/uploads\/2025\/12\/podakovanie-machatova.png 757w\" sizes=\"auto, (max-width: 200px) 100vw, 200px\" \/><\/a><\/td>\n<\/tr>\n<\/tbody>\n<\/table>\n","protected":false},"excerpt":{"rendered":"<p>\u010co sa n\u00e1m podarilo &#8211; KazuistikyV\u00fdbor klientov Predn\u00e1\u0161ky extern\u00fdch odborn\u00edkov Dobrovo\u013en\u00edcka \u010dinnos\u0165 Prax \u0161tudentov Povedali o n\u00e1s . Po\u010fakovania<\/p>\n","protected":false},"author":1,"featured_media":0,"parent":0,"menu_order":0,"comment_status":"closed","ping_status":"closed","template":"","meta":{"footnotes":""},"class_list":["post-12374","page","type-page","status-publish","hentry"],"_links":{"self":[{"href":"http:\/\/szss-nitra.sk\/index.php?rest_route=\/wp\/v2\/pages\/12374","targetHints":{"allow":["GET"]}}],"collection":[{"href":"http:\/\/szss-nitra.sk\/index.php?rest_route=\/wp\/v2\/pages"}],"about":[{"href":"http:\/\/szss-nitra.sk\/index.php?rest_route=\/wp\/v2\/types\/page"}],"author":[{"embeddable":true,"href":"http:\/\/szss-nitra.sk\/index.php?rest_route=\/wp\/v2\/users\/1"}],"replies":[{"embeddable":true,"href":"http:\/\/szss-nitra.sk\/index.php?rest_route=%2Fwp%2Fv2%2Fcomments&post=12374"}],"version-history":[{"count":11,"href":"http:\/\/szss-nitra.sk\/index.php?rest_route=\/wp\/v2\/pages\/12374\/revisions"}],"predecessor-version":[{"id":15562,"href":"http:\/\/szss-nitra.sk\/index.php?rest_route=\/wp\/v2\/pages\/12374\/revisions\/15562"}],"wp:attachment":[{"href":"http:\/\/szss-nitra.sk\/index.php?rest_route=%2Fwp%2Fv2%2Fmedia&parent=12374"}],"curies":[{"name":"wp","href":"https:\/\/api.w.org\/{rel}","templated":true}]}}