{"id":12360,"date":"2024-05-21T09:53:28","date_gmt":"2024-05-21T07:53:28","guid":{"rendered":"https:\/\/szss-nitra.sk\/?page_id=12360"},"modified":"2024-08-21T13:24:30","modified_gmt":"2024-08-21T11:24:30","slug":"dobra-prax-zariadenie-socialnych-sluzieb-zobor-3","status":"publish","type":"page","link":"http:\/\/szss-nitra.sk\/?page_id=12360","title":{"rendered":"Dobr\u00e1 prax \u2013 Zariadenie soci\u00e1lnych slu\u017eieb Zobor"},"content":{"rendered":"<table style=\"border: none;\">\n<tbody>\n<tr>\n<td style=\"width: 30%; vertical-align: top;\"><a href=\"http:\/\/szss-nitra.sk\/?page_id=12336\">\u010co sa n\u00e1m podarilo &#8211; Kazuistiky<\/a><\/p>\n<p><a href=\"http:\/\/szss-nitra.sk\/?page_id=12341\">V\u00fdbor klientov<\/a><\/p>\n<p><a href=\"http:\/\/szss-nitra.sk\/?page_id=12346\">Predn\u00e1\u0161ky extern\u00fdch odborn\u00edkov<\/a><\/p>\n<p><a href=\"http:\/\/szss-nitra.sk\/?page_id=12360\"><strong>Dobrovo\u013en\u00edcka \u010dinnos\u0165<\/strong><\/a><\/p>\n<p><a href=\"http:\/\/szss-nitra.sk\/?page_id=12372\">Prax \u0161tudentov<\/a><\/p>\n<p><a href=\"http:\/\/szss-nitra.sk\/?page_id=12374\">Povedali o n\u00e1s<\/a><\/td>\n<td><span style=\"color: #ffffff;\">.<\/span><\/td>\n<td style=\"vertical-align: top; text-align: justify;\">\n<p style=\"text-align: center;\"><strong>Dobrovo\u013en\u00edcka \u010dinnos\u0165 &#8211; Jaguar Land Rover<\/strong><\/p>\n<p style=\"text-align: center;\"><a href=\"http:\/\/szss-nitra.sk\/wp-content\/uploads\/2024\/05\/dobrovolnicke-prace-1.jpg\"><img loading=\"lazy\" decoding=\"async\" class=\"alignnone size-thumbnail wp-image-12363\" src=\"http:\/\/szss-nitra.sk\/wp-content\/uploads\/2024\/05\/dobrovolnicke-prace-1-100x100.jpg\" alt=\"\" width=\"100\" height=\"100\"><\/a> <a href=\"http:\/\/szss-nitra.sk\/wp-content\/uploads\/2024\/05\/342914986_181017031522761_5168324379715534184_n.jpg\"><img loading=\"lazy\" decoding=\"async\" class=\"alignnone size-thumbnail wp-image-12365\" src=\"http:\/\/szss-nitra.sk\/wp-content\/uploads\/2024\/05\/342914986_181017031522761_5168324379715534184_n-100x100.jpg\" alt=\"\" width=\"100\" height=\"100\"><\/a> <a href=\"http:\/\/szss-nitra.sk\/wp-content\/uploads\/2024\/05\/343002397_5843700495739685_1518759744158578613_n.jpg\"><img loading=\"lazy\" decoding=\"async\" class=\"alignnone size-thumbnail wp-image-12362\" src=\"http:\/\/szss-nitra.sk\/wp-content\/uploads\/2024\/05\/343002397_5843700495739685_1518759744158578613_n-100x100.jpg\" alt=\"\" width=\"100\" height=\"100\"><\/a> <a href=\"http:\/\/szss-nitra.sk\/wp-content\/uploads\/2024\/05\/342981960_1523945801467713_9188962780149338635_n.jpg\"><img loading=\"lazy\" decoding=\"async\" class=\"alignnone size-thumbnail wp-image-12361\" src=\"http:\/\/szss-nitra.sk\/wp-content\/uploads\/2024\/05\/342981960_1523945801467713_9188962780149338635_n-100x100.jpg\" alt=\"\" width=\"100\" height=\"100\"><\/a><\/p>\n<p style=\"text-align: center;\"><a href=\"http:\/\/szss-nitra.sk\/wp-content\/uploads\/2024\/05\/Jaguar.jpg\"><img loading=\"lazy\" decoding=\"async\" class=\"alignnone size-medium wp-image-12364\" src=\"http:\/\/szss-nitra.sk\/wp-content\/uploads\/2024\/05\/Jaguar-300x225.jpg\" alt=\"\" width=\"300\" height=\"225\" srcset=\"http:\/\/szss-nitra.sk\/wp-content\/uploads\/2024\/05\/Jaguar-300x225.jpg 300w, http:\/\/szss-nitra.sk\/wp-content\/uploads\/2024\/05\/Jaguar-768x576.jpg 768w, http:\/\/szss-nitra.sk\/wp-content\/uploads\/2024\/05\/Jaguar.jpg 1024w\" sizes=\"auto, (max-width: 300px) 100vw, 300px\" \/><\/a><\/p>\n<p style=\"text-align: center;\"><strong>Dobrovo\u013en\u00edcka \u010dinnos\u0165 &#8211; Liquibox<\/strong><\/p>\n<p style=\"text-align: center;\"><a href=\"http:\/\/szss-nitra.sk\/wp-content\/uploads\/2024\/05\/357073601_275184678385599_240659765535117812_n.jpg\"><img loading=\"lazy\" decoding=\"async\" class=\"alignnone size-thumbnail wp-image-12369\" src=\"http:\/\/szss-nitra.sk\/wp-content\/uploads\/2024\/05\/357073601_275184678385599_240659765535117812_n-100x100.jpg\" alt=\"\" width=\"100\" height=\"100\"><\/a> <a href=\"http:\/\/szss-nitra.sk\/wp-content\/uploads\/2024\/05\/356997934_275184668385600_7300344613936595842_n.jpg\"><img loading=\"lazy\" decoding=\"async\" class=\"alignnone size-thumbnail wp-image-12368\" src=\"http:\/\/szss-nitra.sk\/wp-content\/uploads\/2024\/05\/356997934_275184668385600_7300344613936595842_n-100x100.jpg\" alt=\"\" width=\"100\" height=\"100\"><\/a> <a href=\"http:\/\/szss-nitra.sk\/wp-content\/uploads\/2024\/05\/356913197_275184821718918_3869830465285505665_n.jpg\"><img loading=\"lazy\" decoding=\"async\" class=\"alignnone size-thumbnail wp-image-12366\" src=\"http:\/\/szss-nitra.sk\/wp-content\/uploads\/2024\/05\/356913197_275184821718918_3869830465285505665_n-100x100.jpg\" alt=\"\" width=\"100\" height=\"100\"><\/a> <a href=\"http:\/\/szss-nitra.sk\/wp-content\/uploads\/2024\/05\/356921623_275184151718985_9206647948264193828_n.jpg\"><img loading=\"lazy\" decoding=\"async\" class=\"alignnone size-thumbnail wp-image-12367\" src=\"http:\/\/szss-nitra.sk\/wp-content\/uploads\/2024\/05\/356921623_275184151718985_9206647948264193828_n-100x100.jpg\" alt=\"\" width=\"100\" height=\"100\"><\/a><\/p>\n<p style=\"text-align: center;\"><a href=\"http:\/\/szss-nitra.sk\/wp-content\/uploads\/2024\/05\/356908731_275184415052292_6753209596186620954_n.jpg\"><img loading=\"lazy\" decoding=\"async\" class=\"alignnone size-medium wp-image-12370\" src=\"http:\/\/szss-nitra.sk\/wp-content\/uploads\/2024\/05\/356908731_275184415052292_6753209596186620954_n-300x225.jpg\" alt=\"\" width=\"300\" height=\"225\" srcset=\"http:\/\/szss-nitra.sk\/wp-content\/uploads\/2024\/05\/356908731_275184415052292_6753209596186620954_n-300x225.jpg 300w, http:\/\/szss-nitra.sk\/wp-content\/uploads\/2024\/05\/356908731_275184415052292_6753209596186620954_n-1024x768.jpg 1024w, http:\/\/szss-nitra.sk\/wp-content\/uploads\/2024\/05\/356908731_275184415052292_6753209596186620954_n-768x576.jpg 768w, http:\/\/szss-nitra.sk\/wp-content\/uploads\/2024\/05\/356908731_275184415052292_6753209596186620954_n-1536x1152.jpg 1536w, http:\/\/szss-nitra.sk\/wp-content\/uploads\/2024\/05\/356908731_275184415052292_6753209596186620954_n.jpg 2048w\" sizes=\"auto, (max-width: 300px) 100vw, 300px\" \/><\/a><\/p>\n<p style=\"text-align: center;\"><strong>\u013dudia s ve\u013ek\u00fdm srdcom<\/strong><\/p>\n<p>To m\u00f4\u017eeme poveda\u0165 o ka\u017edom, kto venuje svoj \u010das tam, kde je to za potreby. M\u00e1me nesmiernu rados\u0165, \u017ee k n\u00e1m neust\u00e1le prich\u00e1dzaj\u00fa nov\u00e9 tv\u00e1re, ktor\u00e9 chc\u00fa svojou dobrovo\u013en\u00edckou \u010dinnos\u0165ou v Zariaden\u00ed soci\u00e1lnych slu\u017eieb Zobor prispie\u0165 k lep\u0161iemu \u017eivotu na\u0161ich prij\u00edmate\u013eov. Hovor\u00edme nie len o t\u00fd\u017edni dobrovo\u013en\u00edctva, v r\u00e1mci ktor\u00e9ho sa stret\u00e1vame s v\u00e4\u010d\u0161\u00edmi skupinami \u013eud\u00ed, no m\u00e1me na mysli aj jednotlivcov, ktor\u00fdch u n\u00e1s m\u00f4\u017eete stret\u00e1va\u0165 po\u010das cel\u00e9ho roka. \u010ci u\u017e sa jedn\u00e1 o rozhovory, prech\u00e1dzky, v\u00fdpomoc v tvorivej dielni alebo s\u00fa to r\u00f4zne pr\u00e1ce v z\u00e1hradke, ka\u017ed\u00e1 z t\u00fdchto \u010dinnost\u00ed vy\u017eaduje nie len \u010das, ale rovnako aj ve\u013ek\u00e9 mno\u017estvo l\u00e1sky a pochopenia. V\u010faka nezi\u0161tnej pomoci tak seniorom vieme iba potvrdi\u0165, \u017ee napriek vy\u0161\u0161iemu veku alebo zdravotn\u00fdm, \u010di in\u00fdm probl\u00e9mom s\u00fa st\u00e1le na\u0161ou s\u00fa\u010das\u0165ou a s\u00fa pre tento svet nesmierne d\u00f4le\u017eit\u00ed.<\/p>\n<p style=\"text-align: center;\"><a href=\"http:\/\/szss-nitra.sk\/wp-content\/uploads\/2024\/08\/20240723_104855.jpg\"><img loading=\"lazy\" decoding=\"async\" class=\"alignnone size-thumbnail wp-image-12960\" src=\"http:\/\/szss-nitra.sk\/wp-content\/uploads\/2024\/08\/20240723_104855-100x100.jpg\" alt=\"\" width=\"100\" height=\"100\"><\/a> <a href=\"http:\/\/szss-nitra.sk\/wp-content\/uploads\/2024\/08\/20240723_105101.jpg\"><img loading=\"lazy\" decoding=\"async\" class=\"alignnone size-thumbnail wp-image-12961\" src=\"http:\/\/szss-nitra.sk\/wp-content\/uploads\/2024\/08\/20240723_105101-100x100.jpg\" alt=\"\" width=\"100\" height=\"100\"><\/a> <a href=\"http:\/\/szss-nitra.sk\/wp-content\/uploads\/2024\/08\/20240726_103309.jpg\"><img loading=\"lazy\" decoding=\"async\" class=\"alignnone size-thumbnail wp-image-12958\" src=\"http:\/\/szss-nitra.sk\/wp-content\/uploads\/2024\/08\/20240726_103309-100x100.jpg\" alt=\"\" width=\"100\" height=\"100\"><\/a> <a href=\"http:\/\/szss-nitra.sk\/wp-content\/uploads\/2024\/08\/20240806_094349.jpg\"><img loading=\"lazy\" decoding=\"async\" class=\"alignnone size-thumbnail wp-image-12959\" src=\"http:\/\/szss-nitra.sk\/wp-content\/uploads\/2024\/08\/20240806_094349-100x100.jpg\" alt=\"\" width=\"100\" height=\"100\"><\/a><\/p>\n<\/td>\n<\/tr>\n<\/tbody>\n<\/table>\n","protected":false},"excerpt":{"rendered":"<p>\u010co sa n\u00e1m podarilo &#8211; Kazuistiky V\u00fdbor klientov Predn\u00e1\u0161ky extern\u00fdch odborn\u00edkov Dobrovo\u013en\u00edcka \u010dinnos\u0165 Prax \u0161tudentov Povedali o n\u00e1s . Dobrovo\u013en\u00edcka \u010dinnos\u0165 &#8211; Jaguar Land Rover Dobrovo\u013en\u00edcka \u010dinnos\u0165 &#8211; Liquibox \u013dudia s ve\u013ek\u00fdm srdcom To m\u00f4\u017eeme poveda\u0165 o ka\u017edom, kto venuje svoj \u010das tam, kde je to za potreby. M\u00e1me nesmiernu rados\u0165, \u017ee k n\u00e1m neust\u00e1le [&hellip;]<\/p>\n","protected":false},"author":1,"featured_media":0,"parent":0,"menu_order":0,"comment_status":"closed","ping_status":"closed","template":"","meta":{"footnotes":""},"class_list":["post-12360","page","type-page","status-publish","hentry"],"_links":{"self":[{"href":"http:\/\/szss-nitra.sk\/index.php?rest_route=\/wp\/v2\/pages\/12360","targetHints":{"allow":["GET"]}}],"collection":[{"href":"http:\/\/szss-nitra.sk\/index.php?rest_route=\/wp\/v2\/pages"}],"about":[{"href":"http:\/\/szss-nitra.sk\/index.php?rest_route=\/wp\/v2\/types\/page"}],"author":[{"embeddable":true,"href":"http:\/\/szss-nitra.sk\/index.php?rest_route=\/wp\/v2\/users\/1"}],"replies":[{"embeddable":true,"href":"http:\/\/szss-nitra.sk\/index.php?rest_route=%2Fwp%2Fv2%2Fcomments&post=12360"}],"version-history":[{"count":6,"href":"http:\/\/szss-nitra.sk\/index.php?rest_route=\/wp\/v2\/pages\/12360\/revisions"}],"predecessor-version":[{"id":12963,"href":"http:\/\/szss-nitra.sk\/index.php?rest_route=\/wp\/v2\/pages\/12360\/revisions\/12963"}],"wp:attachment":[{"href":"http:\/\/szss-nitra.sk\/index.php?rest_route=%2Fwp%2Fv2%2Fmedia&parent=12360"}],"curies":[{"name":"wp","href":"https:\/\/api.w.org\/{rel}","templated":true}]}}