{"id":12341,"date":"2024-05-21T09:28:02","date_gmt":"2024-05-21T07:28:02","guid":{"rendered":"https:\/\/szss-nitra.sk\/?page_id=12341"},"modified":"2024-05-21T10:12:31","modified_gmt":"2024-05-21T08:12:31","slug":"dobra-prax-zariadenie-socialnych-sluzieb-zobor-2","status":"publish","type":"page","link":"http:\/\/szss-nitra.sk\/?page_id=12341","title":{"rendered":"Dobr\u00e1 prax &#8211; Zariadenie soci\u00e1lnych slu\u017eieb Zobor"},"content":{"rendered":"<table style=\"border: none;\">\n<tbody>\n<tr>\n<td style=\"width: 30%; vertical-align: top;\"><a href=\"http:\/\/szss-nitra.sk\/?page_id=12336\">\u010co sa n\u00e1m podarilo &#8211; Kazuistiky<\/a><\/p>\n<p><strong><a href=\"http:\/\/szss-nitra.sk\/?page_id=12341\">V\u00fdbor klientov<\/a><\/strong><\/p>\n<p><a href=\"http:\/\/szss-nitra.sk\/?page_id=12346\">Predn\u00e1\u0161ky extern\u00fdch odborn\u00edkov<\/a><\/p>\n<p><a href=\"http:\/\/szss-nitra.sk\/?page_id=12360\">Dobrovo\u013en\u00edcka \u010dinnos\u0165<\/a><\/p>\n<p><a href=\"http:\/\/szss-nitra.sk\/?page_id=12372\">Prax \u0161tudentov<\/a><\/p>\n<p><a href=\"http:\/\/szss-nitra.sk\/?page_id=12374\">Povedali o n\u00e1s<\/a><\/td>\n<td><span style=\"color: #ffffff;\">.<\/span><\/td>\n<td style=\"vertical-align: top; text-align: justify;\">\n<p style=\"text-align: center;\"><strong>Postavenie V\u00fdboru klientov<\/strong><\/p>\n<ul>\n<li>V\u0161etci prij\u00edmatelia soci\u00e1lnych slu\u017eieb Zariadenia soci\u00e1lnych slu\u017eieb sa podie\u013eaj\u00fa pod\u013ea svojich schopnost\u00ed, mo\u017enost\u00ed a z\u00e1ujmov na organiz\u00e1ci\u00ed a naplnen\u00ed \u017eivota prostredn\u00edctvom svojich zvolen\u00fdch z\u00e1stupcov.<\/li>\n<li>V\u00fdbor klientov je poradn\u00fdm org\u00e1nom riadite\u013ea SZSS, ktor\u00fa po\u010das nepr\u00edtomnosti zastupuje ved\u00faca \u00faseku soci\u00e1lnych slu\u017eieb.<\/li>\n<\/ul>\n<p style=\"text-align: center;\"><strong>Poslanie V\u00fdboru klientov<\/strong><\/p>\n<ul>\n<li>V z\u00e1ujme skvalit\u0148ovania soci\u00e1lnych slu\u017eieb a zlep\u0161ovan\u00ed \u017eivota prij\u00edmate\u013eov soci\u00e1lnej slu\u017eby v Zariaden\u00ed soci\u00e1lnych slu\u017eieb p\u00f4sob\u00ed V\u00fdbor klientov. \u010clenovia uveden\u00e9ho v\u00fdboru komunikuj\u00fa s veden\u00edm v mene ostatn\u00fdch prij\u00edmate\u013eov soci\u00e1lnej slu\u017eby, predkladaj\u00fa n\u00e1vrhy, akt\u00edvne organizuj\u00fa a spolupodie\u013eaj\u00fa sa na aktivit\u00e1ch a d\u00e1vaj\u00fa sp\u00e4tn\u00fa v\u00e4zbu vedeniu.<\/li>\n<li>\u010clenovia V\u00fdboru klientov sa musia usilova\u0165 by\u0165 pr\u00edkladom pre ostatn\u00fdch prij\u00edmate\u013eov soci\u00e1lnej slu\u017eby pri spoluna\u017e\u00edvan\u00ed, vo vystupovan\u00ed, slu\u0161nom a citlivom jednan\u00ed.<\/li>\n<li>Poslan\u00edm V\u00fdboru klientov je, aby soci\u00e1lne spolu\u017eitie prij\u00edmate\u013eov soci\u00e1lnej slu\u017eby boli plne v s\u00falade:<br \/>\n&#8211; so z\u00e1kladn\u00fdmi \u013eudsk\u00fdmi pr\u00e1vami a slobodami,<br \/>\n&#8211; s prirodzenou \u013eudskou d\u00f4stojnos\u0165ou,<br \/>\n&#8211; s princ\u00edpmi nediskrimin\u00e1cie pre rozdielnos\u0165 pohlavia, rasy, farby pleti, jazyka, viery a n\u00e1bo\u017eenstva, \u010di in\u00e9ho zm\u00fd\u0161\u013eania, n\u00e1rodn\u00e9ho a soci\u00e1lneho p\u00f4vodu, z pr\u00edslu\u0161nosti k n\u00e1rodnosti alebo etnickej skupine, majetku, rodu alebo in\u00e9ho postavenia prij\u00edmate\u013ea soci\u00e1lnej slu\u017eby,<br \/>\n&#8211; s \u00dastavou SR a platn\u00fdmi z\u00e1konmi SR.<\/li>\n<\/ul>\n<p>Pri nap\u013a\u0148an\u00ed tohto poslania spolupracuj\u00fa s riadite\u013eom SZSS, ved\u00facimi jednotliv\u00fdch \u00fasekov a soci\u00e1lnymi pracovn\u00edkmi.<\/p>\n<ul>\n<li>V\u00fdbor klientov spolupracuje pri rozv\u00edjan\u00ed kult\u00farno-spolo\u010denskej \u010dinnosti v ZSS, pri akci\u00e1ch a v\u00fdletoch.<\/li>\n<li>Dohliadaj\u00fa pri dodr\u017eiavan\u00ed platn\u00fdch z\u00e1sad ubytovania a upozor\u0148uj\u00fa na pr\u00edpadn\u00e9 nedovolen\u00e9 prechov\u00e1vanie nebezpe\u010dn\u00fdch predmetov, chemik\u00e1li\u00ed, hygienicky \u0161kodliv\u00fdch vec\u00ed a materi\u00e1lov.<\/li>\n<li>V\u00fdbor klientov dohliada na dodr\u017eiavanie bezpe\u010dnostn\u00fdch z\u00e1sad s manipul\u00e1ciou s otvoren\u00fdm oh\u0148om a dodr\u017eiavan\u00edm faj\u010denia na vyhraden\u00fdch miestach mimo budovy ZSS.<\/li>\n<li>Upozor\u0148uje na nedostatky a z\u00e1vady vzniknut\u00e9 prev\u00e1dzkou a po\u0161koden\u00edm ZSS.<\/li>\n<li>Otvorene poukazuje na nedostatky t\u00fdkaj\u00face sa celkovej starostlivosti o prij\u00edmate\u013eov soci\u00e1lnej slu\u017eby.<\/li>\n<\/ul>\n<p style=\"text-align: center;\"><a href=\"http:\/\/szss-nitra.sk\/wp-content\/uploads\/2024\/05\/vybor-klientov-scaled.jpg\"><img loading=\"lazy\" decoding=\"async\" class=\"alignnone size-medium wp-image-12344\" src=\"http:\/\/szss-nitra.sk\/wp-content\/uploads\/2024\/05\/vybor-klientov-300x169.jpg\" alt=\"\" width=\"300\" height=\"169\" srcset=\"http:\/\/szss-nitra.sk\/wp-content\/uploads\/2024\/05\/vybor-klientov-300x169.jpg 300w, http:\/\/szss-nitra.sk\/wp-content\/uploads\/2024\/05\/vybor-klientov-1024x576.jpg 1024w, http:\/\/szss-nitra.sk\/wp-content\/uploads\/2024\/05\/vybor-klientov-768x432.jpg 768w, http:\/\/szss-nitra.sk\/wp-content\/uploads\/2024\/05\/vybor-klientov-1536x864.jpg 1536w, http:\/\/szss-nitra.sk\/wp-content\/uploads\/2024\/05\/vybor-klientov-2048x1152.jpg 2048w\" sizes=\"auto, (max-width: 300px) 100vw, 300px\" \/><\/a><\/p>\n<\/td>\n<\/tr>\n<\/tbody>\n<\/table>\n","protected":false},"excerpt":{"rendered":"<p>\u010co sa n\u00e1m podarilo &#8211; Kazuistiky V\u00fdbor klientov Predn\u00e1\u0161ky extern\u00fdch odborn\u00edkov Dobrovo\u013en\u00edcka \u010dinnos\u0165 Prax \u0161tudentov Povedali o n\u00e1s . Postavenie V\u00fdboru klientov V\u0161etci prij\u00edmatelia soci\u00e1lnych slu\u017eieb Zariadenia soci\u00e1lnych slu\u017eieb sa podie\u013eaj\u00fa pod\u013ea svojich schopnost\u00ed, mo\u017enost\u00ed a z\u00e1ujmov na organiz\u00e1ci\u00ed a naplnen\u00ed \u017eivota prostredn\u00edctvom svojich zvolen\u00fdch z\u00e1stupcov. V\u00fdbor klientov je poradn\u00fdm org\u00e1nom riadite\u013ea SZSS, ktor\u00fa po\u010das [&hellip;]<\/p>\n","protected":false},"author":1,"featured_media":0,"parent":0,"menu_order":0,"comment_status":"closed","ping_status":"closed","template":"","meta":{"footnotes":""},"class_list":["post-12341","page","type-page","status-publish","hentry"],"_links":{"self":[{"href":"http:\/\/szss-nitra.sk\/index.php?rest_route=\/wp\/v2\/pages\/12341","targetHints":{"allow":["GET"]}}],"collection":[{"href":"http:\/\/szss-nitra.sk\/index.php?rest_route=\/wp\/v2\/pages"}],"about":[{"href":"http:\/\/szss-nitra.sk\/index.php?rest_route=\/wp\/v2\/types\/page"}],"author":[{"embeddable":true,"href":"http:\/\/szss-nitra.sk\/index.php?rest_route=\/wp\/v2\/users\/1"}],"replies":[{"embeddable":true,"href":"http:\/\/szss-nitra.sk\/index.php?rest_route=%2Fwp%2Fv2%2Fcomments&post=12341"}],"version-history":[{"count":5,"href":"http:\/\/szss-nitra.sk\/index.php?rest_route=\/wp\/v2\/pages\/12341\/revisions"}],"predecessor-version":[{"id":12391,"href":"http:\/\/szss-nitra.sk\/index.php?rest_route=\/wp\/v2\/pages\/12341\/revisions\/12391"}],"wp:attachment":[{"href":"http:\/\/szss-nitra.sk\/index.php?rest_route=%2Fwp%2Fv2%2Fmedia&parent=12341"}],"curies":[{"name":"wp","href":"https:\/\/api.w.org\/{rel}","templated":true}]}}