{"id":12336,"date":"2024-05-21T09:21:41","date_gmt":"2024-05-21T07:21:41","guid":{"rendered":"https:\/\/szss-nitra.sk\/?page_id=12336"},"modified":"2024-05-21T10:12:18","modified_gmt":"2024-05-21T08:12:18","slug":"dobra-prax-zariadenie-socialnych-sluzieb-zobor","status":"publish","type":"page","link":"http:\/\/szss-nitra.sk\/?page_id=12336","title":{"rendered":"Dobr\u00e1 prax &#8211; Zariadenie soci\u00e1lnych slu\u017eieb Zobor"},"content":{"rendered":"<table style=\"border: none;\">\n<tbody>\n<tr>\n<td style=\"width: 30%; vertical-align: top;\"><strong><a href=\"http:\/\/szss-nitra.sk\/?page_id=12336\">\u010co sa n\u00e1m podarilo &#8211; Kazuistiky<\/a><\/strong><\/p>\n<p><a href=\"http:\/\/szss-nitra.sk\/?page_id=12341\">V\u00fdbor klientov<\/a><\/p>\n<p><a href=\"http:\/\/szss-nitra.sk\/?page_id=12346\">Predn\u00e1\u0161ky extern\u00fdch odborn\u00edkov<\/a><\/p>\n<p><a href=\"http:\/\/szss-nitra.sk\/?page_id=12360\">Dobrovo\u013en\u00edcka \u010dinnos\u0165<\/a><\/p>\n<p><a href=\"http:\/\/szss-nitra.sk\/?page_id=12372\">Prax \u0161tudentov<\/a><\/p>\n<p><a href=\"http:\/\/szss-nitra.sk\/?page_id=12374\">Povedali o n\u00e1s<\/a><\/td>\n<td><span style=\"color: #ffffff;\">.<\/span><\/td>\n<td style=\"vertical-align: top; text-align: justify;\">\n<p style=\"text-align: justify;\"><strong>Modelov\u00e1 kazuistika pr\u00edkladu dobrej praxe z oblasti n\u00e1vratu prij\u00edmate\u013ea soci\u00e1lnej slu\u017eby v pobytovej forme do dom\u00e1ceho prostredia<\/strong><\/p>\n<p style=\"text-align: justify;\">Meno: A.H.<\/p>\n<p style=\"text-align: justify;\">Vek: 81 rokov<\/p>\n<p style=\"text-align: justify;\">Pohlavie: \u017eensk\u00e9<\/p>\n<p style=\"text-align: justify;\"><strong>Predmet: N\u00e1vrat prij\u00edmate\u013ea soci\u00e1lnej slu\u017eby v pobytovej forme do dom\u00e1ceho prostredia<\/strong><\/p>\n<p style=\"text-align: justify;\"><strong>Osobn\u00e1 anamn\u00e9za:<\/strong><br \/>\nPani A.H. je 81- ro\u010dn\u00e1 prij\u00edmate\u013eka soci\u00e1lnej slu\u017eby prelo\u017een\u00e1 z Fakultnej nemocnice Nitra z Infek\u010dnej kliniky. Do nemocnice bola prevezen\u00e1 pre pretrv\u00e1vaj\u00face zdravotn\u00e9 probl\u00e9my, z\u00e1chrann\u00e1 zdravotn\u00e1 slu\u017eba jej bola privolan\u00e1 susedmi. Pred hospitaliz\u00e1ciou \u017eila v Dome s opatrovate\u013eskou slu\u017ebou v gars\u00f3nke, ktor\u00e1 jej bola pridelen\u00e1, starostlivos\u0165 o dom\u00e1cnos\u0165 si zabezpe\u010dovala sama v r\u00e1mci svojich mo\u017enost\u00ed a schopnost\u00ed. Pani A.H. bola n\u00e1hle dlh\u0161ie hospitalizovan\u00e1 a v nemocnici jej bola soci\u00e1lnym pracovn\u00edkom odpor\u00fa\u010dan\u00e1 n\u00e1sledn\u00e1 starostlivos\u0165 v pobytovom zariaden\u00ed soci\u00e1lnych slu\u017eieb, pri\u010dom bola z\u00e1rove\u0148 podan\u00e1 \u017eiados\u0165 o bezodkladn\u00e9 zabezpe\u010denie poskytovania soci\u00e1lnej slu\u017eby, ktor\u00e9 bolo pani A.H. v kr\u00e1tkej dobe zabezpe\u010den\u00e9 a z Fakultnej nemocnice bola priamo prevezen\u00e1 do Zariadenia soci\u00e1lnych slu\u017eieb Zobor.<\/p>\n<p><img loading=\"lazy\" decoding=\"async\" class=\"alignnone\" src=\"http:\/\/szss-nitra.sk\/wp-content\/uploads\/2015\/08\/pdf1.png\" alt=\"\" width=\"40\" height=\"40\" \/> <a href=\"http:\/\/szss-nitra.sk\/wp-content\/uploads\/2024\/05\/Kazuistika-A.-H..pdf\" target=\"_blank\" rel=\"noopener\">Modelov\u00e1 kazuistika A.H. &#8211; kompletn\u00fd pr\u00edklad dobrej praxe<\/a><\/p>\n<hr \/>\n<p><strong>Modelov\u00e1 kazuistika pr\u00edkladu dobrej praxe z oblasti n\u00e1vratu prij\u00edmate\u013ea soci\u00e1lnej slu\u017eby v pobytovej forme do dom\u00e1ceho prostredia<\/strong><\/p>\n<p>Meno: J. G.<\/p>\n<p>Vek: 66 rokov<\/p>\n<p>Pohlavie: mu\u017esk\u00e9<\/p>\n<p style=\"text-align: justify;\">P\u00e1n J. G. mal 66 rokov, ke\u010f pri\u0161iel do zariadenia pre seniorov. Pri\u0161iel z rodinn\u00e9ho domu, kde \u017eil spolu s exman\u017eelkou z druh\u00e9ho man\u017eelstva a s dvoma synmi. S prvou man\u017eelkou mal tie\u017e dve deti.<br \/>\nPo\u010das \u017eivota bol ve\u013emi akt\u00edvny. Pracoval ako zdravotn\u00fd brat v nemocnici. Nesk\u00f4r ako s\u00fakromn\u00fd podnikate\u013e cestoval po svete, kde sa nau\u010dil cudzie jazyky.<br \/>\nJedn\u00e9ho d\u0148a odpadol a bol prevezen\u00fd do nemocnice, kde mu diagnostikovali mozgov\u00fa pr\u00edhodu. Po prepusten\u00ed z nemocnice sa o neho starala exman\u017eelka v dome. Bol imobiln\u00fd a dost\u00e1val medikament\u00f3znu lie\u010dbu. Bol paralyzovan\u00fd. S exman\u017eelkou nemal dobr\u00fd vz\u0165ah, a preto sa nec\u00edtil v bezpe\u010d\u00ed. Po zlep\u0161en\u00ed zdravotn\u00e9ho stavu chcel, \u010do najsk\u00f4r od\u00eds\u0165 z tohto prostredia. Spomienky na toto obdobie boli pre neho traumatizuj\u00face.<br \/>\nDo zariadenia pre seniorov nast\u00fapil 19.02.2021. Pri\u0161iel so svoj\u00edm synom a dc\u00e9rou z prv\u00e9ho man\u017eelstva, ktor\u00ed mu pomohli. Pohyboval sa bez kompenza\u010dnej pom\u00f4cky ale ch\u00f4dza bola neist\u00e1. Bol depres\u00edvny a melancholick\u00fd. Mal spomalen\u00fa re\u010d a probl\u00e9m s vyjadrovan\u00edm sa.<br \/>\nPo skon\u010den\u00ed adapta\u010dn\u00e9ho obdobia v ZpS v r\u00e1mci individu\u00e1lneho pl\u00e1novania si ur\u010dil za cie\u013e \u201eudr\u017ea\u0165 fyzick\u00fa a du\u0161evn\u00fa kond\u00edciu\u201c. Z\u00fa\u010dast\u0148oval sa skupinov\u00fdch cvi\u010den\u00ed, individu\u00e1lne cvi\u010dil na izbe. Bol n\u00e1pomocn\u00fd pri r\u00f4znych pomocn\u00fdch pr\u00e1cach v zariaden\u00ed a v z\u00e1hrade. Svoje napl\u00e1novan\u00e9 ciele plnil \u00faspe\u0161ne a odhodlane. Postupne sa mu zlep\u0161ila komunik\u00e1cia a bol sebaistej\u0161\u00ed. Vznikla my\u0161lienka a \u010fal\u0161\u00ed cie\u013e, ktor\u00fd mal vies\u0165 prij\u00edmate\u013ea soci\u00e1lnej slu\u017eby k osamostaneniu sa. S primeranou podporou, ktor\u00e1 mu bola poskytovan\u00e1, po roku b\u00fdvania v zariaden\u00ed pre seniorov ozn\u00e1mil, \u017ee je pripraven\u00fd od\u00eds\u0165.<br \/>\nNiekdaj\u0161\u00ed prij\u00edmate\u013e soci\u00e1lnej slu\u017eby moment\u00e1lne b\u00fdva s\u00e1m, je zamestnan\u00fd a samostatn\u00fd a h\u013ead\u00e1 si \u201epartnerku pre \u017eivot\u201c.<\/p>\n<\/td>\n<\/tr>\n<\/tbody>\n<\/table>\n","protected":false},"excerpt":{"rendered":"<p>\u010co sa n\u00e1m podarilo &#8211; Kazuistiky V\u00fdbor klientov Predn\u00e1\u0161ky extern\u00fdch odborn\u00edkov Dobrovo\u013en\u00edcka \u010dinnos\u0165 Prax \u0161tudentov Povedali o n\u00e1s . Modelov\u00e1 kazuistika pr\u00edkladu dobrej praxe z oblasti n\u00e1vratu prij\u00edmate\u013ea soci\u00e1lnej slu\u017eby v pobytovej forme do dom\u00e1ceho prostredia Meno: A.H. Vek: 81 rokov Pohlavie: \u017eensk\u00e9 Predmet: N\u00e1vrat prij\u00edmate\u013ea soci\u00e1lnej slu\u017eby v pobytovej forme do dom\u00e1ceho prostredia Osobn\u00e1 [&hellip;]<\/p>\n","protected":false},"author":1,"featured_media":0,"parent":0,"menu_order":0,"comment_status":"closed","ping_status":"closed","template":"","meta":{"footnotes":""},"class_list":["post-12336","page","type-page","status-publish","hentry"],"_links":{"self":[{"href":"http:\/\/szss-nitra.sk\/index.php?rest_route=\/wp\/v2\/pages\/12336","targetHints":{"allow":["GET"]}}],"collection":[{"href":"http:\/\/szss-nitra.sk\/index.php?rest_route=\/wp\/v2\/pages"}],"about":[{"href":"http:\/\/szss-nitra.sk\/index.php?rest_route=\/wp\/v2\/types\/page"}],"author":[{"embeddable":true,"href":"http:\/\/szss-nitra.sk\/index.php?rest_route=\/wp\/v2\/users\/1"}],"replies":[{"embeddable":true,"href":"http:\/\/szss-nitra.sk\/index.php?rest_route=%2Fwp%2Fv2%2Fcomments&post=12336"}],"version-history":[{"count":5,"href":"http:\/\/szss-nitra.sk\/index.php?rest_route=\/wp\/v2\/pages\/12336\/revisions"}],"predecessor-version":[{"id":12390,"href":"http:\/\/szss-nitra.sk\/index.php?rest_route=\/wp\/v2\/pages\/12336\/revisions\/12390"}],"wp:attachment":[{"href":"http:\/\/szss-nitra.sk\/index.php?rest_route=%2Fwp%2Fv2%2Fmedia&parent=12336"}],"curies":[{"name":"wp","href":"https:\/\/api.w.org\/{rel}","templated":true}]}}