{"id":12329,"date":"2024-05-21T08:52:48","date_gmt":"2024-05-21T06:52:48","guid":{"rendered":"https:\/\/szss-nitra.sk\/?page_id=12329"},"modified":"2025-08-31T15:50:19","modified_gmt":"2025-08-31T13:50:19","slug":"zariadenie-pre-seniorov-3","status":"publish","type":"page","link":"http:\/\/szss-nitra.sk\/?page_id=12329","title":{"rendered":"Zariadenie pre seniorov"},"content":{"rendered":"<table style=\"border: none;\">\n<tbody>\n<tr>\n<td style=\"width: 30%; vertical-align: top;\">\n<p><a href=\"http:\/\/szss-nitra.sk\/?page_id=12320\">Poslanie, hodnoty a v\u00edzia<\/a><\/p>\n<p><a href=\"http:\/\/szss-nitra.sk\/?page_id=3989\">Kontakt<\/a><\/p>\n<p><a href=\"http:\/\/szss-nitra.sk\/?page_id=3987\">Ako vybavi\u0165<\/a><\/p>\n<p><a href=\"http:\/\/szss-nitra.sk\/?page_id=3997\">Poskytovan\u00e9 slu\u017eby<\/a><\/p>\n<p><strong><a href=\"http:\/\/szss-nitra.sk\/?page_id=12329\">Komu nemo\u017eno poskytova\u0165<\/a><\/strong><\/p>\n<p><a href=\"http:\/\/szss-nitra.sk\/?page_id=4021\">Legislat\u00edva<\/a><\/p>\n<p><a href=\"http:\/\/szss-nitra.sk\/?page_id=3986\">Cenn\u00edk<\/a><\/p>\n<p><a href=\"http:\/\/szss-nitra.sk\/?page_id=3988\">Evidencia \u017eiadate\u013eov<\/a><\/p>\n<p><a href=\"http:\/\/szss-nitra.sk\/?page_id=3985\">Fotogal\u00e9ria<\/a><\/p>\n<p><a href=\"http:\/\/szss-nitra.sk\/?page_id=12331\">Z\u00e1ujmov\u00e1 \u010dinnos\u0165<\/a><\/p>\n<p><a href=\"http:\/\/szss-nitra.sk\/?page_id=6511\">Jed\u00e1lny l\u00edstok<\/a><\/p>\n<p><img loading=\"lazy\" decoding=\"async\" class=\"alignnone wp-image-10981 size-full\" src=\"http:\/\/szss-nitra.sk\/wp-content\/uploads\/2023\/11\/menu_ico_ZOBOR.png\" alt=\"\" width=\"150\" height=\"150\" srcset=\"http:\/\/szss-nitra.sk\/wp-content\/uploads\/2023\/11\/menu_ico_ZOBOR.png 150w, http:\/\/szss-nitra.sk\/wp-content\/uploads\/2023\/11\/menu_ico_ZOBOR-100x100.png 100w\" sizes=\"auto, (max-width: 150px) 100vw, 150px\" \/><\/td>\n<td><span style=\"color: #ffffff;\">.<\/span><\/td>\n<td style=\"vertical-align: top; text-align: center;\">\n<p style=\"text-align: justify;\">Soci\u00e1lnu slu\u017ebu v ZpS nemo\u017eno poskytova\u0165 osobe:<\/p>\n<p style=\"text-align: justify;\">a) trpiacej psychickou poruchou, vplyvom ktorej by mohla ohrozova\u0165 seba a okolie,<\/p>\n<p style=\"text-align: justify;\">b) trpiacej infek\u010dnou a prenosnou chorobou,<\/p>\n<p style=\"text-align: justify;\">c) ktor\u00e1 by pre in\u00e9 z\u00e1va\u017en\u00e9 poruchy svojej osobnosti nar\u00fa\u0161ala spoluna\u017e\u00edvanie (asoci\u00e1lne spr\u00e1vanie, alkoholizmus, toxikom\u00e1nia),<\/p>\n<p style=\"text-align: justify;\">d) ktorej zdravotn\u00fd stav si vy\u017eaduje \u00fastavn\u00fa zdravotn\u00fa starostlivos\u0165 v zdravotn\u00edckom zariaden\u00ed,<\/p>\n<p style=\"text-align: justify;\">e) ktorej s\u00fad ulo\u017eil ochrann\u00e9 lie\u010denie v zariaden\u00ed \u00fastavnej zdravotnej starostlivosti.<\/p>\n<p style=\"text-align: justify;\">\n<\/td>\n<\/tr>\n<\/tbody>\n<\/table>\n","protected":false},"excerpt":{"rendered":"<p>Poslanie, hodnoty a v\u00edzia Kontakt Ako vybavi\u0165 Poskytovan\u00e9 slu\u017eby Komu nemo\u017eno poskytova\u0165 Legislat\u00edva Cenn\u00edk Evidencia \u017eiadate\u013eov Fotogal\u00e9ria Z\u00e1ujmov\u00e1 \u010dinnos\u0165 Jed\u00e1lny l\u00edstok . Soci\u00e1lnu slu\u017ebu v ZpS nemo\u017eno poskytova\u0165 osobe: a) trpiacej psychickou poruchou, vplyvom ktorej by mohla ohrozova\u0165 seba a okolie, b) trpiacej infek\u010dnou a prenosnou chorobou, c) ktor\u00e1 by pre in\u00e9 z\u00e1va\u017en\u00e9 poruchy svojej [&hellip;]<\/p>\n","protected":false},"author":1,"featured_media":0,"parent":0,"menu_order":0,"comment_status":"closed","ping_status":"closed","template":"","meta":{"footnotes":""},"class_list":["post-12329","page","type-page","status-publish","hentry"],"_links":{"self":[{"href":"http:\/\/szss-nitra.sk\/index.php?rest_route=\/wp\/v2\/pages\/12329","targetHints":{"allow":["GET"]}}],"collection":[{"href":"http:\/\/szss-nitra.sk\/index.php?rest_route=\/wp\/v2\/pages"}],"about":[{"href":"http:\/\/szss-nitra.sk\/index.php?rest_route=\/wp\/v2\/types\/page"}],"author":[{"embeddable":true,"href":"http:\/\/szss-nitra.sk\/index.php?rest_route=\/wp\/v2\/users\/1"}],"replies":[{"embeddable":true,"href":"http:\/\/szss-nitra.sk\/index.php?rest_route=%2Fwp%2Fv2%2Fcomments&post=12329"}],"version-history":[{"count":3,"href":"http:\/\/szss-nitra.sk\/index.php?rest_route=\/wp\/v2\/pages\/12329\/revisions"}],"predecessor-version":[{"id":15000,"href":"http:\/\/szss-nitra.sk\/index.php?rest_route=\/wp\/v2\/pages\/12329\/revisions\/15000"}],"wp:attachment":[{"href":"http:\/\/szss-nitra.sk\/index.php?rest_route=%2Fwp%2Fv2%2Fmedia&parent=12329"}],"curies":[{"name":"wp","href":"https:\/\/api.w.org\/{rel}","templated":true}]}}