{"id":12119,"date":"2024-03-27T15:59:18","date_gmt":"2024-03-27T13:59:18","guid":{"rendered":"https:\/\/szss-nitra.sk\/?page_id=12119"},"modified":"2026-02-27T16:27:24","modified_gmt":"2026-02-27T14:27:24","slug":"dobra-prax-denny-stacionar-4","status":"publish","type":"page","link":"http:\/\/szss-nitra.sk\/?page_id=12119","title":{"rendered":"Dobr\u00e1 prax &#8211; denn\u00fd stacion\u00e1r"},"content":{"rendered":"<table style=\"border: none;\">\n<tbody>\n<tr>\n<td style=\"width: 30%; vertical-align: top;\"><a href=\"http:\/\/szss-nitra.sk\/?page_id=10888\">Rozvoj odborn\u00fdch \u010dinnost\u00ed<\/a><\/p>\n<p><a href=\"http:\/\/szss-nitra.sk\/?page_id=11948\">Flexibiln\u00fd pr\u00edstup v soci\u00e1lnych slu\u017eb\u00e1ch<\/a><\/p>\n<p><a href=\"http:\/\/szss-nitra.sk\/?page_id=11200\">Prep\u00e1janie soci\u00e1lnych slu\u017eieb<\/a><\/p>\n<p><a href=\"http:\/\/szss-nitra.sk\/?page_id=15065\">Rozv\u00edjanie partnerstiev<\/a><\/p>\n<p><a href=\"http:\/\/szss-nitra.sk\/?page_id=16000\">Prax \u0161tudentov<\/a><\/p>\n<p><a href=\"http:\/\/szss-nitra.sk\/?page_id=12119\"><strong>Dobrovo\u013en\u00edcka \u010dinnos\u0165<\/strong><\/a><\/p>\n<p><a href=\"http:\/\/szss-nitra.sk\/?page_id=10891\">Povedali o n\u00e1s<\/a><br \/>\n<img loading=\"lazy\" decoding=\"async\" class=\"alignnone size-full wp-image-13260\" src=\"http:\/\/szss-nitra.sk\/wp-content\/uploads\/2024\/11\/dobra_prax_mini.png\" alt=\"\" width=\"150\" height=\"220\" \/><\/td>\n<td><span style=\"color: #ffffff;\">.<\/span><\/td>\n<td style=\"vertical-align: top; text-align: justify;\"><strong>Spolupr\u00e1ca s dobrovo\u013en\u00edkom<\/strong><\/p>\n<p>\u010eal\u0161ou zo spolupr\u00e1c, na ktor\u00fa sme v dennom stacion\u00e1ri pre osoby s \u0165a\u017ek\u00fdm zdravotn\u00fdm postihnut\u00edm ve\u013emi hrd\u00ed, je dlhoro\u010dn\u00e1 spolupr\u00e1ca s dobrovo\u013en\u00edkom. P\u00e1n dobrovo\u013en\u00edk je s\u00fa\u010das\u0165ou n\u00e1\u0161ho denn\u00e9ho stacion\u00e1ra dlh\u00e9 roky a prij\u00edmatelia soci\u00e1lnej slu\u017eby si u\u017e sn\u00e1\u010f ani nevedia predstavi\u0165 denn\u00fd stacion\u00e1r bez neho.<\/p>\n<p style=\"text-align: center;\"><a href=\"http:\/\/szss-nitra.sk\/wp-content\/uploads\/2024\/03\/received_395114539786240.jpeg\"><img loading=\"lazy\" decoding=\"async\" class=\"alignnone size-thumbnail wp-image-12125\" src=\"http:\/\/szss-nitra.sk\/wp-content\/uploads\/2024\/03\/received_395114539786240-100x100.jpeg\" alt=\"\" width=\"100\" height=\"100\" \/><\/a> <a href=\"http:\/\/szss-nitra.sk\/wp-content\/uploads\/2024\/03\/received_1875751556162718.jpeg\"><img loading=\"lazy\" decoding=\"async\" class=\"alignnone size-thumbnail wp-image-12122\" src=\"http:\/\/szss-nitra.sk\/wp-content\/uploads\/2024\/03\/received_1875751556162718-100x100.jpeg\" alt=\"\" width=\"100\" height=\"100\" \/><\/a> <a href=\"http:\/\/szss-nitra.sk\/wp-content\/uploads\/2024\/03\/received_1043076950238354.jpeg\"><img loading=\"lazy\" decoding=\"async\" class=\"alignnone size-thumbnail wp-image-12121\" src=\"http:\/\/szss-nitra.sk\/wp-content\/uploads\/2024\/03\/received_1043076950238354-100x100.jpeg\" alt=\"\" width=\"100\" height=\"100\" \/><\/a> <a href=\"http:\/\/szss-nitra.sk\/wp-content\/uploads\/2024\/03\/received_636202037234324.jpeg\"><img loading=\"lazy\" decoding=\"async\" class=\"alignnone size-thumbnail wp-image-12120\" src=\"http:\/\/szss-nitra.sk\/wp-content\/uploads\/2024\/03\/received_636202037234324-100x100.jpeg\" alt=\"\" width=\"100\" height=\"100\" \/><\/a><\/p>\n<p>Soci\u00e1lna pr\u00e1ca a dobrovo\u013en\u00edctvo s\u00fa priamo i nepriamo sp\u00e4t\u00e9 historicky, kult\u00farne, ale i civiliza\u010dne. Dobrovo\u013en\u00edkom je fyzick\u00e1 osoba, ktor\u00e1 na z\u00e1klade svojho slobodn\u00e9ho rozhodnutia bez n\u00e1roku na odmenu vykon\u00e1va pre in\u00fa osobu s jej s\u00fahlasom a v jej prospech alebo vo verejn\u00fd prospech dobrovo\u013en\u00edcku \u010dinnos\u0165 zalo\u017een\u00fa na svojej schopnosti, zru\u010dnosti alebo vedomosti. Dobrovo\u013en\u00edctvo sa vo v\u0161eobecnosti pova\u017euje za neplaten\u00fa, uvedomel\u00fa \u010dinnos\u0165, ktor\u00e1 je vykon\u00e1van\u00e1 z vlastnej v\u00f4le v prospech druh\u00fdch \u013eud\u00ed. Urobi\u0165 nie\u010do pre in\u00e9ho, \u010do nevypl\u00fdva z povinnost\u00ed \u010di z\u00e1kona, bolo a v\u017edy bude aktom dobrovo\u013en\u00fdm, ktor\u00fdm prejavuje slobodn\u00fa v\u00f4\u013eu slobodn\u00fd \u010dlovek. Vo v\u0161eobecnosti dobrovo\u013en\u00edkom je \u010dlovek (latinsky voluntarius = ochotn\u00fd, naklonen\u00fd), ktor\u00fd d\u00e1va zo svojho osobn\u00e9ho \u010dasu, energie, vedomost\u00ed a schopnost\u00ed v prospech \u010dinnosti, za ktor\u00fa nedostane finan\u010dn\u00fa odmenu, no z\u00edskava osobnostn\u00fd a profesion\u00e1lny rast, dobr\u00fd pocit, niekedy nov\u00e9 priate\u013estv\u00e1 a \u017eivotn\u00e9 sk\u00fasenosti.<\/p>\n<p style=\"text-align: center;\"><a href=\"http:\/\/szss-nitra.sk\/wp-content\/uploads\/2024\/03\/received_229359936853549.jpeg\"><img loading=\"lazy\" decoding=\"async\" class=\"alignnone size-thumbnail wp-image-12124\" src=\"http:\/\/szss-nitra.sk\/wp-content\/uploads\/2024\/03\/received_229359936853549-100x100.jpeg\" alt=\"\" width=\"100\" height=\"100\" \/><\/a> <a href=\"http:\/\/szss-nitra.sk\/wp-content\/uploads\/2024\/03\/FB_IMG_1710505454955.jpg\"><img loading=\"lazy\" decoding=\"async\" class=\"alignnone size-thumbnail wp-image-12123\" src=\"http:\/\/szss-nitra.sk\/wp-content\/uploads\/2024\/03\/FB_IMG_1710505454955-100x100.jpg\" alt=\"\" width=\"100\" height=\"100\" \/><\/a><\/p>\n<p>V dennom stacion\u00e1ri pre osoby s \u0165a\u017ek\u00fdm zdravotn\u00fdm postihnut\u00edm spolupracujeme s p\u00e1nom dobrovo\u013en\u00edkom, ktor\u00fd vykon\u00e1va pr\u00e1cu pre realiz\u00e1ciu z\u00e1ujmov\u00fdch \u010dinnost\u00ed pre prij\u00edmate\u013eov soci\u00e1lnej slu\u017eby v dennom stacion\u00e1ri, ako napr\u00edklad spev, hranie na r\u00f4znych hudobn\u00fdch n\u00e1strojoch, ale taktie\u017e pr\u00e1ca s navliekac\u00edm materi\u00e1lom, r\u00f4zne logick\u00e9 a komunika\u010dn\u00e9 hry a v neposlednom rade r\u00f4zne spolo\u010densk\u00e9 hry. Prij\u00edmatelia soci\u00e1lnej slu\u017eby v dennom stacion\u00e1ri si v r\u00e1mci tejto spolupr\u00e1ce vytvorili s dobrovo\u013en\u00edkom kr\u00e1sne priate\u013estv\u00e1 a v\u017edy sa ve\u013emi pote\u0161ia, ke\u010f n\u00e1s dobrovo\u013en\u00edk nav\u0161t\u00edvi. Medzi najob\u013e\u00fabenej\u0161ie aktivity a \u010dinnosti v r\u00e1mci tejto spolupr\u00e1ce patr\u00ed spomenut\u00e9 hudobn\u00e9 nadanie a s t\u00fdm s\u00favisiaci spev a hranie na gitare, flaute a r\u00f4znych \u010fal\u0161\u00edch hudobn\u00fdch n\u00e1strojoch. Dobrovo\u013en\u00edk \u010dasto nacvi\u010duje r\u00f4zne piesne s prij\u00edmate\u013emi soci\u00e1lnej slu\u017eby, kedy prij\u00edmatelia soci\u00e1lnej slu\u017eby spievaj\u00fa a dobrovo\u013en\u00edk ich sprev\u00e1dza na gitare, pr\u00edp. u\u010d\u00ed prij\u00edmate\u013eov soci\u00e1lnej slu\u017eby hra\u0165 na r\u00f4zne hudobn\u00e9 n\u00e1stroje (gitara, kl\u00e1vesy, flauta, kalimba a pod.). N\u00e1sledne sa \u010dasto s t\u00fdmito nacvi\u010den\u00fdmi pies\u0148ami predstavia na r\u00f4znych vyst\u00fapeniach, napr. na spolo\u010densk\u00fdch podujatiach organizovan\u00fdch denn\u00fdm stacion\u00e1rom v r\u00e1mci kult\u00farneho programu, ale taktie\u017e v r\u00e1mci ka\u017edoro\u010dne pripravovan\u00e9ho programu pre rodi\u010dov prij\u00edmate\u013eov soci\u00e1lnej slu\u017eby v r\u00e1mci jarnej v\u00fdstavy a vyst\u00fapenia v krajskej kni\u017enici. Okrem hudby a spevu je \u010fal\u0161ou ob\u013e\u00fabenou spolo\u010dnou aktivitou aj pr\u00e1ca s navliekac\u00edm materi\u00e1lom a v\u00fdroba r\u00f4znej bi\u017eut\u00e9rie z kor\u00e1lok. Dobrovo\u013en\u00edk trpezlivo vysvet\u013euje a pom\u00e1ha a\u017e pokia\u013e nie je vidie\u0165 hotov\u00fd v\u00fdrobok. T\u00fdmito v\u00fdrobkami sa n\u00e1sledne prij\u00edmatelia soci\u00e1lnej slu\u017eby m\u00f4\u017eu odprezentova\u0165 v r\u00e1mci r\u00f4znych v\u00fdstav ich \u0161ikovnosti a tvorivosti. \u010eal\u0161ou v\u00fdznamnou oblas\u0165ou spolupr\u00e1ce s na\u0161im dobrovo\u013en\u00edkom je taktie\u017e pestovanie a starostlivos\u0165 o r\u00f4zne bylinky, pr\u00edp. zeleninu, \u010di okrasn\u00e9 kvety. N\u00e1\u0161 dobrovo\u013en\u00edk sa pestovaniu vlastnej zeleniny venuje dlh\u00e9 roky a \u010dasto je n\u00e1m svojimi radami n\u00e1pomocn\u00fd. Dobrovo\u013en\u00edk m\u00e1 svoje pol\u00ed\u010dko aj v komunitnej z\u00e1hrade, ktor\u00fa sme s prij\u00edmate\u013emi soci\u00e1lnej slu\u017eby u\u017e v minulosti nav\u0161t\u00edvili a ver\u00edme, \u017ee do bud\u00facnosti sa n\u00e1m podar\u00ed nadviaza\u0165 spolupr\u00e1cu op\u00e4\u0165 aj t\u00fdmto smerom. V neposlednom rade k ob\u013e\u00faben\u00fdm spolo\u010dn\u00fdm aktivit\u00e1m s dobrovo\u013en\u00edkom patria aj r\u00f4zne hry \u2013 \u010di u\u017e logick\u00e9, komunika\u010dn\u00e9 alebo spolo\u010densk\u00e9. Dobrovo\u013en\u00edk pozn\u00e1 na\u0161ich prij\u00edmate\u013eov soci\u00e1lnej slu\u017eby a v\u017edy vie vhodne prisp\u00f4sobi\u0165 aktivity konkr\u00e9tnym potreb\u00e1m a prianiam na\u0161ich prij\u00edmate\u013eov soci\u00e1lnej slu\u017eby. Za toto kr\u00e1sne puto, ktor\u00e9 sme si za tie roky s na\u0161im dobrovo\u013en\u00edkom vytvorili, sme ve\u013emi v\u010fa\u010dn\u00ed a ver\u00edme, \u017ee spolu e\u0161te za\u017eijeme mnoho pekn\u00fdch rokov &#x2764;<\/p>\n<p><em>Mgr. Zuzana T\u00f3thov\u00e1, soci\u00e1lna pracovn\u00ed\u010dka<\/em><\/td>\n<\/tr>\n<\/tbody>\n<\/table>\n","protected":false},"excerpt":{"rendered":"<p>Rozvoj odborn\u00fdch \u010dinnost\u00ed Flexibiln\u00fd pr\u00edstup v soci\u00e1lnych slu\u017eb\u00e1ch Prep\u00e1janie soci\u00e1lnych slu\u017eieb Rozv\u00edjanie partnerstiev Prax \u0161tudentov Dobrovo\u013en\u00edcka \u010dinnos\u0165 Povedali o n\u00e1s . Spolupr\u00e1ca s dobrovo\u013en\u00edkom \u010eal\u0161ou zo spolupr\u00e1c, na ktor\u00fa sme v dennom stacion\u00e1ri pre osoby s \u0165a\u017ek\u00fdm zdravotn\u00fdm postihnut\u00edm ve\u013emi hrd\u00ed, je dlhoro\u010dn\u00e1 spolupr\u00e1ca s dobrovo\u013en\u00edkom. P\u00e1n dobrovo\u013en\u00edk je s\u00fa\u010das\u0165ou n\u00e1\u0161ho denn\u00e9ho stacion\u00e1ra dlh\u00e9 roky [&hellip;]<\/p>\n","protected":false},"author":1,"featured_media":0,"parent":10477,"menu_order":0,"comment_status":"closed","ping_status":"closed","template":"","meta":{"footnotes":""},"class_list":["post-12119","page","type-page","status-publish","hentry"],"_links":{"self":[{"href":"http:\/\/szss-nitra.sk\/index.php?rest_route=\/wp\/v2\/pages\/12119","targetHints":{"allow":["GET"]}}],"collection":[{"href":"http:\/\/szss-nitra.sk\/index.php?rest_route=\/wp\/v2\/pages"}],"about":[{"href":"http:\/\/szss-nitra.sk\/index.php?rest_route=\/wp\/v2\/types\/page"}],"author":[{"embeddable":true,"href":"http:\/\/szss-nitra.sk\/index.php?rest_route=\/wp\/v2\/users\/1"}],"replies":[{"embeddable":true,"href":"http:\/\/szss-nitra.sk\/index.php?rest_route=%2Fwp%2Fv2%2Fcomments&post=12119"}],"version-history":[{"count":5,"href":"http:\/\/szss-nitra.sk\/index.php?rest_route=\/wp\/v2\/pages\/12119\/revisions"}],"predecessor-version":[{"id":16006,"href":"http:\/\/szss-nitra.sk\/index.php?rest_route=\/wp\/v2\/pages\/12119\/revisions\/16006"}],"up":[{"embeddable":true,"href":"http:\/\/szss-nitra.sk\/index.php?rest_route=\/wp\/v2\/pages\/10477"}],"wp:attachment":[{"href":"http:\/\/szss-nitra.sk\/index.php?rest_route=%2Fwp%2Fv2%2Fmedia&parent=12119"}],"curies":[{"name":"wp","href":"https:\/\/api.w.org\/{rel}","templated":true}]}}