{"id":11954,"date":"2024-03-01T14:51:21","date_gmt":"2024-03-01T12:51:21","guid":{"rendered":"https:\/\/szss-nitra.sk\/?page_id=11954"},"modified":"2025-08-28T08:53:32","modified_gmt":"2025-08-28T06:53:32","slug":"dobra-prax-denne-centrum-2","status":"publish","type":"page","link":"http:\/\/szss-nitra.sk\/?page_id=11954","title":{"rendered":"Dobr\u00e1 prax &#8211; denn\u00e9 centrum"},"content":{"rendered":"<table style=\"border: none;\">\n<tbody>\n<tr>\n<td style=\"width: 30%; vertical-align: top;\"><a href=\"http:\/\/szss-nitra.sk\/?page_id=11211\">Prep\u00e1janie soci\u00e1lnych slu\u017eieb<\/a><\/p>\n<p><a href=\"http:\/\/szss-nitra.sk\/?page_id=14943\">Sp\u00e4tn\u00e1 v\u00e4zba<\/a><\/p>\n<p><a href=\"http:\/\/szss-nitra.sk\/?page_id=11954\"><strong>Dobrovo\u013en\u00edcka \u010dinnos\u0165<\/strong><\/a><\/td>\n<td><span style=\"color: #ffffff;\">.<\/span><\/td>\n<td style=\"vertical-align: top; text-align: justify;\"><strong>Dobrovo\u013en\u00edcka \u010dinnos\u0165 v denn\u00fdch centr\u00e1ch<\/strong><\/p>\n<p>Dobrovo\u013en\u00edcka pr\u00e1ca nie je len o poskytovan\u00ed slu\u017eieb, ale aj o budovan\u00ed komunity a vz\u00e1jomnej podpore. Na\u0161i dobrovo\u013en\u00edci s\u00fa pr\u00edkladom tejto solidarity a ich pr\u00edtomnos\u0165 vytv\u00e1ra prostredie, kde sa ka\u017ed\u00fd c\u00edti zapojen\u00fd a akceptovan\u00fd.<\/p>\n<p>Ako povedal Antoine de Saint-Exup\u00e9ry <em>&#8222;Dobre vid\u00edme iba srdcom, to hlavn\u00e9 je o\u010diam nevidite\u013en\u00e9&#8220;<\/em>, a pr\u00e1ve toto je duchom n\u00e1\u0161ho dobrovo\u013en\u00edckeho \u00fasilia.<\/p>\n<p>V r\u00e1mci Denn\u00e9ho centra Bani\u010dova m\u00e1me t\u00fa \u010des\u0165 spolupracova\u0165 s v\u00fdnimo\u010dnou skupinou dobrovo\u013en\u00edkov. T\u00edto dobrovo\u013en\u00edci, ako s\u00fa pani Magda Griezbachov\u00e1, pani Anna Kuku\u010dkov\u00e1 a pani Ing. Anna Petk\u00e9\u0161ov\u00e1, neprin\u00e1\u0161aj\u00fa len svoje odborn\u00e9 znalosti, ale aj podporu na\u0161im prij\u00edmate\u013eom soci\u00e1lnej slu\u017eby pri udr\u017eiavan\u00ed zdrav\u00e9ho \u017eivotn\u00e9ho \u0161t\u00fdlu. Poskytujeme kurzy v oblasti po\u010d\u00edta\u010dov\u00fdch technol\u00f3gi\u00ed s odborn\u00fdm veden\u00edm p\u00e1na Ing. Du\u0161ana Mo\u0161a\u0165a. A taktie\u017e spolupracujeme s Nitrianskou Helig\u00f3nkou, ktor\u00e1 n\u00e1m pravidelne zabezpe\u010duje hudobn\u00e9 vyst\u00fapenia. V Dennom centre Olympia prebieha tane\u010dn\u00fd kurz bachaty pod veden\u00edm pani Dominiky Furmanekovej.<\/p>\n<p>Sna\u017e\u00edme sa neust\u00e1le posil\u0148ova\u0165 na\u0161e vz\u0165ahy s dobrovo\u013en\u00edkmi a vytv\u00e1ra\u0165 prostredie, kde ich schopnosti a n\u00e1pady m\u00f4\u017eu naplno vynikn\u00fa\u0165. Aj v\u010faka na\u0161im dobrovo\u013en\u00edkom sme schopn\u00ed napredova\u0165 a prispieva\u0165 k lep\u0161iemu \u017eivotu na\u0161ich prij\u00edmate\u013eov soci\u00e1lnej slu\u017eby. Sme hrd\u00ed, \u017ee dobrovo\u013en\u00edci s\u00fa s\u00fa\u010das\u0165ou n\u00e1\u0161ho \u00fasilia poskytova\u0165 kvalitn\u00fa soci\u00e1lnu slu\u017ebu v dennom centre.<\/p>\n<p style=\"text-align: justify;\"><em>Bc. Lucia Pavl\u00edkov\u00e1, asistent soci\u00e1lnej pr\u00e1ce<\/em><\/p>\n<\/td>\n<\/tr>\n<\/tbody>\n<\/table>\n","protected":false},"excerpt":{"rendered":"<p>Prep\u00e1janie soci\u00e1lnych slu\u017eieb Sp\u00e4tn\u00e1 v\u00e4zba Dobrovo\u013en\u00edcka \u010dinnos\u0165 . Dobrovo\u013en\u00edcka \u010dinnos\u0165 v denn\u00fdch centr\u00e1ch Dobrovo\u013en\u00edcka pr\u00e1ca nie je len o poskytovan\u00ed slu\u017eieb, ale aj o budovan\u00ed komunity a vz\u00e1jomnej podpore. Na\u0161i dobrovo\u013en\u00edci s\u00fa pr\u00edkladom tejto solidarity a ich pr\u00edtomnos\u0165 vytv\u00e1ra prostredie, kde sa ka\u017ed\u00fd c\u00edti zapojen\u00fd a akceptovan\u00fd. Ako povedal Antoine de Saint-Exup\u00e9ry &#8222;Dobre vid\u00edme iba [&hellip;]<\/p>\n","protected":false},"author":1,"featured_media":0,"parent":10477,"menu_order":0,"comment_status":"closed","ping_status":"closed","template":"","meta":{"footnotes":""},"class_list":["post-11954","page","type-page","status-publish","hentry"],"_links":{"self":[{"href":"http:\/\/szss-nitra.sk\/index.php?rest_route=\/wp\/v2\/pages\/11954","targetHints":{"allow":["GET"]}}],"collection":[{"href":"http:\/\/szss-nitra.sk\/index.php?rest_route=\/wp\/v2\/pages"}],"about":[{"href":"http:\/\/szss-nitra.sk\/index.php?rest_route=\/wp\/v2\/types\/page"}],"author":[{"embeddable":true,"href":"http:\/\/szss-nitra.sk\/index.php?rest_route=\/wp\/v2\/users\/1"}],"replies":[{"embeddable":true,"href":"http:\/\/szss-nitra.sk\/index.php?rest_route=%2Fwp%2Fv2%2Fcomments&post=11954"}],"version-history":[{"count":3,"href":"http:\/\/szss-nitra.sk\/index.php?rest_route=\/wp\/v2\/pages\/11954\/revisions"}],"predecessor-version":[{"id":14946,"href":"http:\/\/szss-nitra.sk\/index.php?rest_route=\/wp\/v2\/pages\/11954\/revisions\/14946"}],"up":[{"embeddable":true,"href":"http:\/\/szss-nitra.sk\/index.php?rest_route=\/wp\/v2\/pages\/10477"}],"wp:attachment":[{"href":"http:\/\/szss-nitra.sk\/index.php?rest_route=%2Fwp%2Fv2%2Fmedia&parent=11954"}],"curies":[{"name":"wp","href":"https:\/\/api.w.org\/{rel}","templated":true}]}}