{"id":11948,"date":"2024-03-01T14:23:22","date_gmt":"2024-03-01T12:23:22","guid":{"rendered":"https:\/\/szss-nitra.sk\/?page_id=11948"},"modified":"2026-02-27T16:26:38","modified_gmt":"2026-02-27T14:26:38","slug":"dobra-prax-denny-stacionar-3","status":"publish","type":"page","link":"http:\/\/szss-nitra.sk\/?page_id=11948","title":{"rendered":"Dobr\u00e1 prax &#8211; denn\u00fd stacion\u00e1r"},"content":{"rendered":"<table style=\"border: none;\">\n<tbody>\n<tr>\n<td style=\"width: 30%; vertical-align: top;\"><a href=\"http:\/\/szss-nitra.sk\/?page_id=10888\">Rozvoj odborn\u00fdch \u010dinnost\u00ed<\/a><\/p>\n<p><a href=\"http:\/\/szss-nitra.sk\/?page_id=11948\"><strong>Flexibiln\u00fd pr\u00edstup v soci\u00e1lnych slu\u017eb\u00e1ch<\/strong><\/a><\/p>\n<p><a href=\"http:\/\/szss-nitra.sk\/?page_id=11200\">Prep\u00e1janie soci\u00e1lnych slu\u017eieb<\/a><\/p>\n<p><a href=\"http:\/\/szss-nitra.sk\/?page_id=15065\">Rozv\u00edjanie partnerstiev<\/a><\/p>\n<p><a href=\"http:\/\/szss-nitra.sk\/?page_id=16000\">Prax \u0161tudentov<\/a><\/p>\n<p><a href=\"http:\/\/szss-nitra.sk\/?page_id=12119\">Dobrovo\u013en\u00edcka \u010dinnos\u0165<\/a><\/p>\n<p><a href=\"http:\/\/szss-nitra.sk\/?page_id=10891\">Povedali o n\u00e1s<\/a><br \/>\n<img loading=\"lazy\" decoding=\"async\" class=\"alignnone size-full wp-image-13260\" src=\"http:\/\/szss-nitra.sk\/wp-content\/uploads\/2024\/11\/dobra_prax_mini.png\" alt=\"\" width=\"150\" height=\"220\" \/><\/td>\n<td><span style=\"color: #ffffff;\">.<\/span><\/td>\n<td style=\"vertical-align: top; text-align: justify;\"><strong>Flexibiln\u00fd pr\u00edstup v soci\u00e1lnych slu\u017eb\u00e1ch<\/strong><br \/>\nPani A.Z. sa po \u00famrt\u00ed man\u017eela c\u00edtila doma osamel\u00e1, a preto sa rozhodla vyh\u013eada\u0165 soci\u00e1lnu slu\u017ebu, kde by sa mohla stret\u00e1va\u0165 v komunite \u013eud\u00ed a z\u00e1rove\u0148 zosta\u0165 v dom\u00e1com prostred\u00ed. Prij\u00edmate\u013eka soci\u00e1lnej slu\u017eby A.Z. za\u010dala vyu\u017e\u00edva\u0165 ambulantn\u00fa soci\u00e1lnu slu\u017ebu v dennom stacion\u00e1ri na Bani\u010dovej 12 v Nitre. Jej najv\u00e4\u010d\u0161ou t\u00fa\u017ebou bola motiv\u00e1cia zosta\u0165 v dom\u00e1com prostred\u00ed a z\u00e1rove\u0148 neby\u0165 \u00faplne sama, preto videla ako najlep\u0161ie rie\u0161enie pobyt v dennom stacion\u00e1ri po\u010das d\u0148a. Denn\u00fd stacion\u00e1r sa stal pre pani A.Z. \u00fato\u010diskom, kde na\u0161la svoj pokoj, pohodu a najm\u00e4 slobodu, ktor\u00e1 je pre pani A.Z. ve\u013emi d\u00f4le\u017eit\u00e1.<\/p>\n<p><img loading=\"lazy\" decoding=\"async\" class=\"alignnone size-full wp-image-816\" src=\"http:\/\/szss-nitra.sk\/wp-content\/uploads\/2015\/08\/pdf1-e1633068834887.png\" alt=\"\" width=\"37\" height=\"37\" \/> <a href=\"http:\/\/szss-nitra.sk\/wp-content\/uploads\/2025\/08\/Priklad-dobrej-praxe-DS_1.pdf\" target=\"_blank\" rel=\"noopener\">Pre\u010d\u00edtajte si cel\u00fd \u010dl\u00e1nok o pani A.Z.<\/a><\/p>\n<p><strong>Pr\u00edklady dobrej praxe v dennom stacion\u00e1ri pre seniorov<\/strong><\/p>\n<p>Denn\u00fd stacion\u00e1r nie je len miesto, kde \u013eudia tr\u00e1via vo\u013en\u00fd \u010das. Je to pre nich najm\u00e4 bezpe\u010dn\u00fd priestor, kde sa c\u00edtia pokojne, re\u0161pektovane a zmysluplne zapojen\u00ed do \u017eivota. Potvrdzuj\u00fa to neraz aj slov\u00e1 prij\u00edmate\u013eov soci\u00e1lnej slu\u017eby ako napr. \u201eSte pre m\u0148a moja druh\u00e1 rodina.\u201c, \u201eP\u00e1\u010di sa mi tu ve\u013emi, ve\u013ea toho vyr\u00e1bame\u201c, \u201eTu de\u0148 r\u00fdchlo prejde. C\u00edtim sa tu dobre a u\u017eito\u010dn\u00e1.\u201c, \u201eC\u00edtim sa tu v\u00fdborne\u201c, \u201eAni sa mi nechce \u00eds\u0165 domov, c\u00edtim sa tu dobre\u201c. S\u00fa to slov\u00e1, ktor\u00e9 s\u00fa najkraj\u0161\u00edm d\u00f4kazom na\u0161ej pr\u00e1ce.<\/p>\n<p><img loading=\"lazy\" decoding=\"async\" class=\"alignnone size-full wp-image-816\" src=\"http:\/\/szss-nitra.sk\/wp-content\/uploads\/2015\/08\/pdf1-e1633068834887.png\" alt=\"\" width=\"37\" height=\"37\" \/> <a href=\"http:\/\/szss-nitra.sk\/wp-content\/uploads\/2025\/08\/Priklad-dobrej-praxe-DS_2.pdf\" target=\"_blank\" rel=\"noopener\">Pre\u010d\u00edtajte si cel\u00fd \u010dl\u00e1nok o pani Jolanke<\/a><\/td>\n<\/tr>\n<\/tbody>\n<\/table>\n","protected":false},"excerpt":{"rendered":"<p>Rozvoj odborn\u00fdch \u010dinnost\u00ed Flexibiln\u00fd pr\u00edstup v soci\u00e1lnych slu\u017eb\u00e1ch Prep\u00e1janie soci\u00e1lnych slu\u017eieb Rozv\u00edjanie partnerstiev Prax \u0161tudentov Dobrovo\u013en\u00edcka \u010dinnos\u0165 Povedali o n\u00e1s . Flexibiln\u00fd pr\u00edstup v soci\u00e1lnych slu\u017eb\u00e1ch Pani A.Z. sa po \u00famrt\u00ed man\u017eela c\u00edtila doma osamel\u00e1, a preto sa rozhodla vyh\u013eada\u0165 soci\u00e1lnu slu\u017ebu, kde by sa mohla stret\u00e1va\u0165 v komunite \u013eud\u00ed a z\u00e1rove\u0148 zosta\u0165 v dom\u00e1com [&hellip;]<\/p>\n","protected":false},"author":1,"featured_media":0,"parent":10477,"menu_order":0,"comment_status":"closed","ping_status":"closed","template":"","meta":{"footnotes":""},"class_list":["post-11948","page","type-page","status-publish","hentry"],"_links":{"self":[{"href":"http:\/\/szss-nitra.sk\/index.php?rest_route=\/wp\/v2\/pages\/11948","targetHints":{"allow":["GET"]}}],"collection":[{"href":"http:\/\/szss-nitra.sk\/index.php?rest_route=\/wp\/v2\/pages"}],"about":[{"href":"http:\/\/szss-nitra.sk\/index.php?rest_route=\/wp\/v2\/types\/page"}],"author":[{"embeddable":true,"href":"http:\/\/szss-nitra.sk\/index.php?rest_route=\/wp\/v2\/users\/1"}],"replies":[{"embeddable":true,"href":"http:\/\/szss-nitra.sk\/index.php?rest_route=%2Fwp%2Fv2%2Fcomments&post=11948"}],"version-history":[{"count":9,"href":"http:\/\/szss-nitra.sk\/index.php?rest_route=\/wp\/v2\/pages\/11948\/revisions"}],"predecessor-version":[{"id":16003,"href":"http:\/\/szss-nitra.sk\/index.php?rest_route=\/wp\/v2\/pages\/11948\/revisions\/16003"}],"up":[{"embeddable":true,"href":"http:\/\/szss-nitra.sk\/index.php?rest_route=\/wp\/v2\/pages\/10477"}],"wp:attachment":[{"href":"http:\/\/szss-nitra.sk\/index.php?rest_route=%2Fwp%2Fv2%2Fmedia&parent=11948"}],"curies":[{"name":"wp","href":"https:\/\/api.w.org\/{rel}","templated":true}]}}