{"id":11921,"date":"2024-03-01T13:29:33","date_gmt":"2024-03-01T11:29:33","guid":{"rendered":"https:\/\/szss-nitra.sk\/?page_id=11921"},"modified":"2025-07-04T14:23:48","modified_gmt":"2025-07-04T12:23:48","slug":"dobra-prax-prepravna-sluzba-2","status":"publish","type":"page","link":"http:\/\/szss-nitra.sk\/?page_id=11921","title":{"rendered":"Dobr\u00e1 prax &#8211; prepravn\u00e1 slu\u017eba"},"content":{"rendered":"<table style=\"border: none;\">\n<tbody>\n<tr>\n<td style=\"width: 30%; vertical-align: top;\"><a href=\"http:\/\/szss-nitra.sk\/?page_id=11915\">Komfortnej\u0161ia a pr\u00edjemnej\u0161ia preprava<\/a><\/p>\n<p><a href=\"http:\/\/szss-nitra.sk\/?page_id=11921\"><strong>Pom\u00e1hame prekon\u00e1va\u0165 vzdialenosti<\/strong><\/a><\/p>\n<p><a href=\"http:\/\/szss-nitra.sk\/?page_id=14530\">Povedali o n\u00e1s<\/a><\/td>\n<td><span style=\"color: #ffffff;\">.<\/span><\/td>\n<td style=\"vertical-align: top; text-align: justify;\"><strong><strong>Pom\u00e1hame prekon\u00e1va\u0165 vzdialenos\u0165<\/strong><\/strong><\/p>\n<p>\u013dudia so zdravotn\u00fdm postihnut\u00edm s obmedzenou schopnos\u0165ou pohybu to maj\u00fa s prepravou \u0165a\u017ek\u00e9. Be\u017en\u00e1 preprava je pre nich pr\u00edli\u0161 komplikovan\u00e1, a preto vyu\u017e\u00edvaj\u00fa na\u0161u slu\u017ebu. Z\u00e1ujem o prepravn\u00fa slu\u017ebu ka\u017ed\u00fdm rokom rastie. Na\u0161e aut\u00e1 prekon\u00e1vaj\u00fa s prij\u00edmate\u013emi soci\u00e1lnej slu\u017eby pribli\u017ene 15 400 kilometrov ro\u010dne.<\/p>\n<p>Aj napriek tomu, \u017ee prepravn\u00e1 slu\u017eba je prioritne ur\u010den\u00e1 na prepravu v r\u00e1mci mesta Nitra, v pr\u00edpade d\u00f4le\u017eit\u00fdch \u017eivotn\u00fdch situ\u00e1ci\u00ed ako je napr. lek\u00e1rske vy\u0161etrenie, n\u00e1v\u0161teva pr\u00edbuzn\u00fdch, \u010di v\u00e1\u017ene rodinn\u00e9 udalosti, zabezpe\u010dujeme aj prepravu mimo \u00fazemia mesta Nitra.<\/p>\n<p>Pom\u00e1hame tak prekon\u00e1va\u0165 vzdialenos\u0165 a u\u013eah\u010di\u0165 prepravu \u013eu\u010fom, ktor\u00ed nemaj\u00fa mo\u017enos\u0165 vyu\u017ei\u0165 be\u017en\u00fa dopravu. Na\u0161ou snahou je prispie\u0165 k pohodliu a spokojnosti a vytv\u00e1ra\u0165 podmienky pre be\u017en\u00fd \u017eivot bez prek\u00e1\u017eok.<\/p>\n<p><em>Mgr. Michaela Tur\u00e1nyiov\u00e1, referent dom\u00e1cej opatrovate\u013eskej slu\u017eby<\/em><\/td>\n<\/tr>\n<\/tbody>\n<\/table>\n","protected":false},"excerpt":{"rendered":"<p>Komfortnej\u0161ia a pr\u00edjemnej\u0161ia preprava Pom\u00e1hame prekon\u00e1va\u0165 vzdialenosti Povedali o n\u00e1s . Pom\u00e1hame prekon\u00e1va\u0165 vzdialenos\u0165 \u013dudia so zdravotn\u00fdm postihnut\u00edm s obmedzenou schopnos\u0165ou pohybu to maj\u00fa s prepravou \u0165a\u017ek\u00e9. Be\u017en\u00e1 preprava je pre nich pr\u00edli\u0161 komplikovan\u00e1, a preto vyu\u017e\u00edvaj\u00fa na\u0161u slu\u017ebu. Z\u00e1ujem o prepravn\u00fa slu\u017ebu ka\u017ed\u00fdm rokom rastie. Na\u0161e aut\u00e1 prekon\u00e1vaj\u00fa s prij\u00edmate\u013emi soci\u00e1lnej slu\u017eby pribli\u017ene 15 [&hellip;]<\/p>\n","protected":false},"author":1,"featured_media":0,"parent":10477,"menu_order":0,"comment_status":"closed","ping_status":"closed","template":"","meta":{"footnotes":""},"class_list":["post-11921","page","type-page","status-publish","hentry"],"_links":{"self":[{"href":"http:\/\/szss-nitra.sk\/index.php?rest_route=\/wp\/v2\/pages\/11921","targetHints":{"allow":["GET"]}}],"collection":[{"href":"http:\/\/szss-nitra.sk\/index.php?rest_route=\/wp\/v2\/pages"}],"about":[{"href":"http:\/\/szss-nitra.sk\/index.php?rest_route=\/wp\/v2\/types\/page"}],"author":[{"embeddable":true,"href":"http:\/\/szss-nitra.sk\/index.php?rest_route=\/wp\/v2\/users\/1"}],"replies":[{"embeddable":true,"href":"http:\/\/szss-nitra.sk\/index.php?rest_route=%2Fwp%2Fv2%2Fcomments&post=11921"}],"version-history":[{"count":2,"href":"http:\/\/szss-nitra.sk\/index.php?rest_route=\/wp\/v2\/pages\/11921\/revisions"}],"predecessor-version":[{"id":14535,"href":"http:\/\/szss-nitra.sk\/index.php?rest_route=\/wp\/v2\/pages\/11921\/revisions\/14535"}],"up":[{"embeddable":true,"href":"http:\/\/szss-nitra.sk\/index.php?rest_route=\/wp\/v2\/pages\/10477"}],"wp:attachment":[{"href":"http:\/\/szss-nitra.sk\/index.php?rest_route=%2Fwp%2Fv2%2Fmedia&parent=11921"}],"curies":[{"name":"wp","href":"https:\/\/api.w.org\/{rel}","templated":true}]}}