{"id":11915,"date":"2024-03-01T13:19:53","date_gmt":"2024-03-01T11:19:53","guid":{"rendered":"https:\/\/szss-nitra.sk\/?page_id=11915"},"modified":"2025-07-04T14:21:31","modified_gmt":"2025-07-04T12:21:31","slug":"dobra-prax-prepravna-sluzba","status":"publish","type":"page","link":"http:\/\/szss-nitra.sk\/?page_id=11915","title":{"rendered":"Dobr\u00e1 prax &#8211; prepravn\u00e1 slu\u017eba"},"content":{"rendered":"<table style=\"border: none;\">\n<tbody>\n<tr>\n<td style=\"width: 30%; vertical-align: top;\"><a href=\"http:\/\/szss-nitra.sk\/?page_id=11915\"><strong>Komfortnej\u0161ia a pr\u00edjemnej\u0161ia preprava<\/strong><\/a><\/p>\n<p><a href=\"http:\/\/szss-nitra.sk\/?page_id=11921\">Pom\u00e1hame prekon\u00e1va\u0165 vzdialenosti<\/a><\/p>\n<p><a href=\"http:\/\/szss-nitra.sk\/?page_id=14530\">Povedali o n\u00e1s<\/a>\n<\/td>\n<td><span style=\"color: #ffffff;\">.<\/span><\/td>\n<td style=\"vertical-align: top; text-align: justify;\"><strong><strong>Komfortnej\u0161ia a pr\u00edjemnej\u0161ia preprava<\/strong><\/strong><\/p>\n<p>Prepravnou slu\u017ebou pom\u00e1hame osob\u00e1m, ktor\u00fdm zdravotn\u00e9 znev\u00fdhodnenie neumo\u017e\u0148uje prepravova\u0165 sa be\u017ene dostupnou dopravou, \u010di u\u017e k lek\u00e1rovi alebo za z\u00e1ujmov\u00fdmi \u010dinnos\u0165ami.<\/p>\n<p>V\u010faka projektu<strong> \u201eKomfortnej\u0161ia a operat\u00edvnej\u0161ia preprava imobiln\u00fdch prij\u00edmate\u013eov soci\u00e1lnych slu\u017eieb\u201c<\/strong> sa n\u00e1m podarilo s finan\u010dnou podporou z Eur\u00f3pskeho fondu region\u00e1lneho rozvoja v r\u00e1mci Integrovan\u00e9ho region\u00e1lneho opera\u010dn\u00e9ho programu zak\u00fapi\u0165 vozidlo, ktor\u00e9 je zabezpe\u010den\u00e9 hydraulickou zdv\u00edhacou plo\u0161inou a dok\u00e1\u017ee previez\u0165 2 invalidn\u00e9 voz\u00edky s\u00fa\u010dasne.<\/p>\n<p style=\"text-align: center;\"><a href=\"http:\/\/szss-nitra.sk\/wp-content\/uploads\/2024\/03\/IMG_20231031_105536980_HDR-scaled.jpg\"><img loading=\"lazy\" decoding=\"async\" class=\"alignnone size-thumbnail wp-image-11917\" src=\"http:\/\/szss-nitra.sk\/wp-content\/uploads\/2024\/03\/IMG_20231031_105536980_HDR-100x100.jpg\" alt=\"\" width=\"100\" height=\"100\"> <\/a><a href=\"http:\/\/szss-nitra.sk\/wp-content\/uploads\/2024\/03\/IMG_20231031_105039292_HDR-scaled.jpg\"><img loading=\"lazy\" decoding=\"async\" class=\"alignnone size-thumbnail wp-image-11916\" src=\"http:\/\/szss-nitra.sk\/wp-content\/uploads\/2024\/03\/IMG_20231031_105039292_HDR-100x100.jpg\" alt=\"\" width=\"100\" height=\"100\"><\/a><\/p>\n<p>Aj v tejto oblasti chceme by\u0165 inovat\u00edvni a chceme zabezpe\u010di\u0165 komfortnej\u0161iu a bezpe\u010dnej\u0161iu prepravu, aby sme aspo\u0148 na\u0161im mal\u00fdm dielom u\u013eah\u010dili \u017eivot \u013eu\u010fom, ktor\u00ed sa stret\u00e1vaj\u00fa s bari\u00e9rami be\u017en\u00e9ho \u017eivota.<\/p>\n<p><em>Mgr. Michaela Tur\u00e1nyiov\u00e1, referent dom\u00e1cej opatrovate\u013eskej slu\u017eby<\/em><\/td>\n<\/tr>\n<\/tbody>\n<\/table>\n","protected":false},"excerpt":{"rendered":"<p>Komfortnej\u0161ia a pr\u00edjemnej\u0161ia preprava Pom\u00e1hame prekon\u00e1va\u0165 vzdialenosti Povedali o n\u00e1s . Komfortnej\u0161ia a pr\u00edjemnej\u0161ia preprava Prepravnou slu\u017ebou pom\u00e1hame osob\u00e1m, ktor\u00fdm zdravotn\u00e9 znev\u00fdhodnenie neumo\u017e\u0148uje prepravova\u0165 sa be\u017ene dostupnou dopravou, \u010di u\u017e k lek\u00e1rovi alebo za z\u00e1ujmov\u00fdmi \u010dinnos\u0165ami. V\u010faka projektu \u201eKomfortnej\u0161ia a operat\u00edvnej\u0161ia preprava imobiln\u00fdch prij\u00edmate\u013eov soci\u00e1lnych slu\u017eieb\u201c sa n\u00e1m podarilo s finan\u010dnou podporou z Eur\u00f3pskeho fondu [&hellip;]<\/p>\n","protected":false},"author":1,"featured_media":0,"parent":10477,"menu_order":0,"comment_status":"closed","ping_status":"closed","template":"","meta":{"footnotes":""},"class_list":["post-11915","page","type-page","status-publish","hentry"],"_links":{"self":[{"href":"http:\/\/szss-nitra.sk\/index.php?rest_route=\/wp\/v2\/pages\/11915","targetHints":{"allow":["GET"]}}],"collection":[{"href":"http:\/\/szss-nitra.sk\/index.php?rest_route=\/wp\/v2\/pages"}],"about":[{"href":"http:\/\/szss-nitra.sk\/index.php?rest_route=\/wp\/v2\/types\/page"}],"author":[{"embeddable":true,"href":"http:\/\/szss-nitra.sk\/index.php?rest_route=\/wp\/v2\/users\/1"}],"replies":[{"embeddable":true,"href":"http:\/\/szss-nitra.sk\/index.php?rest_route=%2Fwp%2Fv2%2Fcomments&post=11915"}],"version-history":[{"count":4,"href":"http:\/\/szss-nitra.sk\/index.php?rest_route=\/wp\/v2\/pages\/11915\/revisions"}],"predecessor-version":[{"id":14534,"href":"http:\/\/szss-nitra.sk\/index.php?rest_route=\/wp\/v2\/pages\/11915\/revisions\/14534"}],"up":[{"embeddable":true,"href":"http:\/\/szss-nitra.sk\/index.php?rest_route=\/wp\/v2\/pages\/10477"}],"wp:attachment":[{"href":"http:\/\/szss-nitra.sk\/index.php?rest_route=%2Fwp%2Fv2%2Fmedia&parent=11915"}],"curies":[{"name":"wp","href":"https:\/\/api.w.org\/{rel}","templated":true}]}}