{"id":11211,"date":"2023-11-16T11:59:11","date_gmt":"2023-11-16T09:59:11","guid":{"rendered":"http:\/\/szss-nitra.sk\/?page_id=11211"},"modified":"2025-08-28T08:53:01","modified_gmt":"2025-08-28T06:53:01","slug":"dobra-prax-denne-centrum","status":"publish","type":"page","link":"http:\/\/szss-nitra.sk\/?page_id=11211","title":{"rendered":"Dobr\u00e1 prax &#8211; denn\u00e9 centrum"},"content":{"rendered":"<table style=\"border: none;\">\n<tbody>\n<tr>\n<td style=\"width: 30%; vertical-align: top;\"><a href=\"http:\/\/szss-nitra.sk\/?page_id=11211\"><strong>Prep\u00e1janie soci\u00e1lnych slu\u017eieb<\/strong><\/a><\/p>\n<p><a href=\"http:\/\/szss-nitra.sk\/?page_id=14943\">Sp\u00e4tn\u00e1 v\u00e4zba<\/a><\/p>\n<p><a href=\"http:\/\/szss-nitra.sk\/?page_id=11954\">Dobrovo\u013en\u00edcka \u010dinnos\u0165<\/a><\/td>\n<td><span style=\"color: #ffffff;\">.<\/span><\/td>\n<td style=\"vertical-align: top; text-align: justify;\">\n<p style=\"text-align: justify;\"><strong>Spolupr\u00e1ca medzi denn\u00fdm stacion\u00e1rom a denn\u00fdm centrom<\/strong><\/p>\n<p style=\"text-align: justify;\">\u00dasek soci\u00e1lnych slu\u017eieb Bani\u010dova a Olympia poskytuje ambulantn\u00e9 a ter\u00e9nne soci\u00e1lne slu\u017eby: denn\u00fd stacion\u00e1r, denn\u00e9 centrum, dom\u00e1ca opatrovate\u013esk\u00e1 slu\u017eba, po\u017ei\u010diavanie pom\u00f4cok a prepravn\u00e1 slu\u017eba.<\/p>\n<p style=\"text-align: justify;\">Spr\u00e1va zariaden\u00ed soci\u00e1lnych slu\u017eieb vzh\u013eadom na jednotliv\u00e9 \u0161pecifik\u00e1 odborn\u00e9ho pr\u00edstupu prev\u00e1dzkuje tri denn\u00e9 stacion\u00e1re v zameran\u00ed na cie\u013eov\u00fa skupinu seniori, osoby s \u0165a\u017ek\u00fdm zdravotn\u00fdm postihnut\u00edm a osoby s poruchami autistick\u00e9ho spektra.<\/p>\n<p style=\"text-align: justify;\">Na prev\u00e1dzke Bani\u010dova 12, Nitra sa nach\u00e1dza okrem denn\u00e9ho stacion\u00e1ra pre seniorov a denn\u00e9ho stacion\u00e1ra pre osoby s \u0165a\u017ek\u00fdm zdravotn\u00fdm postihnut\u00edm aj denn\u00e9 centrum ur\u010den\u00e9 pre osoby v d\u00f4chodkovom veku, osoby s \u0165a\u017ek\u00fdm zdravotn\u00fdm postihnut\u00edm, s nepriazniv\u00fdm zdravotn\u00fdm stavom a pre star\u00fdch rodi\u010dov s vnukom, \u010di vnu\u010dkou.<\/p>\n<p style=\"text-align: justify;\">V\u00edziou \u00faseku soci\u00e1lnych slu\u017eieb Bani\u010dova a Olympia bolo a je postupne vytv\u00e1ra\u0165 spolupr\u00e1cu v r\u00e1mci t\u00fdchto druhov soci\u00e1lnych slu\u017eieb, podporova\u0165 prepojenos\u0165 organizovan\u00fdch aktiv\u00edt a podujat\u00ed a rovnako aj odstra\u0148ova\u0165 bari\u00e9ry vo forme predsudkov &#8211; \u013eud\u00ed sp\u00e1ja\u0165 prostredn\u00edctvom zdie\u013eania spolo\u010dn\u00fdch aktiv\u00edt a spolo\u010dne str\u00e1ven\u00e9ho \u010dasu.<\/p>\n<p style=\"text-align: justify;\"><a href=\"http:\/\/szss-nitra.sk\/wp-content\/uploads\/2023\/10\/IMG-0038.jpg\"><img loading=\"lazy\" decoding=\"async\" class=\"size-medium wp-image-10368 aligncenter\" src=\"http:\/\/szss-nitra.sk\/wp-content\/uploads\/2023\/10\/IMG-0038-300x212.jpg\" alt=\"\" width=\"300\" height=\"212\" srcset=\"http:\/\/szss-nitra.sk\/wp-content\/uploads\/2023\/10\/IMG-0038-300x212.jpg 300w, http:\/\/szss-nitra.sk\/wp-content\/uploads\/2023\/10\/IMG-0038-1024x725.jpg 1024w, http:\/\/szss-nitra.sk\/wp-content\/uploads\/2023\/10\/IMG-0038-768x544.jpg 768w, http:\/\/szss-nitra.sk\/wp-content\/uploads\/2023\/10\/IMG-0038-1536x1088.jpg 1536w, http:\/\/szss-nitra.sk\/wp-content\/uploads\/2023\/10\/IMG-0038.jpg 2001w\" sizes=\"auto, (max-width: 300px) 100vw, 300px\" \/><\/a>Sme radi, \u017ee v roku 2023 sa n\u00e1m podarilo v prvom kroku prep\u00e1jania soci\u00e1lnych slu\u017eieb zrealizova\u0165 u\u017e nieko\u013eko spolo\u010dn\u00fdch podujat\u00ed pre prij\u00edmate\u013eov soci\u00e1lnej slu\u017eby denn\u00fd stacion\u00e1r pre seniorov a denn\u00e9 centrum. Zdravotn\u00fd stav, \u017eivotn\u00e9 okolnosti a osobn\u00e9 pr\u00edbehy si nevyber\u00e1me, p\u00ed\u0161e ich s\u00e1m \u017eivot, ale \u010do m\u00f4\u017eeme, je necha\u0165 si otvoren\u00e9 srdce pre nov\u00e9 stretnutia, spozn\u00e1vanie sveta in\u00e9ho \u010dloveka a pre vytv\u00e1ranie nov\u00fdch spolo\u010dn\u00fdch pr\u00edbehov. Preto\u017ee: <em>\u201eNikto nie je ostrovom sam\u00fdm pre seba,&#8230;\u201c (John Donne)<\/em> a v\u017edy je mo\u017en\u00e9 by\u0165 \u010dloveku \u010dlovekom v porozumen\u00ed a \u013eudskosti.<\/p>\n<p style=\"text-align: justify;\"><em>PhDr. Silvia Lu\u017e\u00e1kov\u00e1, ved\u00faca \u00faseku soci\u00e1lnych slu\u017eieb Bani\u010dova a Olympia<\/em><\/p>\n<hr>\n<p style=\"text-align: justify;\"><strong>Spolupr\u00e1ca <\/strong><strong>denn\u00fdch centier Spr\u00e1vy zariaden\u00ed soci\u00e1lnych slu\u017eieb<\/strong><\/p>\n<p>Spolupr\u00e1ca je z\u00e1kladn\u00fdm stavebn\u00fdm kame\u0148om \u00faspechu v organiz\u00e1ci\u00e1ch a in\u0161tit\u00faci\u00e1ch. Je to dynamick\u00fd proces, ktor\u00fd umo\u017e\u0148uje sp\u00e1ja\u0165 svoje zdroje, schopnosti a znalosti s cie\u013eom dosiahnu\u0165 spolo\u010dn\u00e9 ciele a \u00faspechy.<\/p>\n<p>V dne\u0161nom svete, kde sa podmienky r\u00fdchlo menia a n\u00e1ro\u010dn\u00e9 v\u00fdzvy vy\u017eaduj\u00fa flexibilitu a inov\u00e1ciu, sa spolupr\u00e1ca st\u00e1va e\u0161te d\u00f4le\u017eitej\u0161ou. V pr\u00edpade Denn\u00e9ho centra Bani\u010dova a Denn\u00e9ho centra Olympia sme mali t\u00fa \u010des\u0165 sk\u00fasi\u0165 t\u00fato spolupr\u00e1cu na vlastnej ko\u017ei. Na\u0161a spolo\u010dn\u00e1 aktivita, ktor\u00e1 nesie n\u00e1zov \u201eOkt\u00f3ber v pohybe\u201c je skvel\u00fdm pr\u00edkladom toho, ako m\u00f4\u017ee \u00fazka spolupr\u00e1ca prinies\u0165 prospech pre v\u0161etk\u00fdch.<\/p>\n<p>Spojen\u00edm na\u0161ich s\u00edl sme dok\u00e1zali poskytn\u00fa\u0165 prij\u00edmate\u013eom soci\u00e1lnej slu\u017eby \u0161ir\u0161ie spektrum mo\u017enost\u00ed, z\u00e1rove\u0148 sme posilnili v\u00e4zby v komunite a z\u00edskali cenn\u00e9 sk\u00fasenosti. K\u013e\u00fa\u010dom k \u00faspechu v spolupr\u00e1ci je otvoren\u00e1 komunik\u00e1cia, vz\u00e1jomn\u00e1 d\u00f4vera a zdie\u013eanie zdrojov. Ke\u010f r\u00f4zne, ale z\u00e1rove\u0148 identick\u00e9 \u010dasti jednej in\u0161tit\u00facie dok\u00e1\u017eu spoji\u0165 svoje sily a pracova\u0165 ako jeden t\u00edm, m\u00f4\u017eu spolo\u010dne dosiahnu\u0165 v\u00fdznamn\u00e9 veci.<\/p>\n<p>Vytv\u00e1ranie a udr\u017eiavanie t\u00fdchto partnerstiev si vy\u017eaduje \u00fasilie a oddanos\u0165, ale v dlhodobom horizonte sa m\u00f4\u017ee prejavi\u0165 ako k\u013e\u00fa\u010dov\u00fd faktor pre rast a \u00faspech.<\/p>\n<p>Spolupr\u00e1ca medzi Denn\u00fdm centrom Bani\u010dova a Denn\u00fdm centrom Olympia je za\u010diatkom dlhej a plodnej cesty. Ver\u00edme, \u017ee \u010fal\u0161ie projekty a iniciat\u00edvy n\u00e1m umo\u017enia \u010falej posil\u0148ova\u0165 vz\u0165ahy a prin\u00e1\u0161a\u0165 prospech nielen na\u0161ej in\u0161tit\u00facii, ale aj celej na\u0161ej komunite.<\/p>\n<p style=\"text-align: justify;\"><em>Bc. Lucia Pavl\u00edkov\u00e1, asistent soci\u00e1lnej pr\u00e1ce<\/em><\/p>\n<\/td>\n<\/tr>\n<\/tbody>\n<\/table>\n","protected":false},"excerpt":{"rendered":"<p>Prep\u00e1janie soci\u00e1lnych slu\u017eieb Sp\u00e4tn\u00e1 v\u00e4zba Dobrovo\u013en\u00edcka \u010dinnos\u0165 . Spolupr\u00e1ca medzi denn\u00fdm stacion\u00e1rom a denn\u00fdm centrom \u00dasek soci\u00e1lnych slu\u017eieb Bani\u010dova a Olympia poskytuje ambulantn\u00e9 a ter\u00e9nne soci\u00e1lne slu\u017eby: denn\u00fd stacion\u00e1r, denn\u00e9 centrum, dom\u00e1ca opatrovate\u013esk\u00e1 slu\u017eba, po\u017ei\u010diavanie pom\u00f4cok a prepravn\u00e1 slu\u017eba. Spr\u00e1va zariaden\u00ed soci\u00e1lnych slu\u017eieb vzh\u013eadom na jednotliv\u00e9 \u0161pecifik\u00e1 odborn\u00e9ho pr\u00edstupu prev\u00e1dzkuje tri denn\u00e9 stacion\u00e1re v zameran\u00ed [&hellip;]<\/p>\n","protected":false},"author":1,"featured_media":0,"parent":10477,"menu_order":0,"comment_status":"closed","ping_status":"closed","template":"","meta":{"footnotes":""},"class_list":["post-11211","page","type-page","status-publish","hentry"],"_links":{"self":[{"href":"http:\/\/szss-nitra.sk\/index.php?rest_route=\/wp\/v2\/pages\/11211","targetHints":{"allow":["GET"]}}],"collection":[{"href":"http:\/\/szss-nitra.sk\/index.php?rest_route=\/wp\/v2\/pages"}],"about":[{"href":"http:\/\/szss-nitra.sk\/index.php?rest_route=\/wp\/v2\/types\/page"}],"author":[{"embeddable":true,"href":"http:\/\/szss-nitra.sk\/index.php?rest_route=\/wp\/v2\/users\/1"}],"replies":[{"embeddable":true,"href":"http:\/\/szss-nitra.sk\/index.php?rest_route=%2Fwp%2Fv2%2Fcomments&post=11211"}],"version-history":[{"count":8,"href":"http:\/\/szss-nitra.sk\/index.php?rest_route=\/wp\/v2\/pages\/11211\/revisions"}],"predecessor-version":[{"id":14945,"href":"http:\/\/szss-nitra.sk\/index.php?rest_route=\/wp\/v2\/pages\/11211\/revisions\/14945"}],"up":[{"embeddable":true,"href":"http:\/\/szss-nitra.sk\/index.php?rest_route=\/wp\/v2\/pages\/10477"}],"wp:attachment":[{"href":"http:\/\/szss-nitra.sk\/index.php?rest_route=%2Fwp%2Fv2%2Fmedia&parent=11211"}],"curies":[{"name":"wp","href":"https:\/\/api.w.org\/{rel}","templated":true}]}}