{"id":10968,"date":"2023-11-03T09:06:16","date_gmt":"2023-11-03T07:06:16","guid":{"rendered":"http:\/\/szss-nitra.sk\/?page_id=10968"},"modified":"2025-05-27T12:52:08","modified_gmt":"2025-05-27T10:52:08","slug":"dobra-prax-opatrovatelska-sluzba","status":"publish","type":"page","link":"http:\/\/szss-nitra.sk\/?page_id=10968","title":{"rendered":"Dobr\u00e1 prax &#8211; opatrovate\u013esk\u00e1 slu\u017eba"},"content":{"rendered":"<table style=\"border: none;\">\n<tbody>\n<tr>\n<td style=\"width: 30%; vertical-align: top;\">\n<p><a href=\"http:\/\/szss-nitra.sk\/?page_id=11040\">Rozvoj odborn\u00fdch kompetenci\u00ed<\/a><\/p>\n<p><a href=\"http:\/\/szss-nitra.sk\/?page_id=11974\">Bytov\u00fd dom Senior<\/a><\/p>\n<p><a href=\"http:\/\/szss-nitra.sk\/?page_id=10968\"><strong>Povedali o n\u00e1s<\/strong><\/a><\/p>\n<\/td>\n<td><span style=\"color: #ffffff;\">.<\/span><\/td>\n<td style=\"vertical-align: top; text-align: justify;\">\u010eakovn\u00e9 listy<br \/>\n<a href=\"http:\/\/szss-nitra.sk\/wp-content\/uploads\/2015\/07\/Podakovanie4.jpg\"><img loading=\"lazy\" decoding=\"async\" class=\"alignnone wp-image-1990\" src=\"http:\/\/szss-nitra.sk\/wp-content\/uploads\/2015\/07\/Podakovanie4-212x300.jpg\" alt=\"\" width=\"150\" height=\"212\" srcset=\"http:\/\/szss-nitra.sk\/wp-content\/uploads\/2015\/07\/Podakovanie4-212x300.jpg 212w, http:\/\/szss-nitra.sk\/wp-content\/uploads\/2015\/07\/Podakovanie4-724x1024.jpg 724w, http:\/\/szss-nitra.sk\/wp-content\/uploads\/2015\/07\/Podakovanie4-17x24.jpg 17w, http:\/\/szss-nitra.sk\/wp-content\/uploads\/2015\/07\/Podakovanie4-25x36.jpg 25w, http:\/\/szss-nitra.sk\/wp-content\/uploads\/2015\/07\/Podakovanie4-34x48.jpg 34w, http:\/\/szss-nitra.sk\/wp-content\/uploads\/2015\/07\/Podakovanie4.jpg 1240w\" sizes=\"auto, (max-width: 150px) 100vw, 150px\" \/><\/a>\u00a0\u00a0<a href=\"http:\/\/szss-nitra.sk\/wp-content\/uploads\/2016\/01\/podakovanie3.jpg\"><img loading=\"lazy\" decoding=\"async\" class=\"alignnone wp-image-1959\" src=\"http:\/\/szss-nitra.sk\/wp-content\/uploads\/2016\/01\/podakovanie3-212x300.jpg\" alt=\"\" width=\"150\" height=\"212\" srcset=\"http:\/\/szss-nitra.sk\/wp-content\/uploads\/2016\/01\/podakovanie3-212x300.jpg 212w, http:\/\/szss-nitra.sk\/wp-content\/uploads\/2016\/01\/podakovanie3-724x1024.jpg 724w, http:\/\/szss-nitra.sk\/wp-content\/uploads\/2016\/01\/podakovanie3-17x24.jpg 17w, http:\/\/szss-nitra.sk\/wp-content\/uploads\/2016\/01\/podakovanie3-25x36.jpg 25w, http:\/\/szss-nitra.sk\/wp-content\/uploads\/2016\/01\/podakovanie3-34x48.jpg 34w, http:\/\/szss-nitra.sk\/wp-content\/uploads\/2016\/01\/podakovanie3.jpg 1240w\" sizes=\"auto, (max-width: 150px) 100vw, 150px\" \/><\/a>\u00a0 <a href=\"http:\/\/szss-nitra.sk\/wp-content\/uploads\/2023\/12\/podakovanie_DOS_2023.jpg\"><img loading=\"lazy\" decoding=\"async\" class=\"alignnone size-thumbnail wp-image-11463\" src=\"http:\/\/szss-nitra.sk\/wp-content\/uploads\/2023\/12\/podakovanie_DOS_2023-100x100.jpg\" alt=\"\" width=\"150\" height=\"212\" srcset=\"http:\/\/szss-nitra.sk\/wp-content\/uploads\/2023\/12\/podakovanie_DOS_2023-212x300.jpg 212w, http:\/\/szss-nitra.sk\/wp-content\/uploads\/2023\/12\/podakovanie_DOS_2023-724x1024.jpg 724w, http:\/\/szss-nitra.sk\/wp-content\/uploads\/2023\/12\/podakovanie_DOS_2023-768x1086.jpg 768w, http:\/\/szss-nitra.sk\/wp-content\/uploads\/2023\/12\/podakovanie_DOS_2023-1086x1536.jpg 1086w, http:\/\/szss-nitra.sk\/wp-content\/uploads\/2023\/12\/podakovanie_DOS_2023.jpg 1240w\" sizes=\"auto, (max-width: 150px) 100vw, 150px\" \/><\/a><a href=\"https:\/\/szss-nitra.sk\/?p=11577\">Po\u010fakovanie &#8211; p. Komorov\u00e1<\/a><\/p>\n<p><a href=\"http:\/\/szss-nitra.sk\/wp-content\/uploads\/2025\/02\/podakovanie_DOS_J_krala.jpg\"><img loading=\"lazy\" decoding=\"async\" class=\"alignnone wp-image-13864\" src=\"http:\/\/szss-nitra.sk\/wp-content\/uploads\/2025\/02\/podakovanie_DOS_J_krala-300x132.jpg\" alt=\"\" width=\"180\" height=\"79\" srcset=\"http:\/\/szss-nitra.sk\/wp-content\/uploads\/2025\/02\/podakovanie_DOS_J_krala-300x132.jpg 300w, http:\/\/szss-nitra.sk\/wp-content\/uploads\/2025\/02\/podakovanie_DOS_J_krala-1024x449.jpg 1024w, http:\/\/szss-nitra.sk\/wp-content\/uploads\/2025\/02\/podakovanie_DOS_J_krala-768x337.jpg 768w, http:\/\/szss-nitra.sk\/wp-content\/uploads\/2025\/02\/podakovanie_DOS_J_krala.jpg 1240w\" sizes=\"auto, (max-width: 180px) 100vw, 180px\" \/><\/a> <a href=\"http:\/\/szss-nitra.sk\/wp-content\/uploads\/2025\/02\/podakovanie_DOS_Bernolak.jpg\"><img loading=\"lazy\" decoding=\"async\" class=\"alignnone wp-image-13863\" src=\"http:\/\/szss-nitra.sk\/wp-content\/uploads\/2025\/02\/podakovanie_DOS_Bernolak-212x300.jpg\" alt=\"\" width=\"141\" height=\"200\" srcset=\"http:\/\/szss-nitra.sk\/wp-content\/uploads\/2025\/02\/podakovanie_DOS_Bernolak-212x300.jpg 212w, http:\/\/szss-nitra.sk\/wp-content\/uploads\/2025\/02\/podakovanie_DOS_Bernolak-724x1024.jpg 724w, http:\/\/szss-nitra.sk\/wp-content\/uploads\/2025\/02\/podakovanie_DOS_Bernolak-768x1086.jpg 768w, http:\/\/szss-nitra.sk\/wp-content\/uploads\/2025\/02\/podakovanie_DOS_Bernolak-1086x1536.jpg 1086w, http:\/\/szss-nitra.sk\/wp-content\/uploads\/2025\/02\/podakovanie_DOS_Bernolak.jpg 1240w\" sizes=\"auto, (max-width: 141px) 100vw, 141px\" \/><\/a> <a href=\"http:\/\/szss-nitra.sk\/wp-content\/uploads\/2025\/04\/podakovanie-Podhradsky.png\"><img loading=\"lazy\" decoding=\"async\" class=\"alignnone wp-image-14153\" src=\"http:\/\/szss-nitra.sk\/wp-content\/uploads\/2025\/04\/podakovanie-Podhradsky-300x228.png\" alt=\"\" width=\"160\" height=\"122\" srcset=\"http:\/\/szss-nitra.sk\/wp-content\/uploads\/2025\/04\/podakovanie-Podhradsky-300x228.png 300w, http:\/\/szss-nitra.sk\/wp-content\/uploads\/2025\/04\/podakovanie-Podhradsky.png 692w\" sizes=\"auto, (max-width: 160px) 100vw, 160px\" \/><\/a><\/p>\n<p><a href=\"http:\/\/szss-nitra.sk\/wp-content\/uploads\/2025\/05\/2405_001_page-0001.jpg\"><img loading=\"lazy\" decoding=\"async\" class=\"alignnone wp-image-14288\" src=\"http:\/\/szss-nitra.sk\/wp-content\/uploads\/2025\/05\/2405_001_page-0001-227x300.jpg\" alt=\"\" width=\"180\" height=\"238\" srcset=\"http:\/\/szss-nitra.sk\/wp-content\/uploads\/2025\/05\/2405_001_page-0001-227x300.jpg 227w, http:\/\/szss-nitra.sk\/wp-content\/uploads\/2025\/05\/2405_001_page-0001-775x1024.jpg 775w, http:\/\/szss-nitra.sk\/wp-content\/uploads\/2025\/05\/2405_001_page-0001-768x1015.jpg 768w, http:\/\/szss-nitra.sk\/wp-content\/uploads\/2025\/05\/2405_001_page-0001.jpg 1012w\" sizes=\"auto, (max-width: 180px) 100vw, 180px\" \/><\/a><\/td>\n<\/tr>\n<\/tbody>\n<\/table>\n","protected":false},"excerpt":{"rendered":"<p>Rozvoj odborn\u00fdch kompetenci\u00ed Bytov\u00fd dom Senior Povedali o n\u00e1s . \u010eakovn\u00e9 listy \u00a0\u00a0\u00a0 Po\u010fakovanie &#8211; p. Komorov\u00e1<\/p>\n","protected":false},"author":1,"featured_media":0,"parent":10477,"menu_order":0,"comment_status":"closed","ping_status":"closed","template":"","meta":{"footnotes":""},"class_list":["post-10968","page","type-page","status-publish","hentry"],"_links":{"self":[{"href":"http:\/\/szss-nitra.sk\/index.php?rest_route=\/wp\/v2\/pages\/10968","targetHints":{"allow":["GET"]}}],"collection":[{"href":"http:\/\/szss-nitra.sk\/index.php?rest_route=\/wp\/v2\/pages"}],"about":[{"href":"http:\/\/szss-nitra.sk\/index.php?rest_route=\/wp\/v2\/types\/page"}],"author":[{"embeddable":true,"href":"http:\/\/szss-nitra.sk\/index.php?rest_route=\/wp\/v2\/users\/1"}],"replies":[{"embeddable":true,"href":"http:\/\/szss-nitra.sk\/index.php?rest_route=%2Fwp%2Fv2%2Fcomments&post=10968"}],"version-history":[{"count":23,"href":"http:\/\/szss-nitra.sk\/index.php?rest_route=\/wp\/v2\/pages\/10968\/revisions"}],"predecessor-version":[{"id":14293,"href":"http:\/\/szss-nitra.sk\/index.php?rest_route=\/wp\/v2\/pages\/10968\/revisions\/14293"}],"up":[{"embeddable":true,"href":"http:\/\/szss-nitra.sk\/index.php?rest_route=\/wp\/v2\/pages\/10477"}],"wp:attachment":[{"href":"http:\/\/szss-nitra.sk\/index.php?rest_route=%2Fwp%2Fv2%2Fmedia&parent=10968"}],"curies":[{"name":"wp","href":"https:\/\/api.w.org\/{rel}","templated":true}]}}