{"id":10891,"date":"2023-11-02T22:53:00","date_gmt":"2023-11-02T20:53:00","guid":{"rendered":"https:\/\/szss-nitra.sk\/?page_id=10891"},"modified":"2026-02-27T16:27:38","modified_gmt":"2026-02-27T14:27:38","slug":"dobra-prax-denny-stacionar-2","status":"publish","type":"page","link":"http:\/\/szss-nitra.sk\/?page_id=10891","title":{"rendered":"Dobr\u00e1 prax &#8211; denn\u00fd stacion\u00e1r"},"content":{"rendered":"<table style=\"border: none;\">\n<tbody>\n<tr>\n<td style=\"width: 30%; vertical-align: top;\"><a href=\"http:\/\/szss-nitra.sk\/?page_id=10888\">Rozvoj odborn\u00fdch \u010dinnost\u00ed<\/a><\/p>\n<p><a href=\"http:\/\/szss-nitra.sk\/?page_id=11948\">Flexibiln\u00fd pr\u00edstup v soci\u00e1lnych slu\u017eb\u00e1ch<\/a><\/p>\n<p><a href=\"http:\/\/szss-nitra.sk\/?page_id=11200\">Prep\u00e1janie soci\u00e1lnych slu\u017eieb<\/a><\/p>\n<p><a href=\"http:\/\/szss-nitra.sk\/?page_id=15065\">Rozv\u00edjanie partnerstiev<\/a><\/p>\n<p><a href=\"http:\/\/szss-nitra.sk\/?page_id=16000\">Prax \u0161tudentov<\/a><\/p>\n<p><a href=\"http:\/\/szss-nitra.sk\/?page_id=12119\">Dobrovo\u013en\u00edcka \u010dinnos\u0165<\/a><\/p>\n<p><a href=\"http:\/\/szss-nitra.sk\/?page_id=10891\"><strong>Povedali o n\u00e1s<\/strong><\/a><br \/>\n<img loading=\"lazy\" decoding=\"async\" class=\"alignnone size-full wp-image-13260\" src=\"http:\/\/szss-nitra.sk\/wp-content\/uploads\/2024\/11\/dobra_prax_mini.png\" alt=\"\" width=\"150\" height=\"220\" \/><\/td>\n<td><span style=\"color: #ffffff;\">.<\/span><\/td>\n<td style=\"vertical-align: top; text-align: justify;\">\u010eakovn\u00e9 listy<br \/>\n<a href=\"http:\/\/szss-nitra.sk\/wp-content\/uploads\/2015\/11\/Podakovanie5.jpg\"><img loading=\"lazy\" decoding=\"async\" class=\"alignnone wp-image-2162\" src=\"http:\/\/szss-nitra.sk\/wp-content\/uploads\/2015\/11\/Podakovanie5-219x300.jpg\" alt=\"\" width=\"150\" height=\"206\" srcset=\"http:\/\/szss-nitra.sk\/wp-content\/uploads\/2015\/11\/Podakovanie5-219x300.jpg 219w, http:\/\/szss-nitra.sk\/wp-content\/uploads\/2015\/11\/Podakovanie5-746x1024.jpg 746w, http:\/\/szss-nitra.sk\/wp-content\/uploads\/2015\/11\/Podakovanie5-17x24.jpg 17w, http:\/\/szss-nitra.sk\/wp-content\/uploads\/2015\/11\/Podakovanie5-26x36.jpg 26w, http:\/\/szss-nitra.sk\/wp-content\/uploads\/2015\/11\/Podakovanie5-35x48.jpg 35w\" sizes=\"auto, (max-width: 150px) 100vw, 150px\" \/> <\/a>\u00a0 <a href=\"http:\/\/szss-nitra.sk\/wp-content\/uploads\/2024\/05\/podakovanie-rodicia-DS.jpg\"><img loading=\"lazy\" decoding=\"async\" class=\"alignnone wp-image-12296\" src=\"http:\/\/szss-nitra.sk\/wp-content\/uploads\/2024\/05\/podakovanie-rodicia-DS-212x300.jpg\" alt=\"\" width=\"146\" height=\"206\" srcset=\"http:\/\/szss-nitra.sk\/wp-content\/uploads\/2024\/05\/podakovanie-rodicia-DS-212x300.jpg 212w, http:\/\/szss-nitra.sk\/wp-content\/uploads\/2024\/05\/podakovanie-rodicia-DS-724x1024.jpg 724w, http:\/\/szss-nitra.sk\/wp-content\/uploads\/2024\/05\/podakovanie-rodicia-DS-768x1086.jpg 768w, http:\/\/szss-nitra.sk\/wp-content\/uploads\/2024\/05\/podakovanie-rodicia-DS-1086x1536.jpg 1086w, http:\/\/szss-nitra.sk\/wp-content\/uploads\/2024\/05\/podakovanie-rodicia-DS.jpg 1240w\" sizes=\"auto, (max-width: 146px) 100vw, 146px\" \/><\/a> <a href=\"http:\/\/szss-nitra.sk\/wp-content\/uploads\/2025\/02\/podakovanie-rodicia-TZP.jpg\"><img loading=\"lazy\" decoding=\"async\" class=\"alignnone wp-image-13847\" src=\"http:\/\/szss-nitra.sk\/wp-content\/uploads\/2025\/02\/podakovanie-rodicia-TZP-212x300.jpg\" alt=\"\" width=\"146\" height=\"206\" srcset=\"http:\/\/szss-nitra.sk\/wp-content\/uploads\/2025\/02\/podakovanie-rodicia-TZP-212x300.jpg 212w, http:\/\/szss-nitra.sk\/wp-content\/uploads\/2025\/02\/podakovanie-rodicia-TZP-724x1024.jpg 724w, http:\/\/szss-nitra.sk\/wp-content\/uploads\/2025\/02\/podakovanie-rodicia-TZP-768x1086.jpg 768w, http:\/\/szss-nitra.sk\/wp-content\/uploads\/2025\/02\/podakovanie-rodicia-TZP-1086x1536.jpg 1086w, http:\/\/szss-nitra.sk\/wp-content\/uploads\/2025\/02\/podakovanie-rodicia-TZP.jpg 1240w\" sizes=\"auto, (max-width: 146px) 100vw, 146px\" \/><\/a><\/td>\n<\/tr>\n<\/tbody>\n<\/table>\n","protected":false},"excerpt":{"rendered":"<p>Rozvoj odborn\u00fdch \u010dinnost\u00ed Flexibiln\u00fd pr\u00edstup v soci\u00e1lnych slu\u017eb\u00e1ch Prep\u00e1janie soci\u00e1lnych slu\u017eieb Rozv\u00edjanie partnerstiev Prax \u0161tudentov Dobrovo\u013en\u00edcka \u010dinnos\u0165 Povedali o n\u00e1s . \u010eakovn\u00e9 listy \u00a0<\/p>\n","protected":false},"author":1,"featured_media":0,"parent":10477,"menu_order":0,"comment_status":"closed","ping_status":"closed","template":"","meta":{"footnotes":""},"class_list":["post-10891","page","type-page","status-publish","hentry"],"_links":{"self":[{"href":"http:\/\/szss-nitra.sk\/index.php?rest_route=\/wp\/v2\/pages\/10891","targetHints":{"allow":["GET"]}}],"collection":[{"href":"http:\/\/szss-nitra.sk\/index.php?rest_route=\/wp\/v2\/pages"}],"about":[{"href":"http:\/\/szss-nitra.sk\/index.php?rest_route=\/wp\/v2\/types\/page"}],"author":[{"embeddable":true,"href":"http:\/\/szss-nitra.sk\/index.php?rest_route=\/wp\/v2\/users\/1"}],"replies":[{"embeddable":true,"href":"http:\/\/szss-nitra.sk\/index.php?rest_route=%2Fwp%2Fv2%2Fcomments&post=10891"}],"version-history":[{"count":13,"href":"http:\/\/szss-nitra.sk\/index.php?rest_route=\/wp\/v2\/pages\/10891\/revisions"}],"predecessor-version":[{"id":16007,"href":"http:\/\/szss-nitra.sk\/index.php?rest_route=\/wp\/v2\/pages\/10891\/revisions\/16007"}],"up":[{"embeddable":true,"href":"http:\/\/szss-nitra.sk\/index.php?rest_route=\/wp\/v2\/pages\/10477"}],"wp:attachment":[{"href":"http:\/\/szss-nitra.sk\/index.php?rest_route=%2Fwp%2Fv2%2Fmedia&parent=10891"}],"curies":[{"name":"wp","href":"https:\/\/api.w.org\/{rel}","templated":true}]}}