{"id":10873,"date":"2023-11-02T22:34:46","date_gmt":"2023-11-02T20:34:46","guid":{"rendered":"https:\/\/szss-nitra.sk\/?page_id=10873"},"modified":"2025-09-11T01:53:43","modified_gmt":"2025-09-10T23:53:43","slug":"opatrovatelska-sluzba","status":"publish","type":"page","link":"http:\/\/szss-nitra.sk\/?page_id=10873","title":{"rendered":"Opatrovate\u013esk\u00e1 slu\u017eba"},"content":{"rendered":"<table style=\"border: none;\">\n<tbody>\n<tr>\n<td style=\"width: 30%; vertical-align: top;\"><a href=\"http:\/\/szss-nitra.sk\/?page_id=10644\">Poslanie, hodnoty a v\u00edzia<\/a><\/p>\n<p><a href=\"http:\/\/szss-nitra.sk\/?page_id=3219\">Kontakt<\/a><\/p>\n<p><a href=\"http:\/\/szss-nitra.sk\/?page_id=3222\">Ako vybavi\u0165<\/a><\/p>\n<p><a href=\"http:\/\/szss-nitra.sk\/?page_id=3224\">\u00dakony opatrovate\u013eskej slu\u017eby<\/a><\/p>\n<p><a href=\"http:\/\/szss-nitra.sk\/?page_id=4191\">Legislat\u00edva<\/a><\/p>\n<p><a href=\"http:\/\/szss-nitra.sk\/?page_id=3226\">\u010cas poskytovania slu\u017eby<\/a><\/p>\n<p><a href=\"http:\/\/szss-nitra.sk\/?page_id=9022\">Evidencia \u017eiadate\u013eov<\/a><\/p>\n<p><a href=\"http:\/\/szss-nitra.sk\/?page_id=3228\">Cenn\u00edk<\/a><\/p>\n<p><a href=\"http:\/\/szss-nitra.sk\/?page_id=3230\">Domy s opatrovate\u013eskou slu\u017ebou<\/a><\/p>\n<p><a href=\"http:\/\/szss-nitra.sk\/?page_id=3232\">Sp\u00e4tn\u00e1 v\u00e4zba<\/a><\/p>\n<p><strong><span style=\"color: #000000;\"><a style=\"color: #000000;\" href=\"http:\/\/szss-nitra.sk\/?page_id=10873\">Podpora zamestnancov<\/a><\/span><\/strong><\/p>\n<p><img loading=\"lazy\" decoding=\"async\" class=\"alignnone size-full wp-image-10642\" src=\"http:\/\/szss-nitra.sk\/wp-content\/uploads\/2023\/11\/menu_ico_TOS4.png\" alt=\"\" width=\"160\" height=\"130\"><\/td>\n<td><span style=\"color: #ffffff;\">.<\/span><\/td>\n<td style=\"vertical-align: top;\">\n<p style=\"text-align: justify;\">Spr\u00e1va zariaden\u00ed soci\u00e1lnych slu\u017eieb, \u00fasek soci\u00e1lnych slu\u017eieb Bani\u010dova a Olympia venuje pozornos\u0165 potreb\u00e1m zamestnancov vytv\u00e1raj\u00fac okrem in\u00e9ho aj podmienky pre profesion\u00e1lny a osobnostn\u00fd rozvoj formou \u00fa\u010dasti zamestnancov na odborn\u00fdch \u0161koleniach a superv\u00edzi\u00ed.<\/p>\n<p style=\"text-align: justify;\">\u00dasek soci\u00e1lnych slu\u017eieb Bani\u010dova a Olympia pravidelne realizuje pre opatrovate\u013eky\/opatrovate\u013eov dom\u00e1cej opatrovate\u013eskej slu\u017eby intern\u00e9 \u0161kolenia na vybran\u00e9 t\u00e9my s\u00favisiace s aplika\u010dnou praxou.<\/p>\n<p style=\"text-align: justify;\">Zamestnanci s\u00fa podporovan\u00ed v ich podnetoch, nako\u013eko predstavuj\u00fa jeden z cenn\u00fdch zdrojov neust\u00e1leho zvy\u0161ovania kvality poskytovanej soci\u00e1lnej slu\u017eby.<\/p>\n<p style=\"text-align: justify;\"><strong>\u0160kolenie opatrovateliek<\/strong><br \/>\nD\u0148a 25.okt\u00f3bra 2023 sa uskuto\u010dnilo intern\u00e9 \u0161kolenie opatrovateliek a opatrovate\u013eov dom\u00e1cej opatrovate\u013eskej slu\u017eby. \u0160kolenie realizovala PhDr. Silvia Lu\u017e\u00e1kov\u00e1, ved\u00faca \u00faseku soci\u00e1lnych slu\u017eieb Bani\u010dova a Olympia, ktor\u00e1 zamestnancom hovorila o kvalite poskytovanej opatrovate\u013eskej slu\u017eby v s\u00favislosti s jednotliv\u00fdmi krit\u00e9riami \u0161tandardov kvality poskytovanej soci\u00e1lnej slu\u017eby a ich aplik\u00e1cii v praxi.<\/p>\n<p><a href=\"http:\/\/szss-nitra.sk\/wp-content\/uploads\/2023\/11\/skolenie_opatr.jpeg\"><img loading=\"lazy\" decoding=\"async\" class=\"size-thumbnail wp-image-11002 aligncenter\" src=\"http:\/\/szss-nitra.sk\/wp-content\/uploads\/2023\/11\/skolenie_opatr-100x100.jpeg\" alt=\"\" width=\"100\" height=\"100\"><\/a><\/td>\n<\/tr>\n<\/tbody>\n<\/table>\n","protected":false},"excerpt":{"rendered":"<p>Poslanie, hodnoty a v\u00edzia Kontakt Ako vybavi\u0165 \u00dakony opatrovate\u013eskej slu\u017eby Legislat\u00edva \u010cas poskytovania slu\u017eby Evidencia \u017eiadate\u013eov Cenn\u00edk Domy s opatrovate\u013eskou slu\u017ebou Sp\u00e4tn\u00e1 v\u00e4zba Podpora zamestnancov . Spr\u00e1va zariaden\u00ed soci\u00e1lnych slu\u017eieb, \u00fasek soci\u00e1lnych slu\u017eieb Bani\u010dova a Olympia venuje pozornos\u0165 potreb\u00e1m zamestnancov vytv\u00e1raj\u00fac okrem in\u00e9ho aj podmienky pre profesion\u00e1lny a osobnostn\u00fd rozvoj formou \u00fa\u010dasti zamestnancov na odborn\u00fdch [&hellip;]<\/p>\n","protected":false},"author":1,"featured_media":0,"parent":3203,"menu_order":0,"comment_status":"closed","ping_status":"closed","template":"","meta":{"footnotes":""},"class_list":["post-10873","page","type-page","status-publish","hentry"],"_links":{"self":[{"href":"http:\/\/szss-nitra.sk\/index.php?rest_route=\/wp\/v2\/pages\/10873","targetHints":{"allow":["GET"]}}],"collection":[{"href":"http:\/\/szss-nitra.sk\/index.php?rest_route=\/wp\/v2\/pages"}],"about":[{"href":"http:\/\/szss-nitra.sk\/index.php?rest_route=\/wp\/v2\/types\/page"}],"author":[{"embeddable":true,"href":"http:\/\/szss-nitra.sk\/index.php?rest_route=\/wp\/v2\/users\/1"}],"replies":[{"embeddable":true,"href":"http:\/\/szss-nitra.sk\/index.php?rest_route=%2Fwp%2Fv2%2Fcomments&post=10873"}],"version-history":[{"count":5,"href":"http:\/\/szss-nitra.sk\/index.php?rest_route=\/wp\/v2\/pages\/10873\/revisions"}],"predecessor-version":[{"id":15061,"href":"http:\/\/szss-nitra.sk\/index.php?rest_route=\/wp\/v2\/pages\/10873\/revisions\/15061"}],"up":[{"embeddable":true,"href":"http:\/\/szss-nitra.sk\/index.php?rest_route=\/wp\/v2\/pages\/3203"}],"wp:attachment":[{"href":"http:\/\/szss-nitra.sk\/index.php?rest_route=%2Fwp%2Fv2%2Fmedia&parent=10873"}],"curies":[{"name":"wp","href":"https:\/\/api.w.org\/{rel}","templated":true}]}}