{"id":10845,"date":"2023-11-02T21:57:44","date_gmt":"2023-11-02T19:57:44","guid":{"rendered":"https:\/\/szss-nitra.sk\/?page_id=10845"},"modified":"2023-11-25T02:27:07","modified_gmt":"2023-11-25T00:27:07","slug":"denny-stacionar-9","status":"publish","type":"page","link":"http:\/\/szss-nitra.sk\/?page_id=10845","title":{"rendered":"Denn\u00fd stacion\u00e1r"},"content":{"rendered":"<table style=\"border: none;\">\n<tbody>\n<tr>\n<td style=\"width: 30%; vertical-align: top;\"><a href=\"http:\/\/szss-nitra.sk\/?page_id=10488\">Poslanie, hodnoty a v\u00edzia<\/a><\/p>\n<p><a href=\"http:\/\/szss-nitra.sk\/?page_id=3819\">Kontakt<\/a><\/p>\n<p><a href=\"http:\/\/szss-nitra.sk\/?page_id=3821\">Ako vybavi\u0165<\/a><\/p>\n<p><a href=\"http:\/\/szss-nitra.sk\/?page_id=3820\">Komu poskytujeme<\/a><\/p>\n<p><a href=\"http:\/\/szss-nitra.sk\/?page_id=3822\">Komu nemo\u017eno poskytova\u0165<\/a><\/p>\n<p><a href=\"http:\/\/szss-nitra.sk\/?page_id=3840\">Legislat\u00edva<\/a><\/p>\n<p><a href=\"http:\/\/szss-nitra.sk\/?page_id=3828\">\u010cas poskytovania<\/a><\/p>\n<p><a href=\"http:\/\/szss-nitra.sk\/?page_id=3829\">Cenn\u00edk<\/a><\/p>\n<p><a href=\"http:\/\/szss-nitra.sk\/?page_id=3832\">Evidencia \u017eiadate\u013eov<\/a><\/p>\n<p><a href=\"http:\/\/szss-nitra.sk\/?page_id=3833\">\u010co poskytujeme<\/a><\/p>\n<p><a href=\"http:\/\/szss-nitra.sk\/?page_id=10218\">Podujatia a \u010dinnosti<\/a><\/p>\n<p><a href=\"http:\/\/szss-nitra.sk\/?page_id=3835\">Fotogal\u00e9ria<\/a><\/p>\n<p><span style=\"color: #000000;\"><strong><a style=\"color: #000000;\" href=\"http:\/\/szss-nitra.sk\/?page_id=10845\">Podpora zamestnancov<\/a><\/strong><\/span><\/p>\n<p><img loading=\"lazy\" decoding=\"async\" class=\"alignnone size-full wp-image-11087\" src=\"http:\/\/szss-nitra.sk\/wp-content\/uploads\/2023\/11\/menu_ico_DS2.png\" alt=\"\" width=\"125\" height=\"140\"><\/td>\n<td><span style=\"color: #ffffff;\">.<\/span><\/td>\n<td style=\"vertical-align: top; text-align: center;\">\n<p style=\"text-align: justify;\">Spr\u00e1va zariaden\u00ed soci\u00e1lnych slu\u017eieb, \u00fasek soci\u00e1lnych slu\u017eieb Bani\u010dova a Olympia venuje pozornos\u0165 potreb\u00e1m zamestnancov vytv\u00e1raj\u00fac okrem in\u00e9ho aj podmienky pre profesion\u00e1lny a osobnostn\u00fd rozvoj formou \u00fa\u010dasti zamestnancov na odborn\u00fdch \u0161koleniach.<\/p>\n<p style=\"text-align: justify;\">Zamestnanci s\u00fa podporovan\u00ed v ich tvorivosti, n\u00e1padoch a podnetoch, nako\u013eko predstavuj\u00fa jeden z cenn\u00fdch zdrojov neust\u00e1leho zvy\u0161ovania kvality poskytovanej soci\u00e1lnej slu\u017eby.<\/p>\n<p style=\"text-align: justify;\">Pre posil\u0148ovanie vz\u00e1jomn\u00fdch v\u00e4zieb medzi kolegami, pre pr\u00e1cu v priate\u013eskej atmosf\u00e9re a aj za \u00fa\u010delom predch\u00e1dzania syndr\u00f3mu vyhorenia u zamestnancov s\u00fa organizovan\u00e9 stretnutia pracovn\u00edkov denn\u00fdch stacion\u00e1rov \u2013 \u201eteambuildingy\u201c, v r\u00e1mci ktor\u00fdch sa zamestnanci nielen vz\u00e1jomne lep\u0161ie spozn\u00e1vaj\u00fa a tr\u00e1via spolu \u010das inak, ale sa aj vz\u00e1jomne in\u0161piruj\u00fa v pr\u00e1ci s prij\u00edmate\u013emi soci\u00e1lnych slu\u017eieb v denn\u00fdch stacion\u00e1roch.<\/p>\n<p style=\"text-align: center;\"><video controls=\"controls\" width=\"245\" height=\"437\"><source src=\"http:\/\/www.szss-nitra.sk\/wp-content\/video\/teambuilding_ussbao.mp4\" type=\"video\/mp4\"><source src=\"movie.ogg\" type=\"video\/ogg\">Video nie je podporovan\u00e9.<\/video><\/p>\n<p><a href=\"https:\/\/szss-nitra.sk\/?p=10153\">Viac v \u010dl\u00e1nku: Teambuilding &#8211; denn\u00e9 stacion\u00e1re<\/a><\/td>\n<\/tr>\n<\/tbody>\n<\/table>\n","protected":false},"excerpt":{"rendered":"<p>Poslanie, hodnoty a v\u00edzia Kontakt Ako vybavi\u0165 Komu poskytujeme Komu nemo\u017eno poskytova\u0165 Legislat\u00edva \u010cas poskytovania Cenn\u00edk Evidencia \u017eiadate\u013eov \u010co poskytujeme Podujatia a \u010dinnosti Fotogal\u00e9ria Podpora zamestnancov . Spr\u00e1va zariaden\u00ed soci\u00e1lnych slu\u017eieb, \u00fasek soci\u00e1lnych slu\u017eieb Bani\u010dova a Olympia venuje pozornos\u0165 potreb\u00e1m zamestnancov vytv\u00e1raj\u00fac okrem in\u00e9ho aj podmienky pre profesion\u00e1lny a osobnostn\u00fd rozvoj formou \u00fa\u010dasti zamestnancov na [&hellip;]<\/p>\n","protected":false},"author":1,"featured_media":0,"parent":3818,"menu_order":0,"comment_status":"closed","ping_status":"closed","template":"","meta":{"footnotes":""},"class_list":["post-10845","page","type-page","status-publish","hentry"],"_links":{"self":[{"href":"http:\/\/szss-nitra.sk\/index.php?rest_route=\/wp\/v2\/pages\/10845","targetHints":{"allow":["GET"]}}],"collection":[{"href":"http:\/\/szss-nitra.sk\/index.php?rest_route=\/wp\/v2\/pages"}],"about":[{"href":"http:\/\/szss-nitra.sk\/index.php?rest_route=\/wp\/v2\/types\/page"}],"author":[{"embeddable":true,"href":"http:\/\/szss-nitra.sk\/index.php?rest_route=\/wp\/v2\/users\/1"}],"replies":[{"embeddable":true,"href":"http:\/\/szss-nitra.sk\/index.php?rest_route=%2Fwp%2Fv2%2Fcomments&post=10845"}],"version-history":[{"count":6,"href":"http:\/\/szss-nitra.sk\/index.php?rest_route=\/wp\/v2\/pages\/10845\/revisions"}],"predecessor-version":[{"id":11297,"href":"http:\/\/szss-nitra.sk\/index.php?rest_route=\/wp\/v2\/pages\/10845\/revisions\/11297"}],"up":[{"embeddable":true,"href":"http:\/\/szss-nitra.sk\/index.php?rest_route=\/wp\/v2\/pages\/3818"}],"wp:attachment":[{"href":"http:\/\/szss-nitra.sk\/index.php?rest_route=%2Fwp%2Fv2%2Fmedia&parent=10845"}],"curies":[{"name":"wp","href":"https:\/\/api.w.org\/{rel}","templated":true}]}}