{"id":10488,"date":"2023-10-16T23:51:43","date_gmt":"2023-10-16T21:51:43","guid":{"rendered":"https:\/\/szss-nitra.sk\/?page_id=10488"},"modified":"2023-11-25T02:24:49","modified_gmt":"2023-11-25T00:24:49","slug":"denny-stacionar-8","status":"publish","type":"page","link":"http:\/\/szss-nitra.sk\/?page_id=10488","title":{"rendered":"Denn\u00fd stacion\u00e1r"},"content":{"rendered":"<table style=\"border: none;\">\n<tbody>\n<tr>\n<td style=\"width: 30%; vertical-align: top;\"><span style=\"color: #000000;\"><strong><a style=\"color: #000000;\" href=\"http:\/\/szss-nitra.sk\/?page_id=10488\">Poslanie, hodnoty a v\u00edzia<\/a><\/strong><\/span><\/p>\n<p><a href=\"http:\/\/szss-nitra.sk\/?page_id=3819\">Kontakt<\/a><\/p>\n<p><a href=\"http:\/\/szss-nitra.sk\/?page_id=3821\">Ako vybavi\u0165<\/a><\/p>\n<p><a href=\"http:\/\/szss-nitra.sk\/?page_id=3820\">Komu poskytujeme<\/a><\/p>\n<p><a href=\"http:\/\/szss-nitra.sk\/?page_id=3822\">Komu nemo\u017eno poskytova\u0165<\/a><\/p>\n<p><a href=\"http:\/\/szss-nitra.sk\/?page_id=3840\">Legislat\u00edva<\/a><\/p>\n<p><a href=\"http:\/\/szss-nitra.sk\/?page_id=3828\">\u010cas poskytovania<\/a><\/p>\n<p><a href=\"http:\/\/szss-nitra.sk\/?page_id=3829\">Cenn\u00edk<\/a><\/p>\n<p><a href=\"http:\/\/szss-nitra.sk\/?page_id=3832\">Evidencia \u017eiadate\u013eov<\/a><\/p>\n<p><a href=\"http:\/\/szss-nitra.sk\/?page_id=3833\">\u010co poskytujeme<\/a><\/p>\n<p><a href=\"http:\/\/szss-nitra.sk\/?page_id=10218\">Podujatia a \u010dinnosti<\/a><\/p>\n<p><a href=\"http:\/\/szss-nitra.sk\/?page_id=3835\">Fotogal\u00e9ria<\/a><\/p>\n<p><a href=\"http:\/\/szss-nitra.sk\/?page_id=10845\">Podpora zamestnancov<\/a><\/p>\n<p><img loading=\"lazy\" decoding=\"async\" class=\"alignnone size-full wp-image-11087\" src=\"http:\/\/szss-nitra.sk\/wp-content\/uploads\/2023\/11\/menu_ico_DS2.png\" alt=\"\" width=\"125\" height=\"140\"><\/td>\n<td><span style=\"color: #ffffff;\">.<\/span><\/td>\n<td style=\"vertical-align: top; text-align: jusify;\">\n<p style=\"text-align: justify;\">Ambulantn\u00e1 soci\u00e1lna slu\u017eba vytv\u00e1ra priestor pre op\u00e4tovn\u00e9 za\u010dlenenie sa do spolo\u010dnosti v chr\u00e1nenom a bezpe\u010dnom prostred\u00ed. <strong>Poslan\u00edm denn\u00e9ho stacion\u00e1ra<\/strong> je umo\u017eni\u0165 \u013eu\u010fom, ktor\u00ed s\u00fa odk\u00e1zan\u00ed na pomoc inej fyzickej osoby zosta\u0165 rovnocenn\u00fdmi \u010dlenmi spolo\u010dnosti, aby pre\u017eili svoj \u017eivot v prirodzenom prostred\u00ed a aby ich rodiny zostali funk\u010dn\u00e9. Je d\u00f4le\u017eit\u00e9 zv\u00fd\u0161i\u0165 otvorenos\u0165 zariadenia vo\u010di extern\u00e9mu prostrediu, aby pri\u0161lo k roz\u0161\u00edreniu povedomia verejnosti o \u017eivotnom priestore prij\u00edmate\u013eov soci\u00e1lnej slu\u017eby, \u010d\u00edm n\u00e1sledne d\u00f4jde k prieniku inform\u00e1cii medzi majoritnou a minoritnou spolo\u010dnos\u0165ou. <strong>Poskytovan\u00edm soci\u00e1lnej slu\u017eby v dennom stacion\u00e1ri chceme by\u0165 z\u00e1rukou istoty a pomoci t\u00fdm najzranite\u013enej\u0161\u00edm.<\/strong><\/p>\n<p style=\"text-align: justify;\">Denn\u00e9 stacion\u00e1re prev\u00e1dzkovan\u00e9 Spr\u00e1vou zariaden\u00ed soci\u00e1lnych slu\u017eieb svoj\u00edm vybaven\u00edm podporuj\u00fa rozvoj a realiz\u00e1ciu r\u00f4znych druhov odborn\u00fdch aktiv\u00edt a z\u00e1ujmovej \u010dinnosti. Poskytovate\u013e soci\u00e1lnej slu\u017eby v dennom stacion\u00e1ri sa sna\u017e\u00ed vytvori\u0165 tak\u00fd priestor, aby poskytol prij\u00edmate\u013eovi soci\u00e1lnej slu\u017eby potrebn\u00fa podporu a re\u0161pektoval jeho preferencie a \u017eelania, z\u00e1rove\u0148 plne re\u0161pektuje pr\u00e1vo prij\u00edmate\u013ea soci\u00e1lnej slu\u017eby z\u00fa\u010dast\u0148ova\u0165 sa resp. nez\u00fa\u010dast\u0148ova\u0165 sa realizovan\u00fdch aktiv\u00edt na z\u00e1klade jeho slobodnej v\u00f4le a vlastn\u00e9ho rozhodnutia.<\/p>\n<p style=\"text-align: justify;\"><em>Pri poskytovan\u00ed soci\u00e1lnej slu\u017eby uplat\u0148ujeme tieto hodnoty:<\/em><\/p>\n<p><a href=\"http:\/\/szss-nitra.sk\/wp-content\/uploads\/2023\/10\/hodnoty_DS_schema_web.png\"><img loading=\"lazy\" decoding=\"async\" class=\"size-full wp-image-10489 aligncenter\" src=\"http:\/\/szss-nitra.sk\/wp-content\/uploads\/2023\/10\/hodnoty_DS_schema_web.png\" alt=\"\" width=\"640\" height=\"640\" srcset=\"http:\/\/szss-nitra.sk\/wp-content\/uploads\/2023\/10\/hodnoty_DS_schema_web.png 640w, http:\/\/szss-nitra.sk\/wp-content\/uploads\/2023\/10\/hodnoty_DS_schema_web-300x300.png 300w, http:\/\/szss-nitra.sk\/wp-content\/uploads\/2023\/10\/hodnoty_DS_schema_web-100x100.png 100w\" sizes=\"auto, (max-width: 640px) 100vw, 640px\" \/><\/a><\/p>\n<p style=\"text-align: justify;\">Hodnota je v\u0161eobecn\u00fd pojem pre v\u0161etko, \u010do si cen\u00edme, v\u00e1\u017eime, \u010do pova\u017eujeme za d\u00f4le\u017eit\u00e9 a v\u00fdznamn\u00e9 pre \u010dloveka. Z h\u013eadiska pom\u00e1haj\u00facich profesi\u00ed patria hodnoty medzi z\u00e1kladn\u00e9 piliere, na ktor\u00e9 sa pri pomoci in\u00fdm m\u00f4\u017eeme odvola\u0165.<\/p>\n<p style=\"text-align: justify;\"><strong>Na\u0161ou v\u00edziou<\/strong> je sprev\u00e1dza\u0165 prij\u00edmate\u013eov soci\u00e1lnej slu\u017eby v dennom stacion\u00e1ri tak, aby sa ka\u017ed\u00fd z nich s na\u0161ou \u013eudskou a odbornou podporou akt\u00edvne podie\u013eal na rozvoji svojich individu\u00e1lnych schopnost\u00ed, zru\u010dnost\u00ed, vedomost\u00ed a samostatnosti a aby sa pod\u013ea svojich \u0161pecifick\u00fdch danost\u00ed \u010do najviac zapojil do prirodzen\u00e9ho \u017eivota v spolo\u010dnosti.<\/p>\n<p style=\"text-align: justify;\">S\u00fa\u010das\u0165ou tejto v\u00edzie, na ktorej sa podie\u013eali aj prij\u00edmatelia soci\u00e1lnej slu\u017eby a ich rodinn\u00ed pr\u00edslu\u0161n\u00edci, je tie\u017e rozvoj a aplik\u00e1cia nov\u00fdch odborn\u00fdch met\u00f3d v poskytovan\u00ed soci\u00e1lnej slu\u017eby podporuj\u00facich soci\u00e1lne za\u010dle\u0148ovanie prij\u00edmate\u013eov soci\u00e1lnej slu\u017eby za s\u00fa\u010dasn\u00e9ho vytv\u00e1rania stimuluj\u00faceho a podporuj\u00faceho prostredia vr\u00e1tane materi\u00e1lneho a interi\u00e9rov\u00e9ho vybavenia denn\u00e9ho stacion\u00e1ra pre zvy\u0161ovanie osobn\u00e9ho komfortu prij\u00edmate\u013eov soci\u00e1lnej slu\u017eby a v neposlednom rade aj rozv\u00edjanie spolupracuj\u00facich partnerstiev a zv\u00fd\u0161enie po\u010dtu person\u00e1lu pre vytvorenie v\u00e4\u010d\u0161ieho priestoru na individu\u00e1lnu pr\u00e1cu s prij\u00edmate\u013eom soci\u00e1lnej slu\u017eby.<\/p>\n<p><em>A takto to cel\u00e9 vznikalo&#8230;<\/em><\/p>\n<p style=\"text-align: center;\"><a href=\"http:\/\/szss-nitra.sk\/wp-content\/uploads\/2023\/10\/20230614_111903.jpg\"><img loading=\"lazy\" decoding=\"async\" class=\"alignnone size-thumbnail wp-image-10585\" src=\"http:\/\/szss-nitra.sk\/wp-content\/uploads\/2023\/10\/20230614_111903-100x100.jpg\" alt=\"\" width=\"80\" height=\"80\"><\/a> <a href=\"http:\/\/szss-nitra.sk\/wp-content\/uploads\/2023\/10\/20230614_115221.jpg\"><img loading=\"lazy\" decoding=\"async\" class=\"alignnone size-thumbnail wp-image-10586\" src=\"http:\/\/szss-nitra.sk\/wp-content\/uploads\/2023\/10\/20230614_115221-100x100.jpg\" alt=\"\" width=\"80\" height=\"80\"><\/a> <a href=\"http:\/\/szss-nitra.sk\/wp-content\/uploads\/2023\/10\/20230614_115252.jpg\"><img loading=\"lazy\" decoding=\"async\" class=\"alignnone size-thumbnail wp-image-10587\" src=\"http:\/\/szss-nitra.sk\/wp-content\/uploads\/2023\/10\/20230614_115252-100x100.jpg\" alt=\"\" width=\"80\" height=\"80\"><\/a> <a href=\"http:\/\/szss-nitra.sk\/wp-content\/uploads\/2023\/10\/20230614_115544.jpg\"><img loading=\"lazy\" decoding=\"async\" class=\"alignnone size-thumbnail wp-image-10589\" src=\"http:\/\/szss-nitra.sk\/wp-content\/uploads\/2023\/10\/20230614_115544-100x100.jpg\" alt=\"\" width=\"80\" height=\"80\"><\/a> <a href=\"http:\/\/szss-nitra.sk\/wp-content\/uploads\/2023\/10\/20230614_115521.jpg\"><img loading=\"lazy\" decoding=\"async\" class=\"alignnone size-thumbnail wp-image-10588\" src=\"http:\/\/szss-nitra.sk\/wp-content\/uploads\/2023\/10\/20230614_115521-100x100.jpg\" alt=\"\" width=\"80\" height=\"80\"><\/a><\/p>\n<p style=\"text-align: center;\"><a href=\"http:\/\/szss-nitra.sk\/wp-content\/uploads\/2023\/10\/IMG_7341.jpg\"><img loading=\"lazy\" decoding=\"async\" class=\"alignnone size-thumbnail wp-image-10590\" src=\"http:\/\/szss-nitra.sk\/wp-content\/uploads\/2023\/10\/IMG_7341-100x100.jpg\" alt=\"\" width=\"80\" height=\"80\"><\/a> <a href=\"http:\/\/szss-nitra.sk\/wp-content\/uploads\/2023\/10\/IMG_7343-1.jpg\"><img loading=\"lazy\" decoding=\"async\" class=\"alignnone size-thumbnail wp-image-10591\" src=\"http:\/\/szss-nitra.sk\/wp-content\/uploads\/2023\/10\/IMG_7343-1-100x100.jpg\" alt=\"\" width=\"80\" height=\"80\"><\/a> <a href=\"http:\/\/szss-nitra.sk\/wp-content\/uploads\/2023\/10\/IMG_7345.jpg\"><img loading=\"lazy\" decoding=\"async\" class=\"alignnone size-thumbnail wp-image-10592\" src=\"http:\/\/szss-nitra.sk\/wp-content\/uploads\/2023\/10\/IMG_7345-100x100.jpg\" alt=\"\" width=\"80\" height=\"80\"><\/a><\/p>\n<p style=\"text-align: center;\"><a href=\"http:\/\/szss-nitra.sk\/wp-content\/uploads\/2023\/10\/20230704_102912.jpg\"><img loading=\"lazy\" decoding=\"async\" class=\"alignnone size-thumbnail wp-image-10622\" src=\"http:\/\/szss-nitra.sk\/wp-content\/uploads\/2023\/10\/20230704_102912-100x100.jpg\" alt=\"\" width=\"80\" height=\"80\"><\/a> <a href=\"http:\/\/szss-nitra.sk\/wp-content\/uploads\/2023\/10\/20230704_102451.jpg\"><img loading=\"lazy\" decoding=\"async\" class=\"alignnone size-thumbnail wp-image-10621\" src=\"http:\/\/szss-nitra.sk\/wp-content\/uploads\/2023\/10\/20230704_102451-100x100.jpg\" alt=\"\" width=\"80\" height=\"80\"><\/a><\/p>\n<p><img loading=\"lazy\" decoding=\"async\" class=\"size-full wp-image-10632 aligncenter\" src=\"http:\/\/szss-nitra.sk\/wp-content\/uploads\/2023\/10\/motyle_ico2.png\" alt=\"\" width=\"400\" height=\"200\" srcset=\"http:\/\/szss-nitra.sk\/wp-content\/uploads\/2023\/10\/motyle_ico2.png 400w, http:\/\/szss-nitra.sk\/wp-content\/uploads\/2023\/10\/motyle_ico2-300x150.png 300w\" sizes=\"auto, (max-width: 400px) 100vw, 400px\" \/><\/td>\n<\/tr>\n<\/tbody>\n<\/table>\n","protected":false},"excerpt":{"rendered":"<p>Poslanie, hodnoty a v\u00edzia Kontakt Ako vybavi\u0165 Komu poskytujeme Komu nemo\u017eno poskytova\u0165 Legislat\u00edva \u010cas poskytovania Cenn\u00edk Evidencia \u017eiadate\u013eov \u010co poskytujeme Podujatia a \u010dinnosti Fotogal\u00e9ria Podpora zamestnancov . Ambulantn\u00e1 soci\u00e1lna slu\u017eba vytv\u00e1ra priestor pre op\u00e4tovn\u00e9 za\u010dlenenie sa do spolo\u010dnosti v chr\u00e1nenom a bezpe\u010dnom prostred\u00ed. Poslan\u00edm denn\u00e9ho stacion\u00e1ra je umo\u017eni\u0165 \u013eu\u010fom, ktor\u00ed s\u00fa odk\u00e1zan\u00ed na pomoc inej [&hellip;]<\/p>\n","protected":false},"author":1,"featured_media":0,"parent":3818,"menu_order":0,"comment_status":"closed","ping_status":"closed","template":"","meta":{"footnotes":""},"class_list":["post-10488","page","type-page","status-publish","hentry"],"_links":{"self":[{"href":"http:\/\/szss-nitra.sk\/index.php?rest_route=\/wp\/v2\/pages\/10488","targetHints":{"allow":["GET"]}}],"collection":[{"href":"http:\/\/szss-nitra.sk\/index.php?rest_route=\/wp\/v2\/pages"}],"about":[{"href":"http:\/\/szss-nitra.sk\/index.php?rest_route=\/wp\/v2\/types\/page"}],"author":[{"embeddable":true,"href":"http:\/\/szss-nitra.sk\/index.php?rest_route=\/wp\/v2\/users\/1"}],"replies":[{"embeddable":true,"href":"http:\/\/szss-nitra.sk\/index.php?rest_route=%2Fwp%2Fv2%2Fcomments&post=10488"}],"version-history":[{"count":18,"href":"http:\/\/szss-nitra.sk\/index.php?rest_route=\/wp\/v2\/pages\/10488\/revisions"}],"predecessor-version":[{"id":11285,"href":"http:\/\/szss-nitra.sk\/index.php?rest_route=\/wp\/v2\/pages\/10488\/revisions\/11285"}],"up":[{"embeddable":true,"href":"http:\/\/szss-nitra.sk\/index.php?rest_route=\/wp\/v2\/pages\/3818"}],"wp:attachment":[{"href":"http:\/\/szss-nitra.sk\/index.php?rest_route=%2Fwp%2Fv2%2Fmedia&parent=10488"}],"curies":[{"name":"wp","href":"https:\/\/api.w.org\/{rel}","templated":true}]}}