{"id":10477,"date":"2023-10-16T15:10:52","date_gmt":"2023-10-16T13:10:52","guid":{"rendered":"http:\/\/szss-nitra.sk\/?page_id=10477"},"modified":"2024-05-21T14:30:23","modified_gmt":"2024-05-21T12:30:23","slug":"dobra-prax","status":"publish","type":"page","link":"http:\/\/szss-nitra.sk\/?page_id=10477","title":{"rendered":"Dobr\u00e1 prax"},"content":{"rendered":"<p>Pr\u00edklady dobrej praxe naprie\u010d soci\u00e1lnymi slu\u017ebami poskytovan\u00fdmi Spr\u00e1vou zariaden\u00ed soci\u00e1lnych slu\u017eieb:<\/p>\n<p>Zariadenie soci\u00e1lnych slu\u017eieb Zobor: <a href=\"https:\/\/szss-nitra.sk\/?page_id=12336\">https:\/\/szss-nitra.sk\/dobr\u00e1_prax_ZSS_Zobor<\/a><\/p>\n<p>Denn\u00fd stacion\u00e1r: <a href=\"https:\/\/szss-nitra.sk\/?page_id=10888\">https:\/\/szss-nitra.sk\/dobr\u00e1_prax_DS<\/a><\/p>\n<p>Opatrovate\u013esk\u00e1 slu\u017eba: <a href=\"https:\/\/szss-nitra.sk\/?page_id=11040\">https:\/\/szss-nitra.sk\/dobr\u00e1_prax_OS<\/a><\/p>\n<p>Denn\u00e9 centrum: <a href=\"https:\/\/szss-nitra.sk\/?page_id=11211\">https:\/\/szss-nitra.sk\/dobr\u00e1_prax_DC<\/a><\/p>\n<p>Prepravn\u00e1 slu\u017eba: <a href=\"https:\/\/szss-nitra.sk\/?page_id=11915\">https:\/\/szss-nitra.sk\/dobr\u00e1_prax_PS<\/a><\/p>\n","protected":false},"excerpt":{"rendered":"<p>Pr\u00edklady dobrej praxe naprie\u010d soci\u00e1lnymi slu\u017ebami poskytovan\u00fdmi Spr\u00e1vou zariaden\u00ed soci\u00e1lnych slu\u017eieb: Zariadenie soci\u00e1lnych slu\u017eieb Zobor: https:\/\/szss-nitra.sk\/dobr\u00e1_prax_ZSS_Zobor Denn\u00fd stacion\u00e1r: https:\/\/szss-nitra.sk\/dobr\u00e1_prax_DS Opatrovate\u013esk\u00e1 slu\u017eba: https:\/\/szss-nitra.sk\/dobr\u00e1_prax_OS Denn\u00e9 centrum: https:\/\/szss-nitra.sk\/dobr\u00e1_prax_DC Prepravn\u00e1 slu\u017eba: https:\/\/szss-nitra.sk\/dobr\u00e1_prax_PS<\/p>\n","protected":false},"author":1,"featured_media":0,"parent":0,"menu_order":0,"comment_status":"closed","ping_status":"closed","template":"","meta":{"footnotes":""},"class_list":["post-10477","page","type-page","status-publish","hentry"],"_links":{"self":[{"href":"http:\/\/szss-nitra.sk\/index.php?rest_route=\/wp\/v2\/pages\/10477","targetHints":{"allow":["GET"]}}],"collection":[{"href":"http:\/\/szss-nitra.sk\/index.php?rest_route=\/wp\/v2\/pages"}],"about":[{"href":"http:\/\/szss-nitra.sk\/index.php?rest_route=\/wp\/v2\/types\/page"}],"author":[{"embeddable":true,"href":"http:\/\/szss-nitra.sk\/index.php?rest_route=\/wp\/v2\/users\/1"}],"replies":[{"embeddable":true,"href":"http:\/\/szss-nitra.sk\/index.php?rest_route=%2Fwp%2Fv2%2Fcomments&post=10477"}],"version-history":[{"count":5,"href":"http:\/\/szss-nitra.sk\/index.php?rest_route=\/wp\/v2\/pages\/10477\/revisions"}],"predecessor-version":[{"id":12444,"href":"http:\/\/szss-nitra.sk\/index.php?rest_route=\/wp\/v2\/pages\/10477\/revisions\/12444"}],"wp:attachment":[{"href":"http:\/\/szss-nitra.sk\/index.php?rest_route=%2Fwp%2Fv2%2Fmedia&parent=10477"}],"curies":[{"name":"wp","href":"https:\/\/api.w.org\/{rel}","templated":true}]}}