{"id":10218,"date":"2023-08-18T15:06:20","date_gmt":"2023-08-18T13:06:20","guid":{"rendered":"http:\/\/szss-nitra.sk\/?page_id=10218"},"modified":"2026-04-07T13:24:01","modified_gmt":"2026-04-07T11:24:01","slug":"sprava-o-cinnosti","status":"publish","type":"page","link":"http:\/\/szss-nitra.sk\/?page_id=10218","title":{"rendered":"Denn\u00fd stacion\u00e1r"},"content":{"rendered":"<table style=\"border: none;\">\n<tbody>\n<tr>\n<td style=\"width: 30%; vertical-align: top;\"><a href=\"http:\/\/szss-nitra.sk\/?page_id=10488\">Poslanie, hodnoty a v\u00edzia<\/a><\/p>\n<p><a href=\"http:\/\/szss-nitra.sk\/?page_id=3819\">Kontakt<\/a><\/p>\n<p><a href=\"http:\/\/szss-nitra.sk\/?page_id=3821\">Ako vybavi\u0165<\/a><\/p>\n<p><a href=\"http:\/\/szss-nitra.sk\/?page_id=3820\">Komu poskytujeme<\/a><\/p>\n<p><a href=\"http:\/\/szss-nitra.sk\/?page_id=3822\">Komu nemo\u017eno poskytova\u0165<\/a><\/p>\n<p><a href=\"http:\/\/szss-nitra.sk\/?page_id=3840\">Legislat\u00edva<\/a><\/p>\n<p><a href=\"http:\/\/szss-nitra.sk\/?page_id=3828\">\u010cas poskytovania<\/a><\/p>\n<p><a href=\"http:\/\/szss-nitra.sk\/?page_id=3829\">Cenn\u00edk<\/a><\/p>\n<p><a href=\"http:\/\/szss-nitra.sk\/?page_id=3832\">Evidencia \u017eiadate\u013eov<\/a><\/p>\n<p><a href=\"http:\/\/szss-nitra.sk\/?page_id=3833\">\u010co poskytujeme<\/a><\/p>\n<p><strong><a href=\"http:\/\/szss-nitra.sk\/?page_id=10218\">Podujatia a \u010dinnosti<\/a><\/strong><\/p>\n<p><a href=\"http:\/\/szss-nitra.sk\/?page_id=3835\">Fotogal\u00e9ria<\/a><\/p>\n<p><a href=\"http:\/\/szss-nitra.sk\/?page_id=10845\">Podpora zamestnancov<\/a><\/p>\n<p><img loading=\"lazy\" decoding=\"async\" class=\"alignnone size-full wp-image-11087\" src=\"http:\/\/szss-nitra.sk\/wp-content\/uploads\/2023\/11\/menu_ico_DS2.png\" alt=\"\" width=\"125\" height=\"140\" \/><\/td>\n<td><span style=\"color: #ffffff;\">.<\/span><\/td>\n<td style=\"vertical-align: top;\"><em>Zauj\u00edma V\u00e1s, \u010do sa deje v dennom stacion\u00e1ri?<\/em><\/p>\n<p style=\"text-align: justify;\">Sledujte novinky a \u010dl\u00e1nky, ktor\u00e9 mapuj\u00fa ka\u017edodenn\u00fd \u017eivot v na\u0161ich denn\u00fdch stacion\u00e1roch, ako aj r\u00f4zne v\u00fdnimo\u010dn\u00e9 udalosti a zauj\u00edmav\u00e9 podujatia.<\/p>\n<h5><em>Denn\u00fd stacion\u00e1r pre seniorov<\/em><\/h5>\n<p><strong><img loading=\"lazy\" decoding=\"async\" class=\"alignnone  wp-image-11770\" src=\"http:\/\/szss-nitra.sk\/wp-content\/uploads\/2024\/02\/sipka_mini2.png\" alt=\"\" width=\"40\" height=\"25\" \/> \u010cl\u00e1nky a novinky: <a href=\"http:\/\/szss-nitra.sk\/?cat=14\">http:\/\/szss-nitra.sk\/novinky\/DS_seniori<\/a><\/strong><\/p>\n<h5><em>Denn\u00fd stacion\u00e1r pre osoby s \u0165a\u017ek\u00fdm zdravotn\u00fdm postihnut\u00edm<\/em><\/h5>\n<p><strong><img loading=\"lazy\" decoding=\"async\" class=\"alignnone size-full wp-image-11770\" src=\"http:\/\/szss-nitra.sk\/wp-content\/uploads\/2024\/02\/sipka_mini2.png\" alt=\"\" width=\"40\" height=\"25\" \/> \u010cl\u00e1nky a novinky: <a href=\"http:\/\/szss-nitra.sk\/?cat=16\">http:\/\/szss-nitra.sk\/novinky\/DS_\u0164ZP<\/a><\/strong><\/p>\n<h5><em>Denn\u00fd stacion\u00e1r pre osoby s poruchami autistick\u00e9ho spektra<\/em><\/h5>\n<p><strong><img loading=\"lazy\" decoding=\"async\" class=\"alignnone size-full wp-image-11770\" src=\"http:\/\/szss-nitra.sk\/wp-content\/uploads\/2024\/02\/sipka_mini2.png\" alt=\"\" width=\"40\" height=\"25\" \/> \u010cl\u00e1nky a novinky: <a href=\"http:\/\/szss-nitra.sk\/?cat=15\">http:\/\/szss-nitra.sk\/novinky\/DS_os_sPAS<\/a><\/strong><\/p>\n<p style=\"text-align: center;\"><em>Spr\u00e1vy o \u010dinnosti 2. polrok 2025<\/em><\/p>\n<p><img loading=\"lazy\" decoding=\"async\" class=\"wp-image-816 size-full\" src=\"http:\/\/szss-nitra.sk\/wp-content\/uploads\/2015\/08\/pdf1.png\" alt=\"\" width=\"30\" height=\"30\" \/><strong> <a href=\"http:\/\/szss-nitra.sk\/wp-content\/uploads\/2026\/04\/DS-Seniori-Sprava-o-cinnosti-za-II.-polrok-2025.pdf\" target=\"_blank\" rel=\"noopener\">Spr\u00e1va o \u010dinnosti &#8211; denn\u00fd stacion\u00e1r pre seniorov<\/a><\/strong><strong><br \/>\n<img loading=\"lazy\" decoding=\"async\" class=\"wp-image-816 size-full\" src=\"http:\/\/szss-nitra.sk\/wp-content\/uploads\/2015\/08\/pdf1.png\" alt=\"\" width=\"30\" height=\"30\" \/><strong> <a href=\"http:\/\/szss-nitra.sk\/wp-content\/uploads\/2026\/04\/Sprava-o-cinnosti-2.polrok-2025-DS-TZP.pdf\" target=\"_blank\" rel=\"noopener\">Spr\u00e1va o \u010dinnosti &#8211; denn\u00fd stacion\u00e1r pre osoby so zdravotn\u00fdm postihnut\u00edm<\/a><\/strong><strong><br \/>\n<img loading=\"lazy\" decoding=\"async\" class=\"wp-image-816 size-full\" src=\"http:\/\/szss-nitra.sk\/wp-content\/uploads\/2015\/08\/pdf1.png\" alt=\"\" width=\"30\" height=\"30\" \/><strong> <a href=\"http:\/\/szss-nitra.sk\/wp-content\/uploads\/2026\/04\/Sprava-o-cinnosti-PAS-za-II.-polrok-2025-a-vyhodnotenie-dobrovolnikov.pdf\" target=\"_blank\" rel=\"noopener\">Spr\u00e1va o \u010dinnosti &#8211; denn\u00fd stacion\u00e1r pre osoby s poruchami autistick\u00e9ho spektra<\/a><\/strong><\/strong><\/strong><\/p>\n<p style=\"text-align: center;\"><em>Spr\u00e1vy o \u010dinnosti 1. polrok 2025<\/em><\/p>\n<p><img loading=\"lazy\" decoding=\"async\" class=\"wp-image-816 size-full\" src=\"http:\/\/szss-nitra.sk\/wp-content\/uploads\/2015\/08\/pdf1.png\" alt=\"\" width=\"30\" height=\"30\" \/><strong> <a href=\"http:\/\/szss-nitra.sk\/wp-content\/uploads\/2025\/10\/Sprava-o-cinnosti-denneho-stacionara-I.-polrok-2025-seniori.pdf\" target=\"_blank\" rel=\"noopener\">Spr\u00e1va o \u010dinnosti &#8211; denn\u00fd stacion\u00e1r pre seniorov<\/a><\/strong><strong><br \/>\n<img loading=\"lazy\" decoding=\"async\" class=\"wp-image-816 size-full\" src=\"http:\/\/szss-nitra.sk\/wp-content\/uploads\/2015\/08\/pdf1.png\" alt=\"\" width=\"30\" height=\"30\" \/><strong> <a href=\"http:\/\/szss-nitra.sk\/wp-content\/uploads\/2025\/10\/Sprava-o-polrocnej-cinnosti-DS-TZP_01_06_2025.pdf\" target=\"_blank\" rel=\"noopener\">Spr\u00e1va o \u010dinnosti &#8211; denn\u00fd stacion\u00e1r pre osoby so zdravotn\u00fdm postihnut\u00edm<\/a><\/strong><strong><br \/>\n<img loading=\"lazy\" decoding=\"async\" class=\"wp-image-816 size-full\" src=\"http:\/\/szss-nitra.sk\/wp-content\/uploads\/2015\/08\/pdf1.png\" alt=\"\" width=\"30\" height=\"30\" \/><strong> <a href=\"http:\/\/szss-nitra.sk\/wp-content\/uploads\/2025\/10\/Sprava-o-cinnosti-DS-PAS-I.polrok2025.pdf\" target=\"_blank\" rel=\"noopener\">Spr\u00e1va o \u010dinnosti &#8211; denn\u00fd stacion\u00e1r pre osoby s poruchami autistick\u00e9ho spektra<\/a><\/strong><\/strong><\/strong><\/p>\n<h5><em>Spr\u00e1vy o \u010dinnosti z predo\u0161l\u00fdch obdob\u00ed<\/em><\/h5>\n<p><strong><img loading=\"lazy\" decoding=\"async\" class=\"alignnone  wp-image-11770\" src=\"http:\/\/szss-nitra.sk\/wp-content\/uploads\/2024\/02\/sipka_mini2.png\" alt=\"\" width=\"40\" height=\"25\" \/> Spr\u00e1vy o \u010dinnosti: <a href=\"https:\/\/szss-nitra.sk\/?page_id=15160\">http:\/\/szss-nitra.sk\/DS\/spr\u00e1vy_o_\u010dinnosti<\/a><\/strong><\/p>\n<p style=\"text-align: center;\"><a href=\"http:\/\/szss-nitra.sk\/wp-content\/uploads\/2013\/03\/obrazok-autisti.jpg\" target=\"_blank\" rel=\"noopener\"><img loading=\"lazy\" decoding=\"async\" class=\"aligncenter wp-image-774 size-medium\" src=\"http:\/\/szss-nitra.sk\/wp-content\/uploads\/2013\/03\/obrazok-autisti-300x206.jpg\" alt=\"obrazok autisti\" width=\"300\" height=\"206\" srcset=\"http:\/\/szss-nitra.sk\/wp-content\/uploads\/2013\/03\/obrazok-autisti-300x206.jpg 300w, http:\/\/szss-nitra.sk\/wp-content\/uploads\/2013\/03\/obrazok-autisti-1024x704.jpg 1024w\" sizes=\"auto, (max-width: 300px) 100vw, 300px\" \/><\/a><\/p>\n<p style=\"text-align: center;\">Autorka: Mi\u0161ka &#8211; klientka denn\u00e9ho stacion\u00e1ra pre autistov<\/p>\n<\/td>\n<\/tr>\n<\/tbody>\n<\/table>\n","protected":false},"excerpt":{"rendered":"<p>Poslanie, hodnoty a v\u00edzia Kontakt Ako vybavi\u0165 Komu poskytujeme Komu nemo\u017eno poskytova\u0165 Legislat\u00edva \u010cas poskytovania Cenn\u00edk Evidencia \u017eiadate\u013eov \u010co poskytujeme Podujatia a \u010dinnosti Fotogal\u00e9ria Podpora zamestnancov . Zauj\u00edma V\u00e1s, \u010do sa deje v dennom stacion\u00e1ri? Sledujte novinky a \u010dl\u00e1nky, ktor\u00e9 mapuj\u00fa ka\u017edodenn\u00fd \u017eivot v na\u0161ich denn\u00fdch stacion\u00e1roch, ako aj r\u00f4zne v\u00fdnimo\u010dn\u00e9 udalosti a zauj\u00edmav\u00e9 podujatia. [&hellip;]<\/p>\n","protected":false},"author":1,"featured_media":0,"parent":3818,"menu_order":0,"comment_status":"closed","ping_status":"closed","template":"","meta":{"footnotes":""},"class_list":["post-10218","page","type-page","status-publish","hentry"],"_links":{"self":[{"href":"http:\/\/szss-nitra.sk\/index.php?rest_route=\/wp\/v2\/pages\/10218","targetHints":{"allow":["GET"]}}],"collection":[{"href":"http:\/\/szss-nitra.sk\/index.php?rest_route=\/wp\/v2\/pages"}],"about":[{"href":"http:\/\/szss-nitra.sk\/index.php?rest_route=\/wp\/v2\/types\/page"}],"author":[{"embeddable":true,"href":"http:\/\/szss-nitra.sk\/index.php?rest_route=\/wp\/v2\/users\/1"}],"replies":[{"embeddable":true,"href":"http:\/\/szss-nitra.sk\/index.php?rest_route=%2Fwp%2Fv2%2Fcomments&post=10218"}],"version-history":[{"count":51,"href":"http:\/\/szss-nitra.sk\/index.php?rest_route=\/wp\/v2\/pages\/10218\/revisions"}],"predecessor-version":[{"id":16265,"href":"http:\/\/szss-nitra.sk\/index.php?rest_route=\/wp\/v2\/pages\/10218\/revisions\/16265"}],"up":[{"embeddable":true,"href":"http:\/\/szss-nitra.sk\/index.php?rest_route=\/wp\/v2\/pages\/3818"}],"wp:attachment":[{"href":"http:\/\/szss-nitra.sk\/index.php?rest_route=%2Fwp%2Fv2%2Fmedia&parent=10218"}],"curies":[{"name":"wp","href":"https:\/\/api.w.org\/{rel}","templated":true}]}}